{"id":46697,"date":"2022-08-10T21:29:16","date_gmt":"2022-08-10T19:29:16","guid":{"rendered":"https:\/\/diamant-strass-dmc.com\/perles-broderie\/100-reissverschlussbeutel-fuer-perlen-im-ueberschuss\/"},"modified":"2024-09-16T18:09:31","modified_gmt":"2024-09-16T16:09:31","slug":"zip-beutel-perlen-diamanten-auf-plus","status":"publish","type":"product","link":"https:\/\/diamant-strass-dmc.com\/de\/perles-broderie\/zip-beutel-perlen-diamanten-auf-plus\/","title":{"rendered":"Dicke Zip-Beutel f\u00fcr \u00fcbersch\u00fcssige Perlen"},"content":{"rendered":"<p>Dieses Set von <strong>Zip-Beuteln<\/strong> ist praktisch, um Ihre Perlen aufzubewahren oder <strong>\u00fcbersch\u00fcssige Diamantpainting-Perlen<\/strong> zu lagern.<br \/>\nDiese kleinen Beutel haben eine gut angepasste Gr\u00f6\u00dfe von <strong>4 x 6 cm<\/strong> (Nutzgr\u00f6\u00dfe, d.h. ohne Verschlussstreifen). <\/p>\n<p>Der Verschluss ist sehr zuverl\u00e4ssig und der <strong>Kunststoff ist dick<\/strong> (50 Mikron).<\/p>\n<p>Der Verschlussstreifen enth\u00e4lt ein zentrales Aufh\u00e4ngeloch mit einem Durchmesser von 6 mm.<\/p>\n","protected":false},"excerpt":{"rendered":"<p style=\"display:none;\">ok<\/p>\n","protected":false},"featured_media":35868,"template":"","meta":{"footnotes":""},"product_brand":[],"product_cat":[7278,7179],"class_list":{"0":"post-46697","1":"product","2":"type-product","3":"status-publish","4":"has-post-thumbnail","6":"product_cat-promo-de","7":"product_cat-zubehor","9":"first","10":"instock","11":"sale","12":"taxable","13":"shipping-taxable","14":"purchasable","15":"product-type-variable","16":"has-default-attributes"},"aioseo_notices":[],"_links":{"self":[{"href":"https:\/\/diamant-strass-dmc.com\/de\/wp-json\/wp\/v2\/product\/46697","targetHints":{"allow":["GET"]}}],"collection":[{"href":"https:\/\/diamant-strass-dmc.com\/de\/wp-json\/wp\/v2\/product"}],"about":[{"href":"https:\/\/diamant-strass-dmc.com\/de\/wp-json\/wp\/v2\/types\/product"}],"version-history":[{"count":7,"href":"https:\/\/diamant-strass-dmc.com\/de\/wp-json\/wp\/v2\/product\/46697\/revisions"}],"predecessor-version":[{"id":76838,"href":"https:\/\/diamant-strass-dmc.com\/de\/wp-json\/wp\/v2\/product\/46697\/revisions\/76838"}],"wp:featuredmedia":[{"embeddable":true,"href":"https:\/\/diamant-strass-dmc.com\/de\/wp-json\/wp\/v2\/media\/35868"}],"wp:attachment":[{"href":"https:\/\/diamant-strass-dmc.com\/de\/wp-json\/wp\/v2\/media?parent=46697"}],"wp:term":[{"taxonomy":"product_brand","embeddable":true,"href":"https:\/\/diamant-strass-dmc.com\/de\/wp-json\/wp\/v2\/product_brand?post=46697"},{"taxonomy":"product_cat","embeddable":true,"href":"https:\/\/diamant-strass-dmc.com\/de\/wp-json\/wp\/v2\/product_cat?post=46697"}],"curies":[{"name":"wp","href":"https:\/\/api.w.org\/{rel}","templated":true}]}}