{"id":46647,"date":"2022-07-27T03:09:55","date_gmt":"2022-07-27T01:09:55","guid":{"rendered":"https:\/\/diamant-strass-dmc.com\/perles-broderie\/standardstift-mit-7-diamantkopf\/"},"modified":"2024-10-19T02:30:31","modified_gmt":"2024-10-19T00:30:31","slug":"standard-stift-stickerei-diamant","status":"publish","type":"product","link":"https:\/\/diamant-strass-dmc.com\/de\/perles-broderie\/standard-stift-stickerei-diamant\/","title":{"rendered":"2er-Set Diamond-Painting-Stifte mit K\u00f6pfen und Griffen"},"content":{"rendered":"<p><strong>L\u00e4nge eines Stiftes: 12,6 cm.<\/strong><\/p>\n<p>Standard-Stifte sind mit jedem Standard-Griffst\u00fcck oder -Kopf kompatibel.<\/p>\n<p>Die Multi-Diamant-K\u00f6pfe dienen dazu, mehrere Perlen auf einmal zu fangen und zu legen. In diesem Set finden Sie einen Kopf f\u00fcr 3 Diamanten und einen f\u00fcr 9 Diamanten (zus\u00e4tzlich zu den beiden K\u00f6pfen f\u00fcr eine einzelne Perle). <\/p>\n<p>Die K\u00f6pfe sind halb-opak, d.h. sie sind lichtdurchl\u00e4ssig, aber nicht transparent. Es handelt sich um einen rauchwei\u00dfen Kunststoff. <\/p>\n","protected":false},"excerpt":{"rendered":"<p style=\"margin-bottom:0;\"><strong>Dieses Paket enth\u00e4lt :<\/strong><\/p>\n<ul>\n<li>1 rosa Stift + 1 roter Griff ;<\/li>\n<li>1 blauer Stift + 1 blauer Griff ;<\/li>\n<li>2 K\u00f6pfe f\u00fcr 1 Diamant ;<\/li>\n<li>1 Kopf f\u00fcr 3 Diamanten ;<\/li>\n<li>1 Kopf f\u00fcr 9 Diamanten.<\/li>\n<\/ul>\n","protected":false},"featured_media":79375,"template":"","meta":{"footnotes":""},"product_brand":[],"product_cat":[7278,7179],"class_list":{"0":"post-46647","1":"product","2":"type-product","3":"status-publish","4":"has-post-thumbnail","6":"product_cat-promo-de","7":"product_cat-zubehor","9":"first","10":"instock","11":"sale","12":"taxable","13":"shipping-taxable","14":"purchasable","15":"product-type-simple"},"aioseo_notices":[],"_links":{"self":[{"href":"https:\/\/diamant-strass-dmc.com\/de\/wp-json\/wp\/v2\/product\/46647","targetHints":{"allow":["GET"]}}],"collection":[{"href":"https:\/\/diamant-strass-dmc.com\/de\/wp-json\/wp\/v2\/product"}],"about":[{"href":"https:\/\/diamant-strass-dmc.com\/de\/wp-json\/wp\/v2\/types\/product"}],"version-history":[{"count":1,"href":"https:\/\/diamant-strass-dmc.com\/de\/wp-json\/wp\/v2\/product\/46647\/revisions"}],"predecessor-version":[{"id":79443,"href":"https:\/\/diamant-strass-dmc.com\/de\/wp-json\/wp\/v2\/product\/46647\/revisions\/79443"}],"wp:featuredmedia":[{"embeddable":true,"href":"https:\/\/diamant-strass-dmc.com\/de\/wp-json\/wp\/v2\/media\/79375"}],"wp:attachment":[{"href":"https:\/\/diamant-strass-dmc.com\/de\/wp-json\/wp\/v2\/media?parent=46647"}],"wp:term":[{"taxonomy":"product_brand","embeddable":true,"href":"https:\/\/diamant-strass-dmc.com\/de\/wp-json\/wp\/v2\/product_brand?post=46647"},{"taxonomy":"product_cat","embeddable":true,"href":"https:\/\/diamant-strass-dmc.com\/de\/wp-json\/wp\/v2\/product_cat?post=46647"}],"curies":[{"name":"wp","href":"https:\/\/api.w.org\/{rel}","templated":true}]}}