{"id":46534,"date":"2022-07-28T01:36:54","date_gmt":"2022-10-05T00:02:28","guid":{"rendered":"https:\/\/diamant-strass-dmc.com\/perles-broderie\/diamantstickerei-stiftkopf\/"},"modified":"2024-09-17T17:45:07","modified_gmt":"2024-09-17T15:45:07","slug":"tete-stylo-broderie-diamant","status":"publish","type":"product","link":"https:\/\/diamant-strass-dmc.com\/de\/perles-broderie\/tete-stylo-broderie-diamant\/","title":{"rendered":"Diamond-Painting-Stiftk\u00f6pfe"},"content":{"rendered":"<p>Das Foto zeigt alle verf\u00fcgbaren K\u00f6pfe, aber <strong>der Preis ist f\u00fcr einen Kopf<\/strong> und nicht f\u00fcr ein Set, <strong>es<\/strong> sei denn, Sie entscheiden sich <strong>f\u00fcr<\/strong> <strong><em>Alle K\u00f6pfe, au\u00dfer &#8222;A &#8211; Korrekturkopf&#8220;.<\/em><\/strong>In diesem Fall erhalten Sie alle 13 Multi-Diamant-K\u00f6pfe und den abgewinkelten 1-Diamant-Kopf (insgesamt 14 K\u00f6pfe).<\/p>\n<p>Erm\u00f6glicht das Anbringen von <strong>3 bis 15 Diamanten<\/strong> auf einmal, je nach Gr\u00f6\u00dfe des Kopfes (Zahl auf dem Foto). Diese Gr\u00f6\u00dfe ist unter &#8222;Kopftyp&#8220; auszuw\u00e4hlen.<\/p>\n<p>Wir bieten auch einen Kopf an, der es erm\u00f6glicht, nur einen Diamanten einzusetzen, und dessen Besonderheit darin besteht, dass er <strong>abgewinkelt<\/strong> ist, was eine <strong>bessere Ergonomie<\/strong> und Position des Stiftes bietet.<\/p>\n<p>Schlie\u00dflich bieten wir noch den <strong>&#8222;Korrekturkopf&#8220;<\/strong> an, der zwar keine Diamanten setzt, aber zwischen den Reihen eingef\u00fcgt wird, damit die Diamanten richtig ausgerichtet sind.<\/p>\n<p>Diese K\u00f6pfe passen auf alle Standard-Diamondpainting-Stifte, einschlie\u00dflich des rosafarbenen Basis-Stifts, der in den meisten Kits enthalten ist.<\/p>\n<style><!-- .woo-selected-variation-item-name, .woocommerce-product-details__short-description { display:none !important; } li.variable-item { line-height: 1em; } --><\/style>\n","protected":false},"excerpt":{"rendered":"<p>Diamond painting<\/p>\n","protected":false},"featured_media":69624,"template":"","meta":{"footnotes":""},"product_brand":[],"product_cat":[7179],"class_list":{"0":"post-46534","1":"product","2":"type-product","3":"status-publish","4":"has-post-thumbnail","6":"product_cat-zubehor","8":"first","9":"instock","10":"sale","11":"taxable","12":"shipping-taxable","13":"purchasable","14":"product-type-variable","15":"has-default-attributes"},"aioseo_notices":[],"_links":{"self":[{"href":"https:\/\/diamant-strass-dmc.com\/de\/wp-json\/wp\/v2\/product\/46534","targetHints":{"allow":["GET"]}}],"collection":[{"href":"https:\/\/diamant-strass-dmc.com\/de\/wp-json\/wp\/v2\/product"}],"about":[{"href":"https:\/\/diamant-strass-dmc.com\/de\/wp-json\/wp\/v2\/types\/product"}],"version-history":[{"count":11,"href":"https:\/\/diamant-strass-dmc.com\/de\/wp-json\/wp\/v2\/product\/46534\/revisions"}],"predecessor-version":[{"id":77581,"href":"https:\/\/diamant-strass-dmc.com\/de\/wp-json\/wp\/v2\/product\/46534\/revisions\/77581"}],"wp:featuredmedia":[{"embeddable":true,"href":"https:\/\/diamant-strass-dmc.com\/de\/wp-json\/wp\/v2\/media\/69624"}],"wp:attachment":[{"href":"https:\/\/diamant-strass-dmc.com\/de\/wp-json\/wp\/v2\/media?parent=46534"}],"wp:term":[{"taxonomy":"product_brand","embeddable":true,"href":"https:\/\/diamant-strass-dmc.com\/de\/wp-json\/wp\/v2\/product_brand?post=46534"},{"taxonomy":"product_cat","embeddable":true,"href":"https:\/\/diamant-strass-dmc.com\/de\/wp-json\/wp\/v2\/product_cat?post=46534"}],"curies":[{"name":"wp","href":"https:\/\/api.w.org\/{rel}","templated":true}]}}