{"id":46374,"date":"2022-09-07T02:33:03","date_gmt":"2022-09-07T00:33:03","guid":{"rendered":"https:\/\/diamant-strass-dmc.com\/perles-broderie\/einzigartiger-stift-6-koepfe\/"},"modified":"2024-09-17T17:18:16","modified_gmt":"2024-09-17T15:18:16","slug":"kunststift-diamond-painting-stickerei-diamant","status":"publish","type":"product","link":"https:\/\/diamant-strass-dmc.com\/de\/perles-broderie\/kunststift-diamond-painting-stickerei-diamant\/","title":{"rendered":"Einzigartiger Stift + 6 K\u00f6pfe f\u00fcr Diamond Painting"},"content":{"rendered":"<p>Jedes Set enth\u00e4lt <strong>1 Stift<\/strong> (blau oder fuchsienrosa) sowie <strong>6 K\u00f6pfe<\/strong>, davon <strong>4 flache<\/strong> (f\u00fcr 1, 3, 6 und 9 Diamanten), <strong>1 abgewinkelter<\/strong> (f\u00fcr 1 Diamanten) und <strong>1 korrigierender<\/strong> (um die Diamanten auszurichten).<\/p>\n<p>Warum ist dieser Stift <strong>einzigartig<\/strong>? Weil <strong>die Linien nie gleich sind!<\/strong><br \/> Der Marmoreffekt ist <strong>jedes Mal anders<\/strong>, wie Sie auf einem der nebenstehenden Fotos sehen k\u00f6nnen.<\/p>\n<p>Da der Stift lichtdurchl\u00e4ssig ist, sieht er bei Tageslicht am besten aus.<\/p>\n<p>Ma\u00dfe( mit K\u00f6pfen): 15,5 cm.<br \/>  Es besteht die M\u00f6glichkeit, einen Kopf in jedes Ende zu setzen.<\/p>\n","protected":false},"excerpt":{"rendered":"<p>Einzigartiger Stift: Marmoreffekt, der bei jedem Stift anders aussieht (siehe Foto).<\/p>\n","protected":false},"featured_media":44629,"template":"","meta":{"footnotes":""},"product_brand":[],"product_cat":[7179],"class_list":{"0":"post-46374","1":"product","2":"type-product","3":"status-publish","4":"has-post-thumbnail","6":"product_cat-zubehor","8":"first","9":"instock","10":"sale","11":"taxable","12":"shipping-taxable","13":"purchasable","14":"product-type-variable","15":"has-default-attributes"},"aioseo_notices":[],"_links":{"self":[{"href":"https:\/\/diamant-strass-dmc.com\/de\/wp-json\/wp\/v2\/product\/46374","targetHints":{"allow":["GET"]}}],"collection":[{"href":"https:\/\/diamant-strass-dmc.com\/de\/wp-json\/wp\/v2\/product"}],"about":[{"href":"https:\/\/diamant-strass-dmc.com\/de\/wp-json\/wp\/v2\/types\/product"}],"version-history":[{"count":3,"href":"https:\/\/diamant-strass-dmc.com\/de\/wp-json\/wp\/v2\/product\/46374\/revisions"}],"predecessor-version":[{"id":77484,"href":"https:\/\/diamant-strass-dmc.com\/de\/wp-json\/wp\/v2\/product\/46374\/revisions\/77484"}],"wp:featuredmedia":[{"embeddable":true,"href":"https:\/\/diamant-strass-dmc.com\/de\/wp-json\/wp\/v2\/media\/44629"}],"wp:attachment":[{"href":"https:\/\/diamant-strass-dmc.com\/de\/wp-json\/wp\/v2\/media?parent=46374"}],"wp:term":[{"taxonomy":"product_brand","embeddable":true,"href":"https:\/\/diamant-strass-dmc.com\/de\/wp-json\/wp\/v2\/product_brand?post=46374"},{"taxonomy":"product_cat","embeddable":true,"href":"https:\/\/diamant-strass-dmc.com\/de\/wp-json\/wp\/v2\/product_cat?post=46374"}],"curies":[{"name":"wp","href":"https:\/\/api.w.org\/{rel}","templated":true}]}}