{"id":46345,"date":"2022-09-06T18:03:14","date_gmt":"2022-10-05T00:01:49","guid":{"rendered":"https:\/\/diamant-strass-dmc.com\/perles-broderie\/3-rollen-klebewalze\/"},"modified":"2023-11-26T20:41:40","modified_gmt":"2023-11-26T19:41:40","slug":"roulette-sticken-diamond-painting","status":"publish","type":"product","link":"https:\/\/diamant-strass-dmc.com\/de\/perles-broderie\/roulette-sticken-diamond-painting\/","title":{"rendered":"3 Rollen + Kleberoller"},"content":{"rendered":"<p>1\/ <strong>Befestigen Sie ein St\u00fcck Klebeband<\/strong> rund um das Laufrad ;<br \/>\n2\/ Rollen Sie das Roulette in Ihr Spielfeld, um <strong>die Diamanten zu greifen<\/strong>;<br \/>\n3\/ Rollen Sie das Rad \u00fcber Ihre Leinwand, um <strong>die Diamanten<\/strong> darauf zu <strong>kleben<\/strong>.<\/p>\n<p>Legen Sie mithilfe der in diesem Set enthaltenen Rollen mit drei verschiedenen Durchmessern je nach Bedarf mehrere Diamanten an (je gr\u00f6\u00dfer die Rolle, desto mehr Diamanten k\u00f6nnen Sie darauf platzieren).<\/p>\n<p>Die Rollen sind dank eines Gewindes sicher am Ende des Schafts befestigt. Es werden 3 Sch\u00e4fte mitgeliefert, sodass Sie die verschiedenen Gr\u00f6\u00dfen der Rollen nutzen k\u00f6nnen, ohne sie jedes Mal auseinandernehmen zu m\u00fcssen.<\/p>\n<p>Eine Rolle Klebeband in der Breite der Rollen wird ebenfalls mitgeliefert.<\/p>\n<p><strong>Das Roulette erfordert etwas \u00dcbung, aber wenn Sie dieses Accessoire einmal gut beherrschen, werden Sie nicht mehr darauf verzichten wollen!<\/strong><\/p>\n","protected":false},"excerpt":{"rendered":"<p><strong>Dieses Set enth\u00e4lt:<\/strong><\/p>\n<ul>\n<li><strong>3 Rollen<\/strong> (Durchmesser 3 cm, 4 cm und 5 cm) ;<\/li>\n<li><strong>3 Stangen<\/strong>, um sie zu befestigen ;<\/li>\n<li><strong>1 Rolle Klebeband<\/strong>.<\/li>\n<\/ul>\n","protected":false},"featured_media":44338,"template":"","meta":{"footnotes":""},"product_brand":[],"product_cat":[7179],"class_list":{"0":"post-46345","1":"product","2":"type-product","3":"status-publish","4":"has-post-thumbnail","6":"product_cat-zubehor","8":"first","9":"instock","10":"sale","11":"taxable","12":"shipping-taxable","13":"purchasable","14":"product-type-simple"},"aioseo_notices":[],"_links":{"self":[{"href":"https:\/\/diamant-strass-dmc.com\/de\/wp-json\/wp\/v2\/product\/46345","targetHints":{"allow":["GET"]}}],"collection":[{"href":"https:\/\/diamant-strass-dmc.com\/de\/wp-json\/wp\/v2\/product"}],"about":[{"href":"https:\/\/diamant-strass-dmc.com\/de\/wp-json\/wp\/v2\/types\/product"}],"version-history":[{"count":0,"href":"https:\/\/diamant-strass-dmc.com\/de\/wp-json\/wp\/v2\/product\/46345\/revisions"}],"wp:featuredmedia":[{"embeddable":true,"href":"https:\/\/diamant-strass-dmc.com\/de\/wp-json\/wp\/v2\/media\/44338"}],"wp:attachment":[{"href":"https:\/\/diamant-strass-dmc.com\/de\/wp-json\/wp\/v2\/media?parent=46345"}],"wp:term":[{"taxonomy":"product_brand","embeddable":true,"href":"https:\/\/diamant-strass-dmc.com\/de\/wp-json\/wp\/v2\/product_brand?post=46345"},{"taxonomy":"product_cat","embeddable":true,"href":"https:\/\/diamant-strass-dmc.com\/de\/wp-json\/wp\/v2\/product_cat?post=46345"}],"curies":[{"name":"wp","href":"https:\/\/api.w.org\/{rel}","templated":true}]}}