{"id":46270,"date":"2022-08-30T22:19:36","date_gmt":"2022-08-30T20:19:36","guid":{"rendered":"https:\/\/diamant-strass-dmc.com\/perles-broderie\/ausrichtungslineal-fuer-diamantstickerei\/"},"modified":"2024-09-17T17:41:14","modified_gmt":"2024-09-17T15:41:14","slug":"regulate-alignment-sticking-diamant","status":"publish","type":"product","link":"https:\/\/diamant-strass-dmc.com\/de\/perles-broderie\/regulate-alignment-sticking-diamant\/","title":{"rendered":"Ausrichtungslineal f\u00fcr Diamond Painting"},"content":{"rendered":"<p>Mithilfe dieses Lineals k\u00f6nnen Sie Ihre Diamanten perfekt ausrichten.<\/p>\n<p>Wenn Sie &#8222;Jeweils ein Lineal&#8220; w\u00e4hlen, erhalten Sie zwei Lineale: ein Lineal f\u00fcr runde Diamanten und ein Lineal f\u00fcr quadratische Diamanten.<\/p>\n<p>Das Lineal ist widerstandsf\u00e4hig, aber <strong>absichtlich sehr d\u00fcnn<\/strong>, damit es nicht an den Diamanten h\u00e4ngen bleibt, wenn man es von der Leinwand abhebt.<\/p>\n<p>1\/ Positionieren Sie das Lineal \u00fcber Ihrer Leinwand und kleben Sie dann jeden Diamanten in die daf\u00fcr vorgesehene Stelle.<\/p>\n<p>2\/ L\u00f6sen Sie dann das Lineal vorsichtig ab, indem Sie es leicht biegen (seine Flexibilit\u00e4t l\u00e4sst dies zu).<\/p>\n<div style=\"order: 6; border: 1px solid grey; padding: 10px 10px 0 10px; display: block; font-size: 14px; margin-bottom: 20px;\">\n<p>Das Lineal f\u00fcr runde Diamanten hat f\u00fcr jeden Diamanten in dem Bereich, in dem es platziert wird, einen Platz vorgesehen, w\u00e4hrend das Lineal f\u00fcr quadratische Diamanten nicht alle Diamanten aufdeckt.<\/p>\n<p>Aber <strong>das Ergebnis der perfekten Ausrichtung ist das gleiche<\/strong>, denn sobald Sie die quadratischen Diamanten gelegt und das Lineal von der Leinwand abgezogen haben, m\u00fcssen Sie die Diamanten nur noch an die Stellen kleben, die das Lineal nicht verriet.<\/p>\n<p>Und diese werden zwangsl\u00e4ufig perfekt platziert sein, da sie an die bereits geklebten und gut ausgerichteten Diamanten ansto\u00dfen werden.<\/p>\n<p>&nbsp;&nbsp;<\/p>\n<\/div>\n","protected":false},"excerpt":{"rendered":"<ul>\n<li>Lineal f\u00fcr runde Diamanten: 11,5 x 3 cm ;<\/li>\n<li>Lineal f\u00fcr quadratische Diamanten: 15,5 x 4,5 cm.<\/p>\n<\/li>\n<\/ul>\n","protected":false},"featured_media":70896,"template":"","meta":{"footnotes":""},"product_brand":[],"product_cat":[7278,7179],"class_list":{"0":"post-46270","1":"product","2":"type-product","3":"status-publish","4":"has-post-thumbnail","6":"product_cat-promo-de","7":"product_cat-zubehor","9":"first","10":"instock","11":"sale","12":"taxable","13":"shipping-taxable","14":"purchasable","15":"product-type-variable","16":"has-default-attributes"},"aioseo_notices":[],"_links":{"self":[{"href":"https:\/\/diamant-strass-dmc.com\/de\/wp-json\/wp\/v2\/product\/46270","targetHints":{"allow":["GET"]}}],"collection":[{"href":"https:\/\/diamant-strass-dmc.com\/de\/wp-json\/wp\/v2\/product"}],"about":[{"href":"https:\/\/diamant-strass-dmc.com\/de\/wp-json\/wp\/v2\/types\/product"}],"version-history":[{"count":9,"href":"https:\/\/diamant-strass-dmc.com\/de\/wp-json\/wp\/v2\/product\/46270\/revisions"}],"predecessor-version":[{"id":77564,"href":"https:\/\/diamant-strass-dmc.com\/de\/wp-json\/wp\/v2\/product\/46270\/revisions\/77564"}],"wp:featuredmedia":[{"embeddable":true,"href":"https:\/\/diamant-strass-dmc.com\/de\/wp-json\/wp\/v2\/media\/70896"}],"wp:attachment":[{"href":"https:\/\/diamant-strass-dmc.com\/de\/wp-json\/wp\/v2\/media?parent=46270"}],"wp:term":[{"taxonomy":"product_brand","embeddable":true,"href":"https:\/\/diamant-strass-dmc.com\/de\/wp-json\/wp\/v2\/product_brand?post=46270"},{"taxonomy":"product_cat","embeddable":true,"href":"https:\/\/diamant-strass-dmc.com\/de\/wp-json\/wp\/v2\/product_cat?post=46270"}],"curies":[{"name":"wp","href":"https:\/\/api.w.org\/{rel}","templated":true}]}}