{"id":46192,"date":"2022-07-27T01:22:29","date_gmt":"2022-07-26T23:22:29","guid":{"rendered":"https:\/\/diamant-strass-dmc.com\/perles-broderie\/10-quadrate-kleber-fuer-diamantstickerei\/"},"modified":"2024-09-16T18:07:08","modified_gmt":"2024-09-16T16:07:08","slug":"kanten-kleben-sticken-diamant","status":"publish","type":"product","link":"https:\/\/diamant-strass-dmc.com\/de\/perles-broderie\/kanten-kleben-sticken-diamant\/","title":{"rendered":"Klebstoffquadrate f\u00fcr Diamantmalerei"},"content":{"rendered":"<p>Materialien: Ton und Silikon.<\/p>\n<p>Unentbehrlich, um Diamanten zu fangen.<\/p>\n<p>Dr\u00fccken Sie die Spitze des Spezialstifts auf das Kleberquadrat und dann auf den zu fangenden Diamanten. Dr\u00fccken Sie dann den Diamanten gegen die Klebefolie, dr\u00fccken Sie und entfernen Sie den Stift.<\/p>\n","protected":false},"excerpt":{"rendered":"<p style=\"display:none;\">ok<\/p>\n","protected":false},"featured_media":76587,"template":"","meta":{"footnotes":""},"product_brand":[],"product_cat":[7278,7179],"class_list":{"0":"post-46192","1":"product","2":"type-product","3":"status-publish","4":"has-post-thumbnail","6":"product_cat-promo-de","7":"product_cat-zubehor","9":"first","10":"instock","11":"sale","12":"taxable","13":"shipping-taxable","14":"purchasable","15":"product-type-variable","16":"has-default-attributes"},"aioseo_notices":[],"_links":{"self":[{"href":"https:\/\/diamant-strass-dmc.com\/de\/wp-json\/wp\/v2\/product\/46192","targetHints":{"allow":["GET"]}}],"collection":[{"href":"https:\/\/diamant-strass-dmc.com\/de\/wp-json\/wp\/v2\/product"}],"about":[{"href":"https:\/\/diamant-strass-dmc.com\/de\/wp-json\/wp\/v2\/types\/product"}],"version-history":[{"count":2,"href":"https:\/\/diamant-strass-dmc.com\/de\/wp-json\/wp\/v2\/product\/46192\/revisions"}],"predecessor-version":[{"id":76855,"href":"https:\/\/diamant-strass-dmc.com\/de\/wp-json\/wp\/v2\/product\/46192\/revisions\/76855"}],"wp:featuredmedia":[{"embeddable":true,"href":"https:\/\/diamant-strass-dmc.com\/de\/wp-json\/wp\/v2\/media\/76587"}],"wp:attachment":[{"href":"https:\/\/diamant-strass-dmc.com\/de\/wp-json\/wp\/v2\/media?parent=46192"}],"wp:term":[{"taxonomy":"product_brand","embeddable":true,"href":"https:\/\/diamant-strass-dmc.com\/de\/wp-json\/wp\/v2\/product_brand?post=46192"},{"taxonomy":"product_cat","embeddable":true,"href":"https:\/\/diamant-strass-dmc.com\/de\/wp-json\/wp\/v2\/product_cat?post=46192"}],"curies":[{"name":"wp","href":"https:\/\/api.w.org\/{rel}","templated":true}]}}