{"id":150684,"date":"2026-05-12T18:02:32","date_gmt":"2026-05-12T16:02:32","guid":{"rendered":"https:\/\/diamant-strass-dmc.com\/perles-broderie\/trichter-perlen-diamond-painting-2\/"},"modified":"2026-05-13T02:24:43","modified_gmt":"2026-05-13T00:24:43","slug":"trichter-perlen-diamond-painting-2","status":"publish","type":"product","link":"https:\/\/diamant-strass-dmc.com\/de\/perles-broderie\/trichter-perlen-diamond-painting-2\/","title":{"rendered":"Trichter f\u00fcr Diamond-Painting-Perlen"},"content":{"rendered":"","protected":false},"excerpt":{"rendered":"<p>Trichter f\u00fcr Perlen f\u00fcr Diamantmalerei :<\/p>\n<ul>\n<li><strong>Schrumpff\u00e4hig<\/strong>, nimmt zusammengefaltet wenig Platz ein;<\/li>\n<li>Kompatibel mit den<strong> Standard-Perlengl\u00e4sern<\/strong> (auf unserer Website erh\u00e4ltlich);<\/li>\n<li>Hergestellt aus Silikon ;<\/li>\n<li>Farbe: Blau ;<\/li>\n<li>Ma\u00dfe: <strong>7 x 5,7 cm<\/strong>.<\/li>\n<\/ul>\n","protected":false},"featured_media":150686,"template":"","meta":{"footnotes":""},"product_brand":[],"product_cat":[7179],"class_list":{"0":"post-150684","1":"product","2":"type-product","3":"status-publish","4":"has-post-thumbnail","6":"product_cat-zubehor","8":"first","9":"instock","10":"sale","11":"taxable","12":"shipping-taxable","13":"purchasable","14":"product-type-simple"},"aioseo_notices":[],"_links":{"self":[{"href":"https:\/\/diamant-strass-dmc.com\/de\/wp-json\/wp\/v2\/product\/150684","targetHints":{"allow":["GET"]}}],"collection":[{"href":"https:\/\/diamant-strass-dmc.com\/de\/wp-json\/wp\/v2\/product"}],"about":[{"href":"https:\/\/diamant-strass-dmc.com\/de\/wp-json\/wp\/v2\/types\/product"}],"version-history":[{"count":0,"href":"https:\/\/diamant-strass-dmc.com\/de\/wp-json\/wp\/v2\/product\/150684\/revisions"}],"wp:featuredmedia":[{"embeddable":true,"href":"https:\/\/diamant-strass-dmc.com\/de\/wp-json\/wp\/v2\/media\/150686"}],"wp:attachment":[{"href":"https:\/\/diamant-strass-dmc.com\/de\/wp-json\/wp\/v2\/media?parent=150684"}],"wp:term":[{"taxonomy":"product_brand","embeddable":true,"href":"https:\/\/diamant-strass-dmc.com\/de\/wp-json\/wp\/v2\/product_brand?post=150684"},{"taxonomy":"product_cat","embeddable":true,"href":"https:\/\/diamant-strass-dmc.com\/de\/wp-json\/wp\/v2\/product_cat?post=150684"}],"curies":[{"name":"wp","href":"https:\/\/api.w.org\/{rel}","templated":true}]}}