{"id":26476,"date":"2021-04-09T09:53:15","date_gmt":"2021-04-09T07:53:15","guid":{"rendered":"https:\/\/diamant-strass-dmc.com\/datenschutz-2\/"},"modified":"2024-09-08T03:40:14","modified_gmt":"2024-09-08T01:40:14","slug":"datenschutzrichtlinie","status":"publish","type":"page","link":"https:\/\/diamant-strass-dmc.com\/de\/datenschutzrichtlinie\/","title":{"rendered":"Datenschutzrichtlinie"},"content":{"rendered":"<p>Diamant-Strass-DMC.com legt besonderen Wert auf den Schutz und die Sicherheit der pers\u00f6nlichen und Bankdaten seiner Nutzer.  <\/p>\n<h2 style=\"margin-top:50px;\">Verwaltung von Bankdaten<\/h2>\n<p>  Diamant-Strass-DMC.com speichert oder sammelt keine vom Benutzer eingegebenen Kreditkartennummern und hat keinen Zugriff auf diese Informationen.<br \/>\nDie Daten werden sicher und verschl\u00fcsselt \u00fcber die von Diamant-Strass-DMC.com beauftragten Zahlungsdienstleister \u00fcbertragen: <em>Stripe<\/em>, wenn der K\u00e4ufer die Option &#8222;Zahlung per Kreditkarte&#8220; gew\u00e4hlt hat, und <em>PayPal <\/em>, wenn der K\u00e4ufer die Option &#8222;Zahlung \u00fcber PayPal&#8220; gew\u00e4hlt hat.<br \/>\nAndere Zahlungsplattformen werden ausdr\u00fccklich auf der Seite der Auftragsbest\u00e4tigung angegeben.   Sobald die Transaktion abgeschlossen ist, informieren diese Zahlungsanbieter Diamant-Strass-DMC.com \u00fcber den Erfolg oder Misserfolg der Zahlung und geben keine weiteren Informationen weiter. Diese Plattformen werden am h\u00e4ufigsten von Online-H\u00e4ndlern genutzt und garantieren sichere Transaktionen und auch, dass niemand auf die Bankdaten zugreifen kann, wenn Diamant-Strass-DMC.com gehackt wird, da die Website keine Bankdaten speichert.  <\/p>\n<h2 style=\"margin-top:50px;\">Umgang mit anderen pers\u00f6nlichen Daten<\/h2>\n<p>  Keine pers\u00f6nlichen Informationen des Nutzers der Website Diamant-Strass-DMC.com werden ohne Wissen des Nutzers ver\u00f6ffentlicht, ausgetauscht, \u00fcbertragen, abgetreten oder auf einem beliebigen Datentr\u00e4ger an Dritte verkauft. Nur wenn die Website Diamant-Strass-DMC.com und ihre Rechte \u00fcbernommen werden, ist DLP Web, der Herausgeber der Website Diamant-Strass-DMC.com, berechtigt, diese Informationen an einen eventuellen Erwerber weiterzugeben, der seinerseits die gleiche Verpflichtung zur Aufbewahrung und \u00c4nderung der Daten gegen\u00fcber dem Nutzer der Website Diamant-Strass-DMC.com hat. In Frankreich sind pers\u00f6nliche Daten insbesondere durch das franz\u00f6sische Gesetz Nr. 78-87 vom 6. Januar 1978, das franz\u00f6sische Gesetz Nr. 2004-801 vom 6. August 2004, Artikel L. 226-13 des Strafgesetzbuches und die Europ\u00e4ische Richtlinie vom 24. Oktober 1995 gesch\u00fctzt.<br \/>\nAuf der Website Diamant-Strass-DMC.com werden gem\u00e4\u00df Artikel 4 des franz\u00f6sischen Gesetzes Nr. 78-17 vom 06. Januar 1978 die Daten des Nutzers nur f\u00fcr den Zweck der auf der Website angebotenen Dienstleistung, d.h. die Bearbeitung von Bestellungen, gesammelt.  Der Nutzer stellt diese Informationen in voller Kenntnis der Sachlage zur Verf\u00fcgung, insbesondere wenn er sie selbst eingibt. Dem Nutzer der Website Diamant-Strass-DMC.com wird dann mitgeteilt, ob er zur Bereitstellung dieser Informationen verpflichtet ist oder nicht. Gem\u00e4\u00df den Bestimmungen der Artikel 38 ff. des franz\u00f6sischen Gesetzes 78-17 vom 6. Januar 1978 \u00fcber Informatik, Dateien und Freiheiten hat jeder Nutzer das Recht auf Zugang, Berichtigung, L\u00f6schung und Einspruch bez\u00fcglich der ihn betreffenden pers\u00f6nlichen Daten.<br \/>\nUm dieses Recht auszu\u00fcben, richten Sie Ihre Anfrage an Diamant-Strass-DMC.com per E-Mail an contact@diamant-strass-dmc.com.<br \/>\nDie Datenbanken sind durch die Bestimmungen des Gesetzes vom 1. Juli 1998 zur Umsetzung der franz\u00f6sischen Richtlinie 96\/9 vom 11. M\u00e4rz 1996 \u00fcber den rechtlichen Schutz von Datenbanken gesch\u00fctzt.    <\/p>\n<style><!-- br { content: \" \";display: block;font-size: 100%;height: 2em; } --><\/style>\n","protected":false},"excerpt":{"rendered":"<p>Diamant-Strass-DMC.com legt besonderen Wert auf den Schutz und die Sicherheit der pers\u00f6nlichen und Bankdaten seiner Nutzer. Verwaltung von Bankdaten Diamant-Strass-DMC.com speichert oder sammelt keine vom Benutzer eingegebenen Kreditkartennummern und hat keinen Zugriff auf diese Informationen. Die Daten werden sicher und verschl\u00fcsselt \u00fcber die von Diamant-Strass-DMC.com beauftragten Zahlungsdienstleister \u00fcbertragen: Stripe, wenn der K\u00e4ufer die Option &#8222;Zahlung [&hellip;]<\/p>\n","protected":false},"author":1,"featured_media":0,"parent":0,"menu_order":0,"comment_status":"closed","ping_status":"closed","template":"template-fullwidth.php","meta":{"footnotes":""},"class_list":["post-26476","page","type-page","status-publish","hentry"],"blocksy_meta":[],"aioseo_notices":[],"_links":{"self":[{"href":"https:\/\/diamant-strass-dmc.com\/de\/wp-json\/wp\/v2\/pages\/26476","targetHints":{"allow":["GET"]}}],"collection":[{"href":"https:\/\/diamant-strass-dmc.com\/de\/wp-json\/wp\/v2\/pages"}],"about":[{"href":"https:\/\/diamant-strass-dmc.com\/de\/wp-json\/wp\/v2\/types\/page"}],"author":[{"embeddable":true,"href":"https:\/\/diamant-strass-dmc.com\/de\/wp-json\/wp\/v2\/users\/1"}],"replies":[{"embeddable":true,"href":"https:\/\/diamant-strass-dmc.com\/de\/wp-json\/wp\/v2\/comments?post=26476"}],"version-history":[{"count":2,"href":"https:\/\/diamant-strass-dmc.com\/de\/wp-json\/wp\/v2\/pages\/26476\/revisions"}],"predecessor-version":[{"id":76172,"href":"https:\/\/diamant-strass-dmc.com\/de\/wp-json\/wp\/v2\/pages\/26476\/revisions\/76172"}],"wp:attachment":[{"href":"https:\/\/diamant-strass-dmc.com\/de\/wp-json\/wp\/v2\/media?parent=26476"}],"curies":[{"name":"wp","href":"https:\/\/api.w.org\/{rel}","templated":true}]}}