{"id":26339,"date":"2021-04-08T10:38:39","date_gmt":"2021-04-08T08:38:39","guid":{"rendered":"https:\/\/diamant-strass-dmc.com\/allgemeine-geschaeftsbedingungen\/"},"modified":"2025-03-02T02:54:56","modified_gmt":"2025-03-02T01:54:56","slug":"cgv","status":"publish","type":"page","link":"https:\/\/diamant-strass-dmc.com\/de\/cgv\/","title":{"rendered":"Allgemeine Gesch\u00e4ftsbedingungen"},"content":{"rendered":"<p>Die vorliegenden Nutzungsbedingungen werden einerseits von jeder nat\u00fcrlichen oder juristischen Person abgeschlossen, die auf der Website Diamant-Strass-DMC.com einen Kauf t\u00e4tigen m\u00f6chte und im Folgenden als &#8222;K\u00e4ufer&#8220; bezeichnet wird. Und andererseits durch Diamant-Strass-DMC.com, herausgegeben von DPL Web mit Sitz in 570 rue de Solesmes 59213 Vendegies-sur-\u00c9caillon (Frankreich) und eingetragen unter den SIRET-Nummern <strong>50778378500052<\/strong> und RCS <strong>Douai A 507 783 785<\/strong> im Folgenden Diamant-Strass-DMC.com genannt.<\/p>\n<h2 style=\"margin-top: 50px;\">Gegenstand dieser Bedingungen<\/h2>\n<p>Ziel dieser Verkaufsbedingungen ist es, die vertraglichen Beziehungen zwischen dem K\u00e4ufer und Diamant-Strass-DMC.com sowie die Bedingungen festzulegen, die f\u00fcr jeden Kauf gelten, der \u00fcber die E-Commerce-Website von Diamant-Strass-DMC.com get\u00e4tigt wird, unabh\u00e4ngig davon, ob der K\u00e4ufer ein Gewerbetreibender oder eine Privatperson ist. Der Erwerb einer Ware oder einer Dienstleistung \u00fcber die Website Diamant-Strass-DMC.com unterliegt der vorbehaltlosen Annahme der vorliegenden allgemeinen Verkaufsbedingungen durch den K\u00e4ufer.<\/p>\n<p>Diese allgemeinen Verkaufsbedingungen haben Vorrang vor allen anderen allgemeinen oder besonderen Bedingungen, die nicht ausdr\u00fccklich von Diamant-Strass-DMC.com genehmigt wurden. Dar\u00fcber hinaus beh\u00e4lt sich Diamant-Strass-DMC.com das Recht vor, seine Verkaufsbedingungen jederzeit \u00e4ndern zu k\u00f6nnen. Es gelten dann die Bedingungen, die zum Zeitpunkt der Bestellung durch den K\u00e4ufer g\u00fcltig waren.<\/p>\n<h2 style=\"margin-top: 50px;\">Merkmale der von Diamant-Strass-DMC.com angebotenen Produkte<\/h2>\n<p>Die angebotenen Produkte sind diejenigen, die auf der Website Diamant-Strass-DMC.com aufgef\u00fchrt sind. Diese Produkte sind nur verf\u00fcgbar, solange der Vorrat reicht. <\/p>\n<h2 style=\"margin-top: 50px;\">Praktizierte Tarife<\/h2>\n<p>Die Preise auf der Website Diamant-Strass-DMC.com werden inklusive aller Steuern (TTC) angezeigt: Sie ber\u00fccksichtigen die Mehrwertsteuer (MwSt.), die am Tag der Bestellung anwendbar ist. Jede \u00c4nderung des Mehrwertsteuersatzes kann sich auf die Preise auswirken. Diamant-Strass-DMC.com beh\u00e4lt sich das Recht vor, seine Preise jederzeit zu \u00e4ndern. Es wird jedoch davon ausgegangen, dass der Preis, der zum Zeitpunkt der Bestellung auf den Produktbl\u00e4ttern angegeben ist, der einzige Preis ist, der f\u00fcr den K\u00e4ufer gilt. Die auf den Produktbl\u00e4ttern angegebenen Preise enthalten keine Versandkosten. <\/p>\n<h2 style=\"margin-top: 50px;\">Bestellungen auf Diamant-Strass-DMC.com<\/h2>\n<p>Der K\u00e4ufer, der eine Bestellung aufgeben m\u00f6chte, muss zwingend :<\/p>\n<ul>\n<li>F\u00fcllen Sie den Online-Warenkorb aus, indem Sie alle Referenzen der ausgew\u00e4hlten Produkte hinzuf\u00fcgen;<\/li>\n<li>das Identifikationsformular ausf\u00fcllen, auf dem er die erforderlichen Angaben macht, oder sich in sein Kundenkonto einloggen, falls er eines hat;<\/li>\n<li>seine Bestellung durch die Zahlung zu best\u00e4tigen, nachdem er sie \u00fcberpr\u00fcft und die vorliegenden Allgemeinen Gesch\u00e4ftsbedingungen akzeptiert hat;<\/li>\n<\/ul>\n<p>Die Best\u00e4tigung der Bestellung bedeutet die Annahme der vorliegenden Allgemeinen Gesch\u00e4ftsbedingungen, die Anerkennung, diese vollst\u00e4ndig zu kennen, und den Verzicht auf die Geltendmachung eigener Einkaufsbedingungen oder anderer Bedingungen. Die Gesamtheit der gelieferten Daten und die registrierte Best\u00e4tigung gelten als Beweis f\u00fcr die Transaktion. Die Best\u00e4tigung gilt als Unterschrift und Annahme der durchgef\u00fchrten Transaktionen. Der Verk\u00e4ufer wird per E-Mail die Best\u00e4tigung der registrierten Bestellung und die Best\u00e4tigung des Versands der Bestellung sowie gegebenenfalls die Trackingnummer mitteilen.<\/p>\n<h2 style=\"margin-top: 50px;\">Zahlungsmodalit\u00e4ten<\/h2>\n<p>Der Preis ist bei der Bestellung f\u00e4llig. Das Konto des K\u00e4ufers wird bei der Bestellung mit dem Betrag der Produkte belastet, zu dem ggf. die Lieferkosten hinzukommen. <\/p>\n<p>Die auf der Seite zur Best\u00e4tigung der Bestellung angebotenen Zahlungsmethoden verwenden alle das SSL-Protokoll (Secure Socket Layer), so dass die \u00fcbermittelten Informationen durch eine Software verschl\u00fcsselt werden und kein Dritter w\u00e4hrend des Transports \u00fcber das Netz davon Kenntnis erlangen kann.<\/p>\n<p>Diamant-Strass-DMC.com speichert oder sammelt keine vom Benutzer eingegebenen Kreditkartennummern und kann technisch nicht auf diese Informationen zugreifen.<\/p>\n<h2 style=\"margin-top: 50px;\">Lieferung und Versand<\/h2>\n<p>Alle Produkte werden in Frankreich im Lager von Diamant-Strass-DMC.com gelagert.<\/p>\n<p>Die Bestellungen werden innerhalb von 24 Stunden nach der Bestellung versandt.<\/p>\n<p>Sie erfolgen per einfachem Brief, verfolgtem Brief oder Colissimo (Dienste von La Poste in Frankreich) oder durch Mondial Relay, je nach Anzahl und Gewicht der Artikel.<\/p>\n<p>Die Lieferzeit betr\u00e4gt 3 Werktage f\u00fcr Frankreich und 3 bis 10 Werktage f\u00fcr andere L\u00e4nder, ausgenommen eventuelle Verz\u00f6gerungen durch La Poste oder Mondial Relay, die au\u00dferhalb des Einflussbereichs von Diamant-Strass-DMC.com liegen. Diese Frist wird auf jeder Produktkarte entsprechend dem Land, in dem sich der Kunde befindet, berechnet und dann auf der Seite der Bestellbest\u00e4tigung entsprechend dem Land, das als Lieferadresse angegeben wurde, angegeben. <\/p>\n<p>Nur Bestellungen mit einem Mindestbetrag werden mit Sendungsverfolgung versendet. Dieser Betrag betr\u00e4gt 15 \u20ac f\u00fcr eine Sendung nach Frankreich und 20 \u20ac f\u00fcr eine Sendung in ein anderes Land. Die Trackingnummer wird dem K\u00e4ufer in der E-Mail zur Versandbest\u00e4tigung mitgeteilt. Wenn die Bestellung in einer anderen W\u00e4hrung als dem Euro bezahlt wurde, wird der Kurs dieser W\u00e4hrung am Tag der Bestellung f\u00fcr die Umrechnung in einen Betrag von 15\u20ac oder 20\u20ac ber\u00fccksichtigt.   <\/p>\n<p>Wenn die Versp\u00e4tung der Postdienste mehr als 3 Arbeitstage f\u00fcr Frankreich oder 5 Arbeitstage f\u00fcr andere L\u00e4nder betr\u00e4gt, verpflichtet sich Diamant-Strass-DMC.com, die Bestellung mit einer dem K\u00e4ufer mitgeteilten Tracking-Nummer erneut zu versenden.<\/p>\n<p>Wenn die Lieferzeit mehr als 20 Werktage ab dem Tag der Bestellung betr\u00e4gt, kann der Kaufvertrag aufgel\u00f6st und dem K\u00e4ufer der Kaufpreis zur\u00fcckerstattet werden.<\/p>\n<h2 style=\"margin-top: 50px;\">Schaden<\/h2>\n<p>Im Falle eines Transportschadens muss der begr\u00fcndete Protest innerhalb von 3 Tagen nach Lieferung unter Vorlage eines Fotos bei Diamant-Strass-DMC.com unter contact@diamant-strass-dmc.com eingereicht werden.<\/p>\n<h2 style=\"margin-top: 50px;\">Feedback und Austausch<\/h2>\n<p>Die auf der Website Diamant-Strass-DMC.com gekauften Produkte k\u00f6nnen innerhalb von 30 Tagen ab dem Kaufdatum zur\u00fcckgegeben werden, damit der Kunde eine volle R\u00fcckerstattung oder einen Umtausch gegen einen Artikel mit \u00e4hnlichem Wert erh\u00e4lt. Die Kosten f\u00fcr den Versand der an Diamant-Strass-DMC.com zur\u00fcckgesandten Artikel tr\u00e4gt der Kunde.<\/p>\n<p>Der Antrag muss unter Angabe der Bestellnummer an diamant.strass@gmail.com begr\u00fcndet werden.<\/p>\n<p>Die R\u00fccksendeadresse lautet wie folgt:<\/p>\n<p>DIAMANT STRASS DMC<br \/>\n570 RUE DE SOLESMES<br \/>\n59213 VENDEGIES SUR ECAILLON<br \/>\nFRANKREICH<\/p>\n<p>Artikel, die au\u00dferhalb dieser 30-Tage-Frist zur\u00fcckgegeben werden, sind weder erstattungsf\u00e4hig noch umtauschbar.<\/p>\n<p>Die Produkte m\u00fcssen sauber und unbesch\u00e4digt zur\u00fcckgeschickt werden. Im Falle von versiegelten Diamantbeuteln d\u00fcrfen diese nicht ge\u00f6ffnet worden sein.<\/p>\n<h2 style=\"margin-top: 50px;\">Widerruf<\/h2>\n<p>K\u00e4ufer, die nat\u00fcrliche Personen sind und nicht beruflich t\u00e4tig sind, profitieren von der Widerrufsfrist, die im Gesetz ihres Landes vorgesehen ist. Um das Widerrufsrecht auszu\u00fcben, m\u00fcssen Sie Diamant-Strass-DMC.com \u00fcber das Kontaktformular der Website oder per E-Mail an contact@diamant-strass-dmc.com benachrichtigen.<\/p>\n<p>Anschlie\u00dfend muss das Produkt innerhalb von 30 Tagen an Diamant-Strass-DMC.com zum Umtausch oder zur R\u00fcckerstattung ohne Strafe zur\u00fcckgeschickt werden, mit Ausnahme der R\u00fccksendekosten, die vom Kunden zu tragen sind.<\/p>\n<p>Die Erstattung kann nur erfolgen, wenn das Produkt und seine Verpackung intakt sind (im Falle von versiegelten Perlenbeuteln d\u00fcrfen diese nicht ge\u00f6ffnet worden sein).<\/p>\n<h2 style=\"margin-top: 50px;\">Haftung des Verk\u00e4ufers und geistiges Eigentum<\/h2>\n<p>Der Verk\u00e4ufer ist im Online-Verkaufsprozess nur durch eine Mittelverpflichtung gebunden. Er kann nicht f\u00fcr Sch\u00e4den haftbar gemacht werden, die sich aus der Nutzung des Internets ergeben, wie z. B. Datenverlust, Eindringen, Viren, Ausfall des Dienstes oder andere unbeabsichtigte Probleme.<\/p>\n<h2 style=\"margin-top: 50px;\">Geistiges Eigentum<\/h2>\n<p>Alle Elemente auf der Website von Diamant-Strass-DMC.com. sind und bleiben das alleinige und geistige Eigentum von Diamant-Strass-DMC.com.<\/p>\n<p>Es ist niemandem gestattet, Elemente der Website, seien es Software, visuelle oder akustische Elemente, zu reproduzieren, zu verwerten, weiterzuverbreiten oder zu irgendeinem Zweck zu verwenden, auch nicht teilweise.<\/p>\n<h2 style=\"margin-top: 50px;\">Service nach dem Verkauf<\/h2>\n<p>Der Kundendienst von Diamant-Strass-DMC.com ist \u00fcber eine E-Mail an contact@diamant-strass-dmc.com oder \u00fcber das Kontaktformular erreichbar.<\/p>\n<h2 style=\"margin-top: 50px;\">Pers\u00f6nliche Daten<\/h2>\n<p>Gem\u00e4\u00df dem franz\u00f6sischen Gesetz \u00fcber Informatik, Dateien und Freiheiten vom 6. Januar 1978 k\u00f6nnen die namentlichen Informationen \u00fcber die K\u00e4ufer automatisch verarbeitet werden. Diamant-Strass-DMC.com beh\u00e4lt sich das Recht vor, Informationen \u00fcber K\u00e4ufer zu sammeln, auch durch den Einsatz von Cookies, und, falls gew\u00fcnscht, die gesammelten Informationen an Gesch\u00e4ftspartner weiterzugeben. Wenn Sie auf Diamant-Strass-DMC.com surfen, stimmen Sie der Sammlung und Verwendung von Cookies zu.<\/p>\n<p>K\u00e4ufer k\u00f6nnen sich der Offenlegung ihrer Kontaktdaten widersetzen, indem sie Diamant-Strass-DMC.com darauf hinweisen. Ebenso haben die Nutzer ein Recht auf Zugang und Berichtigung der sie betreffenden Daten gem\u00e4\u00df dem franz\u00f6sischen Gesetz vom 6. Januar 1978. Die automatisierte Verarbeitung von Informationen, einschlie\u00dflich der Verwaltung der E-Mail-Adressen der Nutzer der Website, war Gegenstand einer Erkl\u00e4rung (Nr. 1787089) bei der Commission nationale informatique et libert\u00e9 (CNIL).<\/p>\n<p>Wie bereits im Abschnitt &#8222;Zahlungsmodalit\u00e4ten&#8220; erw\u00e4hnt, speichert oder sammelt Diamant-Strass-DMC.com keine vom Nutzer eingegebenen Kreditkartennummern und kann technisch nicht auf diese Informationen zugreifen.<\/p>\n<h2 style=\"margin-top: 50px;\">Archivierung \/ Beweismittel<\/h2>\n<p>Diamant-Strass-DMC.com. archiviert die Bestellscheine und Rechnungen auf einem zuverl\u00e4ssigen und dauerhaften Datentr\u00e4ger, der eine getreue Kopie gem\u00e4\u00df den Bestimmungen von Artikel 1348 des franz\u00f6sischen Zivilgesetzbuches darstellt. Die elektronischen Register von Diamant-Strass-DMC.com werden von den Parteien als Beweis f\u00fcr die Mitteilungen, Bestellungen, Zahlungen und Transaktionen zwischen den Parteien angesehen.<\/p>\n<h2 style=\"margin-top: 50px;\">Beilegung von Streitigkeiten<\/h2>\n<p>Die vorliegenden Allgemeinen Gesch\u00e4ftsbedingungen unterliegen dem franz\u00f6sischen Recht. Im Falle eines Rechtsstreits sind die zust\u00e4ndigen Gerichte in Paris, Frankreich, zust\u00e4ndig, ungeachtet der Vielzahl von Beklagten oder der Berufung auf eine Garantie.<\/p>\n","protected":false},"excerpt":{"rendered":"<p>Die vorliegenden Nutzungsbedingungen werden einerseits von jeder nat\u00fcrlichen oder juristischen Person abgeschlossen, die auf der Website Diamant-Strass-DMC.com einen Kauf t\u00e4tigen m\u00f6chte und im Folgenden als &#8222;K\u00e4ufer&#8220; bezeichnet wird. Und andererseits durch Diamant-Strass-DMC.com, herausgegeben von DPL Web mit Sitz in 570 rue de Solesmes 59213 Vendegies-sur-\u00c9caillon (Frankreich) und eingetragen unter den SIRET-Nummern 50778378500052 und RCS Douai [&hellip;]<\/p>\n","protected":false},"author":1,"featured_media":0,"parent":0,"menu_order":0,"comment_status":"closed","ping_status":"closed","template":"","meta":{"footnotes":""},"class_list":["post-26339","page","type-page","status-publish","hentry"],"blocksy_meta":[],"aioseo_notices":[],"_links":{"self":[{"href":"https:\/\/diamant-strass-dmc.com\/de\/wp-json\/wp\/v2\/pages\/26339","targetHints":{"allow":["GET"]}}],"collection":[{"href":"https:\/\/diamant-strass-dmc.com\/de\/wp-json\/wp\/v2\/pages"}],"about":[{"href":"https:\/\/diamant-strass-dmc.com\/de\/wp-json\/wp\/v2\/types\/page"}],"author":[{"embeddable":true,"href":"https:\/\/diamant-strass-dmc.com\/de\/wp-json\/wp\/v2\/users\/1"}],"replies":[{"embeddable":true,"href":"https:\/\/diamant-strass-dmc.com\/de\/wp-json\/wp\/v2\/comments?post=26339"}],"version-history":[{"count":3,"href":"https:\/\/diamant-strass-dmc.com\/de\/wp-json\/wp\/v2\/pages\/26339\/revisions"}],"predecessor-version":[{"id":84504,"href":"https:\/\/diamant-strass-dmc.com\/de\/wp-json\/wp\/v2\/pages\/26339\/revisions\/84504"}],"wp:attachment":[{"href":"https:\/\/diamant-strass-dmc.com\/de\/wp-json\/wp\/v2\/media?parent=26339"}],"curies":[{"name":"wp","href":"https:\/\/api.w.org\/{rel}","templated":true}]}}