{"id":26194,"date":"2021-04-08T09:21:36","date_gmt":"2021-04-08T07:21:36","guid":{"rendered":"https:\/\/diamant-strass-dmc.com\/rechtliche-hinweise\/"},"modified":"2024-09-08T03:40:11","modified_gmt":"2024-09-08T01:40:11","slug":"legale-erwaehnungen","status":"publish","type":"page","link":"https:\/\/diamant-strass-dmc.com\/de\/legale-erwaehnungen\/","title":{"rendered":"Rechtliche Hinweise"},"content":{"rendered":"<p style=\"text-align: left;\">Gem\u00e4\u00df den Bestimmungen der Artikel 6-III und 19 des franz\u00f6sischen Gesetzes Nr. 2004-575 vom 21. Juni 2004 \u00fcber das Vertrauen in die digitale Wirtschaft, auch L.C.E.N. genannt, bringen wir den Benutzern und Besuchern der Website diamant-strass-dmc.com folgende Informationen zur Kenntnis:<\/p>\n<h2 style=\"margin-top:50px;\">1. Rechtliche Informationen<\/h2>\n<p>  Der Eigent\u00fcmer, Ersteller der Website und Verantwortliche f\u00fcr die Ver\u00f6ffentlichung ist DPL Web mit Sitz in 570 rue de Solesmes 59213 Vendegies-sur-\u00c9caillon (Frankreich), SIRET-Nummer <strong>50778378500052<\/strong> und RCS <strong>Douai A 507 783 785<\/strong>.<br \/>\nDie E-Mail-Adresse der Website diamant-strass-dmc.com lautet contact@diamant-strass-dmc.com .<br \/>\nDer Host der Website ist: OVH, mit der Adresse 2 Rue Kellermann 59100 Roubaix (Frankreich).    <\/p>\n<h2 style=\"margin-top:50px;\">2. Vorstellung und Prinzip<\/h2>\n<p>  Im Folgenden wird dieser Begriff verwendet: Benutzer, jeder Internetnutzer, der sich einloggt und die oben genannte Website nutzt: diamant-strass-dmc.com. Die Website diamant-strass-dmc.com umfasst eine Reihe von Diensten, die in ihrem Zustand den Nutzern zur Verf\u00fcgung gestellt werden. Es wird hier ausdr\u00fccklich darauf hingewiesen, dass diese h\u00f6flich bleiben und sowohl gegen\u00fcber anderen Nutzern als auch gegen\u00fcber dem Webmaster der Website diamant-strass-dmc.com guten Glauben zeigen m\u00fcssen. Die Website diamant-strass-dmc.com wird regelm\u00e4\u00dfig von DPL Web aktualisiert. DPL Web bem\u00fcht sich, m\u00f6glichst genaue Informationen bereitzustellen (vorbehaltlich der \u00c4nderungen, die seit ihrer Online-Stellung vorgenommen wurden), kann jedoch nicht f\u00fcr die Richtigkeit, Vollst\u00e4ndigkeit und Aktualit\u00e4t der auf seiner Website verbreiteten Informationen garantieren, unabh\u00e4ngig davon, ob diese von ihm selbst oder von dritten Partnern, die ihm diese Informationen zur Verf\u00fcgung stellen, stammen. Der Nutzer erkennt an, dass er f\u00fcr die Nutzung dieser Informationen (die nur als Hinweis dienen, nicht ersch\u00f6pfend sind und sich \u00e4ndern k\u00f6nnen) allein verantwortlich ist.  <\/p>\n<h2 style=\"margin-top:50px;\">3. Erreichbarkeit<\/h2>\n<p>  Die Website diamant-strass-dmc.com ist f\u00fcr die Benutzer grunds\u00e4tzlich 24 Stunden am Tag, 7 Tage die Woche zug\u00e4nglich, au\u00dfer bei geplanten oder ungeplanten Unterbrechungen f\u00fcr Wartungszwecke oder im Falle h\u00f6herer Gewalt. Im Falle eines nicht m\u00f6glichen Zugangs zum Dienst wird diamant-strass-dmc.com alles daran setzen, den Zugang zum Dienst wiederherzustellen, und wird sich dann bem\u00fchen, die Nutzer vorab \u00fcber die Daten und Zeiten der Intervention zu informieren. Diamant-strass-dmc.com unterliegt nur einer Mittelverpflichtung und kann nicht f\u00fcr Sch\u00e4den jeglicher Art haftbar gemacht werden, die aus der Nichtverf\u00fcgbarkeit des Dienstes resultieren.  <\/p>\n<h2 style=\"margin-top:50px;\">4. Geistiges Eigentum<\/h2>\n<p>  DPL Web ist alleiniger Eigent\u00fcmer aller geistigen Eigentumsrechte oder besitzt die Nutzungsrechte f\u00fcr alle auf der Website zug\u00e4nglichen Elemente, sowohl f\u00fcr die Struktur als auch f\u00fcr die Texte, Bilder, Grafiken, Logos, Icons, T\u00f6ne, Software. Jede vollst\u00e4ndige oder teilweise Vervielf\u00e4ltigung der Website diamant-strass-dmc.com, Darstellung, \u00c4nderung, Ver\u00f6ffentlichung, vollst\u00e4ndige oder teilweise Anpassung eines dieser Elemente, unabh\u00e4ngig von den verwendeten Mitteln oder Verfahren, ist ohne vorherige schriftliche Genehmigung von DPL Web, Eigent\u00fcmer, per E-Mail (contact@diamant-strass-dmc.com) untersagt.<br \/>\nAndernfalls wird sie als F\u00e4lschung angesehen und gem\u00e4\u00df den Bestimmungen der Artikel L.335-2 ff. des franz\u00f6sischen Gesetzes \u00fcber geistiges Eigentum strafrechtlich verfolgt.   <\/p>\n<h2 style=\"margin-top:50px;\">5. Hyperlinks<\/h2>\n<p>  Die Website diamant-strass-dmc.com enth\u00e4lt eine Reihe von Hypertext-Links zu anderen Websites (Partner, Informationen&#8230;), die mit Genehmigung von DPL Web eingerichtet wurden. Er hat jedoch nicht die M\u00f6glichkeit, den gesamten Inhalt der so besuchten Websites zu \u00fcberpr\u00fcfen und lehnt daher jegliche Verantwortung f\u00fcr m\u00f6gliche Risiken illegaler Inhalte ab.  <\/p>\n<h2 style=\"margin-top:50px;\">6. Schutz von Eigentum und Personen &#8211; Umgang mit pers\u00f6nlichen Daten<\/h2>\n<p>  In Frankreich sind pers\u00f6nliche Daten insbesondere durch das franz\u00f6sische Gesetz Nr. 78-87 vom 6. Januar 1978, das franz\u00f6sische Gesetz Nr. 2004-801 vom 6. August 2004, Artikel L. 226-13 des franz\u00f6sischen Strafgesetzbuches und die Europ\u00e4ische Richtlinie vom 24. Oktober 1995 gesch\u00fctzt.<br \/>\nAuf der Website diamant-strass-dmc.com sammelt DPL Web pers\u00f6nliche Informationen (gem\u00e4\u00df Artikel 4 des franz\u00f6sischen Gesetzes Nr. 78-17 vom 06. Januar 1978) \u00fcber den Nutzer nur f\u00fcr die Zwecke bestimmter Dienstleistungen, die auf der Website diamant-strass-dmc.com angeboten werden.  Der Nutzer stellt diese Informationen in voller Kenntnis der Sachlage zur Verf\u00fcgung, insbesondere wenn er sie selbst eingibt. Dem Nutzer der Website diamant-strass-dmc.com wird dann mitgeteilt, ob er zur Bereitstellung dieser Informationen verpflichtet ist oder nicht. Gem\u00e4\u00df Artikel 38 ff. des franz\u00f6sischen Gesetzes 78-17 vom 6. Januar 1978 \u00fcber Informatik, Dateien und Freiheiten hat jeder Nutzer das Recht auf Zugang, Berichtigung, L\u00f6schung und Einspruch gegen die ihn betreffenden pers\u00f6nlichen Daten.<br \/>\nUm dieses Recht auszu\u00fcben, richten Sie Ihre Anfrage per E-Mail an contact@diamant-strass-dmc.com.  Keine pers\u00f6nlichen Informationen des Nutzers der Website diamant-strass-dmc.com werden ohne Wissen des Nutzers ver\u00f6ffentlicht, ausgetauscht, \u00fcbertragen, abgetreten oder auf einem beliebigen Datentr\u00e4ger an Dritte verkauft. Nur die Annahme der \u00dcbernahme der Website diamant-strass-dmc.com und ihrer Rechte berechtigt DPL Web dazu, die genannten Informationen an einen eventuellen Erwerber weiterzugeben, der seinerseits gegen\u00fcber dem Benutzer der Website diamant-strass-dmc.com die gleiche Verpflichtung zur Aufbewahrung und \u00c4nderung der Daten hat. Diamant-Strass-DMC.com speichert oder sammelt keine vom Benutzer eingegebenen Kreditkartennummern und kann technisch nicht auf diese Informationen zugreifen.<br \/>\nDie Datenbanken sind durch die Bestimmungen des Gesetzes vom 1. Juli 1998 zur Umsetzung der franz\u00f6sischen Richtlinie 96\/9 vom 11. M\u00e4rz 1996 \u00fcber den rechtlichen Schutz von Datenbanken gesch\u00fctzt.   <\/p>\n<style><!-- br { content: \" \";display: block;font-size: 100%;height: 2em; } --><\/style>\n","protected":false},"excerpt":{"rendered":"<p>Gem\u00e4\u00df den Bestimmungen der Artikel 6-III und 19 des franz\u00f6sischen Gesetzes Nr. 2004-575 vom 21. Juni 2004 \u00fcber das Vertrauen in die digitale Wirtschaft, auch L.C.E.N. genannt, bringen wir den Benutzern und Besuchern der Website diamant-strass-dmc.com folgende Informationen zur Kenntnis: 1. Rechtliche Informationen Der Eigent\u00fcmer, Ersteller der Website und Verantwortliche f\u00fcr die Ver\u00f6ffentlichung ist DPL [&hellip;]<\/p>\n","protected":false},"author":1,"featured_media":0,"parent":0,"menu_order":0,"comment_status":"closed","ping_status":"closed","template":"template-fullwidth.php","meta":{"footnotes":""},"class_list":["post-26194","page","type-page","status-publish","hentry"],"blocksy_meta":[],"aioseo_notices":[],"_links":{"self":[{"href":"https:\/\/diamant-strass-dmc.com\/de\/wp-json\/wp\/v2\/pages\/26194","targetHints":{"allow":["GET"]}}],"collection":[{"href":"https:\/\/diamant-strass-dmc.com\/de\/wp-json\/wp\/v2\/pages"}],"about":[{"href":"https:\/\/diamant-strass-dmc.com\/de\/wp-json\/wp\/v2\/types\/page"}],"author":[{"embeddable":true,"href":"https:\/\/diamant-strass-dmc.com\/de\/wp-json\/wp\/v2\/users\/1"}],"replies":[{"embeddable":true,"href":"https:\/\/diamant-strass-dmc.com\/de\/wp-json\/wp\/v2\/comments?post=26194"}],"version-history":[{"count":2,"href":"https:\/\/diamant-strass-dmc.com\/de\/wp-json\/wp\/v2\/pages\/26194\/revisions"}],"predecessor-version":[{"id":76165,"href":"https:\/\/diamant-strass-dmc.com\/de\/wp-json\/wp\/v2\/pages\/26194\/revisions\/76165"}],"wp:attachment":[{"href":"https:\/\/diamant-strass-dmc.com\/de\/wp-json\/wp\/v2\/media?parent=26194"}],"curies":[{"name":"wp","href":"https:\/\/api.w.org\/{rel}","templated":true}]}}