{"id":71597,"date":"2022-07-28T02:29:20","date_gmt":"2022-07-28T00:29:20","guid":{"rendered":"https:\/\/diamant-strass-dmc.com\/perles-broderie\/krukker-perler-broderi-diamant\/"},"modified":"2025-10-31T04:11:30","modified_gmt":"2025-10-31T03:11:30","slug":"krukker-perler-broderi-diamant","status":"publish","type":"product","link":"https:\/\/diamant-strass-dmc.com\/da\/perles-broderie\/krukker-perler-broderi-diamant\/","title":{"rendered":"Krukker til diamantmalingsperler"},"content":{"rendered":"<p><strong>Pakke med 10 krukker<\/strong> til diamantbroderiperler.<br \/>\nS\u00e6lges alene (uden diamanter eller \u00e6ske til at opbevare dem i).<\/p>\n<p>Velegnet til runde etiketter, som ogs\u00e5 s\u00e6lges p\u00e5 vores hjemmeside.<\/p>\n<p>Hver krukke kan indeholde <strong>1.600 diamanter<\/strong> eller <strong>8 standardposer<\/strong> med 200 diamanter.<\/p>\n<p>Dimensioner: 50 mm h\u00f8j og 25 mm i diameter.<\/p>\n<p>Dette produkt kan kun sendes som en pakke (ikke i en boblekuvert). Forsendelsesomkostninger beregnes i overensstemmelse hermed.<\/p>\n","protected":false},"excerpt":{"rendered":"<p style=\"font-size: 14px; line-height: 1.2em;text-align:justify;padding-right:10px;\">\u26a0\ufe0f <strong>Denne vare kan kun sendes inden for EU<\/strong> (\u00d8strig, Belgien, Bulgarien, Kroatien, Cypern, Tjekkiet, Danmark, Estland, Finland, Frankrig, Tyskland, Gr\u00e6kenland, Ungarn, Irland, Italien, Letland, Litauen, Luxembourg, Malta, Holland, Polen, Portugal, Rum\u00e6nien, Slovakiet, Slovenien, Spanien og Sverige).<\/p>\n","protected":false},"featured_media":44543,"template":"","meta":{"footnotes":""},"product_brand":[],"product_cat":[7176],"class_list":{"0":"post-71597","1":"product","2":"type-product","3":"status-publish","4":"has-post-thumbnail","6":"product_cat-tilbehor","7":"product_shipping_class-colissimo","9":"first","10":"instock","11":"sale","12":"taxable","13":"shipping-taxable","14":"purchasable","15":"product-type-variable","16":"has-default-attributes"},"aioseo_notices":[],"_links":{"self":[{"href":"https:\/\/diamant-strass-dmc.com\/da\/wp-json\/wp\/v2\/product\/71597","targetHints":{"allow":["GET"]}}],"collection":[{"href":"https:\/\/diamant-strass-dmc.com\/da\/wp-json\/wp\/v2\/product"}],"about":[{"href":"https:\/\/diamant-strass-dmc.com\/da\/wp-json\/wp\/v2\/types\/product"}],"version-history":[{"count":3,"href":"https:\/\/diamant-strass-dmc.com\/da\/wp-json\/wp\/v2\/product\/71597\/revisions"}],"predecessor-version":[{"id":100091,"href":"https:\/\/diamant-strass-dmc.com\/da\/wp-json\/wp\/v2\/product\/71597\/revisions\/100091"}],"wp:featuredmedia":[{"embeddable":true,"href":"https:\/\/diamant-strass-dmc.com\/da\/wp-json\/wp\/v2\/media\/44543"}],"wp:attachment":[{"href":"https:\/\/diamant-strass-dmc.com\/da\/wp-json\/wp\/v2\/media?parent=71597"}],"wp:term":[{"taxonomy":"product_brand","embeddable":true,"href":"https:\/\/diamant-strass-dmc.com\/da\/wp-json\/wp\/v2\/product_brand?post=71597"},{"taxonomy":"product_cat","embeddable":true,"href":"https:\/\/diamant-strass-dmc.com\/da\/wp-json\/wp\/v2\/product_cat?post=71597"}],"curies":[{"name":"wp","href":"https:\/\/api.w.org\/{rel}","templated":true}]}}