{"id":71584,"date":"2022-09-06T19:22:08","date_gmt":"2022-09-06T17:22:08","guid":{"rendered":"https:\/\/diamant-strass-dmc.com\/perles-broderie\/rulle-broderi-diamond-diamond-maling\/"},"modified":"2025-10-31T04:11:36","modified_gmt":"2025-10-31T03:11:36","slug":"rulle-broderi-diamond-diamond-maling","status":"publish","type":"product","link":"https:\/\/diamant-strass-dmc.com\/da\/perles-broderie\/rulle-broderi-diamond-diamond-maling\/","title":{"rendered":"Rulle til diamantbroderi"},"content":{"rendered":"<p>Denne robuste rulle sikrer, at alle diamanterne er <strong>limet helt fast<\/strong>, og at <strong>stoffet er plant<\/strong>.<\/p>\n<p><strong>M\u00e5l: <\/strong>11,5 x 13 cm<br \/>\nH\u00e5ndtag: 9 cm<br \/>\nRulle (r\u00f8d cylinder): 9,5 cm<\/p>\n<p>Dette produkt kan kun sendes i en pakke (ikke i en boblekuvert). Forsendelsesomkostningerne beregnes i overensstemmelse hermed.<\/p>\n","protected":false},"excerpt":{"rendered":"<p style=\"font-size: 14px; line-height: 1.2em;text-align:justify;padding-right:10px;\">\u26a0\ufe0f <strong>Denne vare kan kun sendes inden for EU<\/strong> (\u00d8strig, Belgien, Bulgarien, Kroatien, Cypern, Tjekkiet, Danmark, Estland, Finland, Frankrig, Tyskland, Gr\u00e6kenland, Ungarn, Irland, Italien, Letland, Litauen, Luxembourg, Malta, Holland, Polen, Portugal, Rum\u00e6nien, Slovakiet, Slovenien, Spanien og Sverige).<\/p>\n","protected":false},"featured_media":148519,"template":"","meta":{"footnotes":""},"product_brand":[],"product_cat":[7176],"class_list":{"0":"post-71584","1":"product","2":"type-product","3":"status-publish","4":"has-post-thumbnail","6":"product_cat-tilbehor","7":"product_shipping_class-colissimo","9":"first","10":"instock","11":"sale","12":"taxable","13":"shipping-taxable","14":"purchasable","15":"product-type-simple"},"aioseo_notices":[],"_links":{"self":[{"href":"https:\/\/diamant-strass-dmc.com\/da\/wp-json\/wp\/v2\/product\/71584","targetHints":{"allow":["GET"]}}],"collection":[{"href":"https:\/\/diamant-strass-dmc.com\/da\/wp-json\/wp\/v2\/product"}],"about":[{"href":"https:\/\/diamant-strass-dmc.com\/da\/wp-json\/wp\/v2\/types\/product"}],"version-history":[{"count":1,"href":"https:\/\/diamant-strass-dmc.com\/da\/wp-json\/wp\/v2\/product\/71584\/revisions"}],"predecessor-version":[{"id":71588,"href":"https:\/\/diamant-strass-dmc.com\/da\/wp-json\/wp\/v2\/product\/71584\/revisions\/71588"}],"wp:featuredmedia":[{"embeddable":true,"href":"https:\/\/diamant-strass-dmc.com\/da\/wp-json\/wp\/v2\/media\/148519"}],"wp:attachment":[{"href":"https:\/\/diamant-strass-dmc.com\/da\/wp-json\/wp\/v2\/media?parent=71584"}],"wp:term":[{"taxonomy":"product_brand","embeddable":true,"href":"https:\/\/diamant-strass-dmc.com\/da\/wp-json\/wp\/v2\/product_brand?post=71584"},{"taxonomy":"product_cat","embeddable":true,"href":"https:\/\/diamant-strass-dmc.com\/da\/wp-json\/wp\/v2\/product_cat?post=71584"}],"curies":[{"name":"wp","href":"https:\/\/api.w.org\/{rel}","templated":true}]}}