{"id":71545,"date":"2024-03-18T01:48:57","date_gmt":"2024-03-18T00:48:57","guid":{"rendered":"https:\/\/diamant-strass-dmc.com\/perles-broderie\/forstoerrelsesglas-clips-fleksibel-lysende-led-diamant-maleri\/"},"modified":"2025-10-31T04:11:48","modified_gmt":"2025-10-31T03:11:48","slug":"forstoerrelsesglas-clips-fleksibel-lysende-led-diamant-maleri","status":"publish","type":"product","link":"https:\/\/diamant-strass-dmc.com\/da\/perles-broderie\/forstoerrelsesglas-clips-fleksibel-lysende-led-diamant-maleri\/","title":{"rendered":"Fleksibel clip-on-lup med LED-lys"},"content":{"rendered":"<ul>\n<li>Forst\u00f8rrelsesglas <strong>x2,5<\/strong> + minifokus <strong>x5<\/strong>;<\/li>\n<li>M\u00e5lrettet dobbelt <strong>LED-belysning<\/strong>;<\/li>\n<li><strong>Fleksibel arm<\/strong>;<\/li>\n<li><strong>Kan skilles<\/strong> helt ad;<\/li>\n<li><strong>Kan klipses<\/strong> fast p\u00e5 enhver overflade.<\/li>\n<\/ul>\n<p>Fungerer p\u00e5 3 AAA-batterier (medf\u00f8lger ikke). Alle luppens dele kan skrues af, s\u00e5 den er nem at transportere.<\/p>\n<p>Forst\u00f8rrelsesglasset g\u00f8r, at du kan se 2,5 gange s\u00e5 stort, og indeholder et fokus (linse) p\u00e5 2,5 cm i diameter, s\u00e5 du kan se 5 gange s\u00e5 stort.<\/p>\n<p>L\u00e6ngde p\u00e5 fleksibel arm: 25 cm.<br \/>\nDiameter p\u00e5 luppen: 12,5 cm.<\/p>\n<p>Dette produkt kan kun sendes i en pakke (ikke i en boblekuvert). Forsendelsesomkostningerne beregnes i overensstemmelse hermed.<\/p>\n","protected":false},"excerpt":{"rendered":"<p style=\"font-size: 14px; line-height: 1.2em;text-align:justify;padding-right:10px;\">\u26a0\ufe0f <strong>Denne vare kan kun sendes inden for EU<\/strong> (\u00d8strig, Belgien, Bulgarien, Kroatien, Cypern, Tjekkiet, Danmark, Estland, Finland, Frankrig, Tyskland, Gr\u00e6kenland, Ungarn, Irland, Italien, Letland, Litauen, Luxembourg, Malta, Holland, Polen, Portugal, Rum\u00e6nien, Slovakiet, Slovenien, Spanien og Sverige).<\/p>\n","protected":false},"featured_media":71320,"template":"","meta":{"footnotes":""},"product_brand":[],"product_cat":[7176],"class_list":{"0":"post-71545","1":"product","2":"type-product","3":"status-publish","4":"has-post-thumbnail","6":"product_cat-tilbehor","7":"product_shipping_class-colissimo","9":"first","10":"outofstock","11":"sale","12":"taxable","13":"shipping-taxable","14":"purchasable","15":"product-type-simple"},"aioseo_notices":[],"_links":{"self":[{"href":"https:\/\/diamant-strass-dmc.com\/da\/wp-json\/wp\/v2\/product\/71545","targetHints":{"allow":["GET"]}}],"collection":[{"href":"https:\/\/diamant-strass-dmc.com\/da\/wp-json\/wp\/v2\/product"}],"about":[{"href":"https:\/\/diamant-strass-dmc.com\/da\/wp-json\/wp\/v2\/types\/product"}],"version-history":[{"count":2,"href":"https:\/\/diamant-strass-dmc.com\/da\/wp-json\/wp\/v2\/product\/71545\/revisions"}],"predecessor-version":[{"id":100112,"href":"https:\/\/diamant-strass-dmc.com\/da\/wp-json\/wp\/v2\/product\/71545\/revisions\/100112"}],"wp:featuredmedia":[{"embeddable":true,"href":"https:\/\/diamant-strass-dmc.com\/da\/wp-json\/wp\/v2\/media\/71320"}],"wp:attachment":[{"href":"https:\/\/diamant-strass-dmc.com\/da\/wp-json\/wp\/v2\/media?parent=71545"}],"wp:term":[{"taxonomy":"product_brand","embeddable":true,"href":"https:\/\/diamant-strass-dmc.com\/da\/wp-json\/wp\/v2\/product_brand?post=71545"},{"taxonomy":"product_cat","embeddable":true,"href":"https:\/\/diamant-strass-dmc.com\/da\/wp-json\/wp\/v2\/product_cat?post=71545"}],"curies":[{"name":"wp","href":"https:\/\/api.w.org\/{rel}","templated":true}]}}