{"id":71528,"date":"2024-03-01T23:52:23","date_gmt":"2024-03-01T22:52:23","guid":{"rendered":"https:\/\/diamant-strass-dmc.com\/perles-broderie\/lys-hylde-diamant-maleri\/"},"modified":"2025-10-31T04:11:54","modified_gmt":"2025-10-31T03:11:54","slug":"lys-hylde-diamant-maleri","status":"publish","type":"product","link":"https:\/\/diamant-strass-dmc.com\/da\/perles-broderie\/lys-hylde-diamant-maleri\/","title":{"rendered":"A4-lyshylde + holder og clips"},"content":{"rendered":"<ul>\n<li><strong>A4-format<\/strong> (belyst overflade 31 x 23,5 cm) ;<\/li>\n<li>Stativ, USB-kabel og 4 clips <strong>medf\u00f8lger<\/strong>;<\/li>\n<li>Kun <strong>3 mm<\/strong> tyk;<\/li>\n<li><strong>3 lysstyrkeniveauer<\/strong>;<\/li>\n<li>Ensartet, flimmerfri belysning.<\/li>\n<\/ul>\n<p>USB-kablet (medf\u00f8lger) kan tilsluttes en standardtelefonoplader (medf\u00f8lger ikke) eller andre standard USB-porte (computer, visse str\u00f8mskinner osv.).<\/p>\n<p>Dette produkt kan kun sendes i en pakke (ikke i en boblekuvert). Forsendelsesomkostningerne beregnes i overensstemmelse hermed.<\/p>\n","protected":false},"excerpt":{"rendered":"<p style=\"font-size: 14px; line-height: 1.2em;text-align:justify;padding-right:10px;\">\u26a0\ufe0f <strong>Denne vare kan kun sendes inden for EU<\/strong> (\u00d8strig, Belgien, Bulgarien, Kroatien, Cypern, Tjekkiet, Danmark, Estland, Finland, Frankrig, Tyskland, Gr\u00e6kenland, Ungarn, Irland, Italien, Letland, Litauen, Luxembourg, Malta, Holland, Polen, Portugal, Rum\u00e6nien, Slovakiet, Slovenien, Spanien og Sverige).<\/p>\n","protected":false},"featured_media":69199,"template":"","meta":{"footnotes":""},"product_brand":[],"product_cat":[7176],"class_list":{"0":"post-71528","1":"product","2":"type-product","3":"status-publish","4":"has-post-thumbnail","6":"product_cat-tilbehor","7":"product_shipping_class-colissimo","9":"first","10":"instock","11":"sale","12":"taxable","13":"shipping-taxable","14":"purchasable","15":"product-type-simple"},"aioseo_notices":[],"_links":{"self":[{"href":"https:\/\/diamant-strass-dmc.com\/da\/wp-json\/wp\/v2\/product\/71528","targetHints":{"allow":["GET"]}}],"collection":[{"href":"https:\/\/diamant-strass-dmc.com\/da\/wp-json\/wp\/v2\/product"}],"about":[{"href":"https:\/\/diamant-strass-dmc.com\/da\/wp-json\/wp\/v2\/types\/product"}],"version-history":[{"count":1,"href":"https:\/\/diamant-strass-dmc.com\/da\/wp-json\/wp\/v2\/product\/71528\/revisions"}],"predecessor-version":[{"id":71534,"href":"https:\/\/diamant-strass-dmc.com\/da\/wp-json\/wp\/v2\/product\/71528\/revisions\/71534"}],"wp:featuredmedia":[{"embeddable":true,"href":"https:\/\/diamant-strass-dmc.com\/da\/wp-json\/wp\/v2\/media\/69199"}],"wp:attachment":[{"href":"https:\/\/diamant-strass-dmc.com\/da\/wp-json\/wp\/v2\/media?parent=71528"}],"wp:term":[{"taxonomy":"product_brand","embeddable":true,"href":"https:\/\/diamant-strass-dmc.com\/da\/wp-json\/wp\/v2\/product_brand?post=71528"},{"taxonomy":"product_cat","embeddable":true,"href":"https:\/\/diamant-strass-dmc.com\/da\/wp-json\/wp\/v2\/product_cat?post=71528"}],"curies":[{"name":"wp","href":"https:\/\/api.w.org\/{rel}","templated":true}]}}