{"id":71493,"date":"2022-07-28T17:39:30","date_gmt":"2022-07-28T15:39:30","guid":{"rendered":"https:\/\/diamant-strass-dmc.com\/perles-broderie\/valisette-box-range-perler-broderi-diamant\/"},"modified":"2025-10-31T04:11:42","modified_gmt":"2025-10-31T03:11:42","slug":"valisette-box-range-perler-broderi-diamant","status":"publish","type":"product","link":"https:\/\/diamant-strass-dmc.com\/da\/perles-broderie\/valisette-box-range-perler-broderi-diamant\/","title":{"rendered":"Opbevaringskasse til perler (64 \u00e6sker)"},"content":{"rendered":"<p>Diamanter medf\u00f8lger ikke.<\/p>\n<p><strong>Pakkens indhold:<\/strong><br \/>\n&#8211; 1 opbevaringskasse<br \/>\n&#8211; 64 \u00e6sker til perler<br \/>\n&#8211; 64 rektangul\u00e6re etiketter<\/p>\n<p>Tag op til 64 diamantfarvereferencer med dig!<br \/>\nDette ultrakompakte opbevaringsetui har to robuste lukninger.<\/p>\n<ul>\n<li><strong>Kassens m\u00e5l<\/strong>: 22 x 13 x 5,4 cm (h\u00f8jde) ;<\/li>\n<li><strong>\u00c6skens m\u00e5l<\/strong>: 2,5 x 5,1 x 1,1 cm (dybde);<\/li>\n<li><strong>Etiketst\u00f8rrelse<\/strong>: 2 x 1 cm.<\/li>\n<\/ul>\n<div class=\"woocommerce-tabs wc-tabs-wrapper\">\n<div id=\"tab-description\" class=\"woocommerce-Tabs-panel woocommerce-Tabs-panel--description panel entry-content wc-tab\" role=\"tabpanel\" aria-labelledby=\"tab-title-description\">\n<p>Dette produkt kan kun sendes i en pakke (ikke i en boblekuvert). Forsendelsesomkostningerne beregnes i overensstemmelse hermed.<\/p>\n<\/div>\n<\/div>\n","protected":false},"excerpt":{"rendered":"<p style=\"font-size: 14px; line-height: 1.2em;text-align:justify;padding-right:10px;\">\u26a0\ufe0f <strong>Denne vare kan kun sendes inden for EU<\/strong> (\u00d8strig, Belgien, Bulgarien, Kroatien, Cypern, Tjekkiet, Danmark, Estland, Finland, Frankrig, Tyskland, Gr\u00e6kenland, Ungarn, Irland, Italien, Letland, Litauen, Luxembourg, Malta, Holland, Polen, Portugal, Rum\u00e6nien, Slovakiet, Slovenien, Spanien og Sverige).<\/p>\n","protected":false},"featured_media":44506,"template":"","meta":{"footnotes":""},"product_brand":[],"product_cat":[7176],"class_list":{"0":"post-71493","1":"product","2":"type-product","3":"status-publish","4":"has-post-thumbnail","6":"product_cat-tilbehor","7":"product_shipping_class-colissimo","9":"first","10":"instock","11":"sale","12":"taxable","13":"shipping-taxable","14":"purchasable","15":"product-type-simple"},"aioseo_notices":[],"_links":{"self":[{"href":"https:\/\/diamant-strass-dmc.com\/da\/wp-json\/wp\/v2\/product\/71493","targetHints":{"allow":["GET"]}}],"collection":[{"href":"https:\/\/diamant-strass-dmc.com\/da\/wp-json\/wp\/v2\/product"}],"about":[{"href":"https:\/\/diamant-strass-dmc.com\/da\/wp-json\/wp\/v2\/types\/product"}],"version-history":[{"count":2,"href":"https:\/\/diamant-strass-dmc.com\/da\/wp-json\/wp\/v2\/product\/71493\/revisions"}],"predecessor-version":[{"id":100104,"href":"https:\/\/diamant-strass-dmc.com\/da\/wp-json\/wp\/v2\/product\/71493\/revisions\/100104"}],"wp:featuredmedia":[{"embeddable":true,"href":"https:\/\/diamant-strass-dmc.com\/da\/wp-json\/wp\/v2\/media\/44506"}],"wp:attachment":[{"href":"https:\/\/diamant-strass-dmc.com\/da\/wp-json\/wp\/v2\/media?parent=71493"}],"wp:term":[{"taxonomy":"product_brand","embeddable":true,"href":"https:\/\/diamant-strass-dmc.com\/da\/wp-json\/wp\/v2\/product_brand?post=71493"},{"taxonomy":"product_cat","embeddable":true,"href":"https:\/\/diamant-strass-dmc.com\/da\/wp-json\/wp\/v2\/product_cat?post=71493"}],"curies":[{"name":"wp","href":"https:\/\/api.w.org\/{rel}","templated":true}]}}