{"id":71245,"date":"2024-03-17T02:22:39","date_gmt":"2024-03-17T22:09:11","guid":{"rendered":"https:\/\/diamant-strass-dmc.com\/perles-broderie\/katalog-bog-dmc-diamond-maleri\/"},"modified":"2024-03-17T23:12:03","modified_gmt":"2024-03-17T22:12:03","slug":"katalog-bog-dmc-diamond-maleri","status":"publish","type":"product","link":"https:\/\/diamant-strass-dmc.com\/da\/perles-broderie\/katalog-bog-dmc-diamond-maleri\/","title":{"rendered":"Farvekatalog til diamantmaling (med klisterm\u00e6rker)"},"content":{"rendered":"<p>Tilf\u00e6ldig skivefarve. Lamineret omslag. Siderne er kun trykt p\u00e5 den ene side for optimal perlest\u00f8tte. En non-stick strimmel beskytter \u00e6skerne, som diamanterne sidder fast i.<\/p>\n","protected":false},"excerpt":{"rendered":"<ul>\n<li><strong>10 sider<\/strong>;<\/li>\n<li style=\"color: blue;\"><strong>Perler medf\u00f8lger ikke;<\/strong><\/li>\n<li><strong>447 farver<\/strong> fra DMC&#8217;s farvekort ;<\/li>\n<li>Tykt <strong>pr\u00e6get papir<\/strong>;<\/li>\n<li>Selvkl\u00e6bende s\u00f8jle <strong>til at s\u00e6tte dine perler p\u00e5<\/strong>.<\/li>\n<\/ul>\n","protected":false},"featured_media":71089,"template":"","meta":{"footnotes":""},"product_brand":[],"product_cat":[7284,7176],"class_list":{"0":"post-71245","1":"product","2":"type-product","3":"status-publish","4":"has-post-thumbnail","6":"product_cat-promo-da","7":"product_cat-tilbehor","9":"first","10":"instock","11":"sale","12":"taxable","13":"shipping-taxable","14":"purchasable","15":"product-type-simple"},"aioseo_notices":[],"_links":{"self":[{"href":"https:\/\/diamant-strass-dmc.com\/da\/wp-json\/wp\/v2\/product\/71245","targetHints":{"allow":["GET"]}}],"collection":[{"href":"https:\/\/diamant-strass-dmc.com\/da\/wp-json\/wp\/v2\/product"}],"about":[{"href":"https:\/\/diamant-strass-dmc.com\/da\/wp-json\/wp\/v2\/types\/product"}],"version-history":[{"count":1,"href":"https:\/\/diamant-strass-dmc.com\/da\/wp-json\/wp\/v2\/product\/71245\/revisions"}],"predecessor-version":[{"id":71250,"href":"https:\/\/diamant-strass-dmc.com\/da\/wp-json\/wp\/v2\/product\/71245\/revisions\/71250"}],"wp:featuredmedia":[{"embeddable":true,"href":"https:\/\/diamant-strass-dmc.com\/da\/wp-json\/wp\/v2\/media\/71089"}],"wp:attachment":[{"href":"https:\/\/diamant-strass-dmc.com\/da\/wp-json\/wp\/v2\/media?parent=71245"}],"wp:term":[{"taxonomy":"product_brand","embeddable":true,"href":"https:\/\/diamant-strass-dmc.com\/da\/wp-json\/wp\/v2\/product_brand?post=71245"},{"taxonomy":"product_cat","embeddable":true,"href":"https:\/\/diamant-strass-dmc.com\/da\/wp-json\/wp\/v2\/product_cat?post=71245"}],"curies":[{"name":"wp","href":"https:\/\/api.w.org\/{rel}","templated":true}]}}