{"id":67749,"date":"2021-08-17T00:22:53","date_gmt":"2024-02-02T08:37:25","guid":{"rendered":"https:\/\/diamant-strass-dmc.com\/perles-broderie\/all-sachets-strass-diamonds-dmc-broderie-diamond-painting\/"},"modified":"2024-02-02T09:37:28","modified_gmt":"2024-02-02T08:37:28","slug":"all-sachets-strass-diamonds-dmc-broderie-diamond-painting","status":"publish","type":"product","link":"https:\/\/diamant-strass-dmc.com\/da\/perles-broderie\/all-sachets-strass-diamonds-dmc-broderie-diamond-painting\/","title":{"rendered":"Integreret pakke (alle DMC farver)"},"content":{"rendered":"<p>Vil du gerne have adgang til alle de farver, der findes i diamantbroderi?<\/p>\n<p>Vi tilbyder dig den &#8220;fulde pakke&#8221;, dvs. <strong>en pose af hver af de 447 farver<\/strong>, der findes p\u00e5 den officielle DMC diamond painting-farveskala (farverne er anf\u00f8rt <a style=\"font-weight: bold; text-decoration: underline;\" href=\"\/code-couleur-nuancier-dmc\/\" target=\"_blank\" rel=\"noopener\">p\u00e5 denne side<\/a>).<\/p>\n<p>Med den fulde pakke f\u00e5r du <strong>55 % rabat<\/strong> med en pris pr. pose p\u00e5 <strong>0,45 \u20ac i stedet for 0,99<\/strong> \u20ac, eller<strong> 199 \u20ac i stedet for 442 \u20ac<\/strong>! Plus <strong>gratis levering<\/strong>.<\/p>\n<p><em>Hvis du vil have flere poser af hver farve, skal du bestille flere af den fulde pakke. Hvis du f.eks. l\u00e6gger 3 hele pakker &#8220;Round Diamonds&#8221; i kurven, f\u00e5r du 3 runde poser af hver farve.  <\/em><em>Hvis du gerne vil have en pose af hver farve i hver form (runde og firkantede diamanter), skal du blot bestille en hel pakke med &#8220;Runde diamanter&#8221; og en hel pakke med &#8220;Firkantede diamanter&#8221;.<\/em><\/p>\n<style><!-- .enkar2div { display:none; } --><\/style>\n","protected":false},"excerpt":{"rendered":"<p>Vil du gerne have adgang til alle de farver, der findes i diamantbroderi? Vi tilbyder dig den &#8220;fulde pakke&#8221;, dvs. en pose af hver af de 447 farver, der findes p\u00e5 den officielle DMC diamond painting-farveskala (farverne er anf\u00f8rt p\u00e5 denne side). Med den fulde pakke f\u00e5r du 55 % rabat med en pris pr. [&hellip;]<\/p>\n","protected":false},"featured_media":36004,"template":"","meta":{"footnotes":""},"product_brand":[],"product_cat":[7315],"class_list":{"0":"post-67749","1":"product","2":"type-product","3":"status-publish","4":"has-post-thumbnail","6":"product_cat--integreret-pakke","8":"first","9":"instock","10":"sale","11":"taxable","12":"shipping-taxable","13":"purchasable","14":"product-type-variable"},"aioseo_notices":[],"_links":{"self":[{"href":"https:\/\/diamant-strass-dmc.com\/da\/wp-json\/wp\/v2\/product\/67749","targetHints":{"allow":["GET"]}}],"collection":[{"href":"https:\/\/diamant-strass-dmc.com\/da\/wp-json\/wp\/v2\/product"}],"about":[{"href":"https:\/\/diamant-strass-dmc.com\/da\/wp-json\/wp\/v2\/types\/product"}],"version-history":[{"count":0,"href":"https:\/\/diamant-strass-dmc.com\/da\/wp-json\/wp\/v2\/product\/67749\/revisions"}],"wp:featuredmedia":[{"embeddable":true,"href":"https:\/\/diamant-strass-dmc.com\/da\/wp-json\/wp\/v2\/media\/36004"}],"wp:attachment":[{"href":"https:\/\/diamant-strass-dmc.com\/da\/wp-json\/wp\/v2\/media?parent=67749"}],"wp:term":[{"taxonomy":"product_brand","embeddable":true,"href":"https:\/\/diamant-strass-dmc.com\/da\/wp-json\/wp\/v2\/product_brand?post=67749"},{"taxonomy":"product_cat","embeddable":true,"href":"https:\/\/diamant-strass-dmc.com\/da\/wp-json\/wp\/v2\/product_cat?post=67749"}],"curies":[{"name":"wp","href":"https:\/\/api.w.org\/{rel}","templated":true}]}}