{"id":61334,"date":"2023-09-11T16:25:12","date_gmt":"2023-09-11T17:12:03","guid":{"rendered":"https:\/\/diamant-strass-dmc.com\/perles-broderie\/download-nuancier-dmc-diamond-maleri-pdf\/"},"modified":"2024-02-25T18:32:35","modified_gmt":"2024-02-25T17:32:35","slug":"download-nuancier-dmc-diamond-maleri-pdf","status":"publish","type":"product","link":"https:\/\/diamant-strass-dmc.com\/da\/perles-broderie\/download-nuancier-dmc-diamond-maleri-pdf\/","title":{"rendered":"DMC diamond painting farvekort (PDF-fil til download)"},"content":{"rendered":"<ul>\n<li>Les <strong>447 couleurs DMC<\/strong> du diamond painting en <strong>6 pages imprimables<\/strong> ;<\/li>\n<li>Fichiers au format PDF garantissant une <strong>impression parfaite<\/strong> respectueuse des couleurs DMC ;<\/li>\n<li>Pages au <strong>format A4<\/strong> pr\u00eates \u00e0 \u00eatre imprim\u00e9es..<\/li>\n<\/ul>\n<style><!-- .enkar2div { display:none; } .pi-edd { display:none; } button.single_add_to_cart_button.button.alt { margin-bottom: 20px !important; } .premier { display:none; } --><\/style>\n","protected":false},"excerpt":{"rendered":"<p style=\"color: blue;\"><span style=\"text-decoration: underline;\"><br \/>\n  <strong>VIGTIGT<\/strong><br \/>\n<\/span> Dette er et virtuelt produkt: Det er en fil, som du kan downloade umiddelbart efter k\u00f8bet og printe derhjemme. Intet fysisk produkt vil blive sendt til din adresse.<\/p>\n","protected":false},"featured_media":64609,"template":"","meta":{"footnotes":""},"product_brand":[],"product_cat":[7229],"class_list":{"0":"post-61334","1":"product","2":"type-product","3":"status-publish","4":"has-post-thumbnail","6":"product_cat-filer-til-download","8":"first","9":"instock","10":"sale","11":"downloadable","12":"virtual","13":"sold-individually","14":"taxable","15":"purchasable","16":"product-type-simple"},"aioseo_notices":[],"_links":{"self":[{"href":"https:\/\/diamant-strass-dmc.com\/da\/wp-json\/wp\/v2\/product\/61334","targetHints":{"allow":["GET"]}}],"collection":[{"href":"https:\/\/diamant-strass-dmc.com\/da\/wp-json\/wp\/v2\/product"}],"about":[{"href":"https:\/\/diamant-strass-dmc.com\/da\/wp-json\/wp\/v2\/types\/product"}],"version-history":[{"count":0,"href":"https:\/\/diamant-strass-dmc.com\/da\/wp-json\/wp\/v2\/product\/61334\/revisions"}],"wp:featuredmedia":[{"embeddable":true,"href":"https:\/\/diamant-strass-dmc.com\/da\/wp-json\/wp\/v2\/media\/64609"}],"wp:attachment":[{"href":"https:\/\/diamant-strass-dmc.com\/da\/wp-json\/wp\/v2\/media?parent=61334"}],"wp:term":[{"taxonomy":"product_brand","embeddable":true,"href":"https:\/\/diamant-strass-dmc.com\/da\/wp-json\/wp\/v2\/product_brand?post=61334"},{"taxonomy":"product_cat","embeddable":true,"href":"https:\/\/diamant-strass-dmc.com\/da\/wp-json\/wp\/v2\/product_cat?post=61334"}],"curies":[{"name":"wp","href":"https:\/\/api.w.org\/{rel}","templated":true}]}}