{"id":55874,"date":"2023-02-09T22:59:08","date_gmt":"2023-02-25T04:31:40","guid":{"rendered":"https:\/\/diamant-strass-dmc.com\/perles-broderie\/diamant-malingsklemmer\/"},"modified":"2024-09-17T17:24:20","modified_gmt":"2024-09-17T15:24:20","slug":"diamant-malingsklemmer","status":"publish","type":"product","link":"https:\/\/diamant-strass-dmc.com\/da\/perles-broderie\/diamant-malingsklemmer\/","title":{"rendered":"6 klemmer til diamantmaling"},"content":{"rendered":"<p><span style=\"display:none;\">ok<\/span><\/p>\n","protected":false},"excerpt":{"rendered":"<p><strong>S\u00e6t med 6 clips.<\/strong>  Ideel til at holde l\u00e6rredsarket eller l\u00e6rredet p\u00e5 et underlag.<\/p>\n","protected":false},"featured_media":55477,"template":"","meta":{"footnotes":""},"product_brand":[],"product_cat":[7176],"class_list":{"0":"post-55874","1":"product","2":"type-product","3":"status-publish","4":"has-post-thumbnail","6":"product_cat-tilbehor","8":"first","9":"instock","10":"taxable","11":"shipping-taxable","12":"purchasable","13":"product-type-variable","14":"has-default-attributes"},"aioseo_notices":[],"_links":{"self":[{"href":"https:\/\/diamant-strass-dmc.com\/da\/wp-json\/wp\/v2\/product\/55874","targetHints":{"allow":["GET"]}}],"collection":[{"href":"https:\/\/diamant-strass-dmc.com\/da\/wp-json\/wp\/v2\/product"}],"about":[{"href":"https:\/\/diamant-strass-dmc.com\/da\/wp-json\/wp\/v2\/types\/product"}],"version-history":[{"count":2,"href":"https:\/\/diamant-strass-dmc.com\/da\/wp-json\/wp\/v2\/product\/55874\/revisions"}],"predecessor-version":[{"id":77525,"href":"https:\/\/diamant-strass-dmc.com\/da\/wp-json\/wp\/v2\/product\/55874\/revisions\/77525"}],"wp:featuredmedia":[{"embeddable":true,"href":"https:\/\/diamant-strass-dmc.com\/da\/wp-json\/wp\/v2\/media\/55477"}],"wp:attachment":[{"href":"https:\/\/diamant-strass-dmc.com\/da\/wp-json\/wp\/v2\/media?parent=55874"}],"wp:term":[{"taxonomy":"product_brand","embeddable":true,"href":"https:\/\/diamant-strass-dmc.com\/da\/wp-json\/wp\/v2\/product_brand?post=55874"},{"taxonomy":"product_cat","embeddable":true,"href":"https:\/\/diamant-strass-dmc.com\/da\/wp-json\/wp\/v2\/product_cat?post=55874"}],"curies":[{"name":"wp","href":"https:\/\/api.w.org\/{rel}","templated":true}]}}