{"id":55852,"date":"2023-02-01T20:11:14","date_gmt":"2023-02-25T04:31:33","guid":{"rendered":"https:\/\/diamant-strass-dmc.com\/perles-broderie\/kasse-opbevaring-soejle-28-rum-diamond-maleri\/"},"modified":"2023-02-25T05:31:33","modified_gmt":"2023-02-25T04:31:33","slug":"kasse-opbevaring-sojle-28-rum-diamond-maleri","status":"publish","type":"product","link":"https:\/\/diamant-strass-dmc.com\/da\/perles-broderie\/kasse-opbevaring-sojle-28-rum-diamond-maleri\/","title":{"rendered":"Perle opbevaringsboks 28 rum"},"content":{"rendered":"<p>Pille\u00e6ske stil.<\/p>\n<p>Fagene kan tages ud af \u00e6sken. De h\u00e6nges sammen til r\u00e6kker med 4 rum (og kan ikke l\u00f8snes fra hinanden).<br \/>\nDer er derfor 7 r\u00e6kker med 4 rum i hver kasse.<\/p>\n","protected":false},"excerpt":{"rendered":"<p>&#8211; Genlukkelig \u00e6ske med 2 clips;<br \/>\n&#8211; 28 rum;<br \/>\n&#8211; 28 medf\u00f8lgende etiketter ;<br \/>\n&#8211; M\u00e5l: 17 x 11 cm.<\/p>\n","protected":false},"featured_media":55154,"template":"","meta":{"footnotes":""},"product_brand":[],"product_cat":[7176],"class_list":{"0":"post-55852","1":"product","2":"type-product","3":"status-publish","4":"has-post-thumbnail","6":"product_cat-tilbehor","8":"first","9":"outofstock","10":"sale","11":"taxable","12":"shipping-taxable","13":"purchasable","14":"product-type-simple"},"aioseo_notices":[],"_links":{"self":[{"href":"https:\/\/diamant-strass-dmc.com\/da\/wp-json\/wp\/v2\/product\/55852","targetHints":{"allow":["GET"]}}],"collection":[{"href":"https:\/\/diamant-strass-dmc.com\/da\/wp-json\/wp\/v2\/product"}],"about":[{"href":"https:\/\/diamant-strass-dmc.com\/da\/wp-json\/wp\/v2\/types\/product"}],"version-history":[{"count":0,"href":"https:\/\/diamant-strass-dmc.com\/da\/wp-json\/wp\/v2\/product\/55852\/revisions"}],"wp:featuredmedia":[{"embeddable":true,"href":"https:\/\/diamant-strass-dmc.com\/da\/wp-json\/wp\/v2\/media\/55154"}],"wp:attachment":[{"href":"https:\/\/diamant-strass-dmc.com\/da\/wp-json\/wp\/v2\/media?parent=55852"}],"wp:term":[{"taxonomy":"product_brand","embeddable":true,"href":"https:\/\/diamant-strass-dmc.com\/da\/wp-json\/wp\/v2\/product_brand?post=55852"},{"taxonomy":"product_cat","embeddable":true,"href":"https:\/\/diamant-strass-dmc.com\/da\/wp-json\/wp\/v2\/product_cat?post=55852"}],"curies":[{"name":"wp","href":"https:\/\/api.w.org\/{rel}","templated":true}]}}