{"id":55045,"date":"2023-02-01T01:43:46","date_gmt":"2023-02-01T00:43:46","guid":{"rendered":"https:\/\/diamant-strass-dmc.com\/perles-broderie\/head-stylo-metal-silver-gold-diamond-maling\/"},"modified":"2023-02-01T04:08:58","modified_gmt":"2023-02-01T03:08:58","slug":"head-stylo-metal-silver-gold-diamond-maling","status":"publish","type":"product","link":"https:\/\/diamant-strass-dmc.com\/da\/perles-broderie\/head-stylo-metal-silver-gold-diamond-maling\/","title":{"rendered":"S\u00f8lv- eller guldfarvede metalpennehoveder"},"content":{"rendered":"<p><span style=\"color:red;\"><strong>Det f\u00f8rste billede viser de to s\u00e6t, men den viste pris er kun for \u00e9t s\u00e6t.<\/strong><\/span><\/p>\n<p><strong>Indhold i s\u00e6ttet :<\/strong><br \/>\n&#8211; 2 hoveder for 1 diamant;<br \/>\n&#8211; 1 vinklet hoved til 1 diamant ;<br \/>\n&#8211; 1 hoved for 3 diamanter;<br \/>\n&#8211; 1 hoved for 4 diamanter ;<br \/>\n&#8211; 1 hoved for 5 diamanter;<br \/>\n&#8211; 1 hoved for 6 diamanter;<br \/>\n&#8211; 1 hoved for 7 diamanter ;<br \/>\n&#8211; 1 hoved for 8 diamanter ;<br \/>\n&#8211; 1 hoved for 9 diamanter ;<br \/>\n&#8211; 1 hoved for 10 diamanter;<br \/>\n&#8211; 1 korrektionshoved.<\/p>\n<p>Korrektionshovedet, der skal inds\u00e6ttes mellem r\u00e6kkerne af diamanter, g\u00f8r det muligt at placere dem korrekt.<\/p>\n","protected":false},"excerpt":{"rendered":"<p>&#8211; I rustfrit st\u00e5l<br \/>\n&#8211; Pr\u00e6senteret i en lille plastik\u00e6ske<\/p>\n","protected":false},"featured_media":54906,"template":"","meta":{"footnotes":""},"product_brand":[],"product_cat":[7176],"class_list":{"0":"post-55045","1":"product","2":"type-product","3":"status-publish","4":"has-post-thumbnail","6":"product_cat-tilbehor","8":"first","9":"instock","10":"sale","11":"taxable","12":"shipping-taxable","13":"purchasable","14":"product-type-variable","15":"has-default-attributes"},"aioseo_notices":[],"_links":{"self":[{"href":"https:\/\/diamant-strass-dmc.com\/da\/wp-json\/wp\/v2\/product\/55045","targetHints":{"allow":["GET"]}}],"collection":[{"href":"https:\/\/diamant-strass-dmc.com\/da\/wp-json\/wp\/v2\/product"}],"about":[{"href":"https:\/\/diamant-strass-dmc.com\/da\/wp-json\/wp\/v2\/types\/product"}],"version-history":[{"count":0,"href":"https:\/\/diamant-strass-dmc.com\/da\/wp-json\/wp\/v2\/product\/55045\/revisions"}],"wp:featuredmedia":[{"embeddable":true,"href":"https:\/\/diamant-strass-dmc.com\/da\/wp-json\/wp\/v2\/media\/54906"}],"wp:attachment":[{"href":"https:\/\/diamant-strass-dmc.com\/da\/wp-json\/wp\/v2\/media?parent=55045"}],"wp:term":[{"taxonomy":"product_brand","embeddable":true,"href":"https:\/\/diamant-strass-dmc.com\/da\/wp-json\/wp\/v2\/product_brand?post=55045"},{"taxonomy":"product_cat","embeddable":true,"href":"https:\/\/diamant-strass-dmc.com\/da\/wp-json\/wp\/v2\/product_cat?post=55045"}],"curies":[{"name":"wp","href":"https:\/\/api.w.org\/{rel}","templated":true}]}}