{"id":55030,"date":"2023-02-01T03:24:35","date_gmt":"2023-02-01T02:24:35","guid":{"rendered":"https:\/\/diamant-strass-dmc.com\/perles-broderie\/metal-styloads-heads-limited-edition\/"},"modified":"2023-02-01T04:08:54","modified_gmt":"2023-02-01T03:08:54","slug":"metal-styloads-heads-limited-edition","status":"publish","type":"product","link":"https:\/\/diamant-strass-dmc.com\/da\/perles-broderie\/metal-styloads-heads-limited-edition\/","title":{"rendered":"Metal pennehoveder limited edition"},"content":{"rendered":"<p><span style=\"color:red;\"><strong>Nogle af billederne viser de to s\u00e6t, men den viste pris er kun for et s\u00e6t.<\/strong><\/span><\/p>\n<p><strong>Indhold i s\u00e6ttet :<\/strong><br \/>\n&#8211; 1 hoved for 1 diamant ;<br \/>\n&#8211; 1 vinklet hoved til 1 diamant ;<br \/>\n&#8211; 1 hoved for 3 diamanter;<br \/>\n&#8211; 1 hoved for 6 diamanter;<br \/>\n&#8211; 1 hoved for 9 diamanter;<br \/>\n&#8211; 1 korrektionshoved.<\/p>\n<p>Korrektionshovedet, der skal inds\u00e6ttes mellem r\u00e6kkerne af diamanter, g\u00f8r det muligt at placere dem korrekt.<\/p>\n<p>Spidserne i <strong>&#8220;Magic&#8221;-s\u00e6ttet<\/strong> er s\u00f8lvfarvede, asymmetriske og overs\u00e5et med glitrende rhinsten.<\/p>\n<p>Endepunkterne p\u00e5 <strong>&#8220;ren\u00e6ssance&#8221;-\u00e6sken<\/strong> er forgyldt og graveret med arabesker.<\/p>\n","protected":false},"excerpt":{"rendered":"<p>&#8211; Begr\u00e6nset udgave<br \/>\n&#8211; I rustfrit st\u00e5l<br \/>\n&#8211; Pr\u00e6senteret i en lille plastik\u00e6ske<\/p>\n","protected":false},"featured_media":116122,"template":"","meta":{"footnotes":""},"product_brand":[],"product_cat":[7176],"class_list":{"0":"post-55030","1":"product","2":"type-product","3":"status-publish","4":"has-post-thumbnail","6":"product_cat-tilbehor","8":"first","9":"instock","10":"sale","11":"taxable","12":"shipping-taxable","13":"purchasable","14":"product-type-variable"},"aioseo_notices":[],"_links":{"self":[{"href":"https:\/\/diamant-strass-dmc.com\/da\/wp-json\/wp\/v2\/product\/55030","targetHints":{"allow":["GET"]}}],"collection":[{"href":"https:\/\/diamant-strass-dmc.com\/da\/wp-json\/wp\/v2\/product"}],"about":[{"href":"https:\/\/diamant-strass-dmc.com\/da\/wp-json\/wp\/v2\/types\/product"}],"version-history":[{"count":0,"href":"https:\/\/diamant-strass-dmc.com\/da\/wp-json\/wp\/v2\/product\/55030\/revisions"}],"wp:featuredmedia":[{"embeddable":true,"href":"https:\/\/diamant-strass-dmc.com\/da\/wp-json\/wp\/v2\/media\/116122"}],"wp:attachment":[{"href":"https:\/\/diamant-strass-dmc.com\/da\/wp-json\/wp\/v2\/media?parent=55030"}],"wp:term":[{"taxonomy":"product_brand","embeddable":true,"href":"https:\/\/diamant-strass-dmc.com\/da\/wp-json\/wp\/v2\/product_brand?post=55030"},{"taxonomy":"product_cat","embeddable":true,"href":"https:\/\/diamant-strass-dmc.com\/da\/wp-json\/wp\/v2\/product_cat?post=55030"}],"curies":[{"name":"wp","href":"https:\/\/api.w.org\/{rel}","templated":true}]}}