{"id":49218,"date":"2022-09-05T19:12:47","date_gmt":"2023-01-18T01:40:46","guid":{"rendered":"https:\/\/diamant-strass-dmc.com\/perles-broderie\/elefant-ringholder-broderi-diamond-maleri\/"},"modified":"2023-01-18T02:40:46","modified_gmt":"2023-01-18T01:40:46","slug":"elefant-ringholder-broderi-diamond-maleri","status":"publish","type":"product","link":"https:\/\/diamant-strass-dmc.com\/da\/perles-broderie\/elefant-ringholder-broderi-diamond-maleri\/","title":{"rendered":"4 elefantn\u00f8gleringe i diamantbroderi"},"content":{"rendered":"<p>N\u00f8gleringens m\u00e5l (uden k\u00e6de): 7 x 7 cm<\/p>\n","protected":false},"excerpt":{"rendered":"<p><strong>Dette s\u00e6t indeholder :<\/strong><\/p>\n<ul>\n<li>4 elementer til at brodere<\/li>\n<li>1 kuglepen med spids<\/li>\n<li>Diamant tasker<\/li>\n<li>1 kvadrat med lim<\/li>\n<li>1 sorteringsbakke med diamanter<\/li>\n<li>4 k\u00e6der + clips<\/li>\n<li>Tomme poser til opbevaring af diamanter<\/li>\n<\/ul>\n","protected":false},"featured_media":44233,"template":"","meta":{"footnotes":""},"product_brand":[],"product_cat":[7209],"class_list":{"0":"post-49218","1":"product","2":"type-product","3":"status-publish","4":"has-post-thumbnail","6":"product_cat-diamant-broderi-noglering","8":"first","9":"instock","10":"sale","11":"taxable","12":"shipping-taxable","13":"purchasable","14":"product-type-simple"},"aioseo_notices":[],"_links":{"self":[{"href":"https:\/\/diamant-strass-dmc.com\/da\/wp-json\/wp\/v2\/product\/49218","targetHints":{"allow":["GET"]}}],"collection":[{"href":"https:\/\/diamant-strass-dmc.com\/da\/wp-json\/wp\/v2\/product"}],"about":[{"href":"https:\/\/diamant-strass-dmc.com\/da\/wp-json\/wp\/v2\/types\/product"}],"version-history":[{"count":0,"href":"https:\/\/diamant-strass-dmc.com\/da\/wp-json\/wp\/v2\/product\/49218\/revisions"}],"wp:featuredmedia":[{"embeddable":true,"href":"https:\/\/diamant-strass-dmc.com\/da\/wp-json\/wp\/v2\/media\/44233"}],"wp:attachment":[{"href":"https:\/\/diamant-strass-dmc.com\/da\/wp-json\/wp\/v2\/media?parent=49218"}],"wp:term":[{"taxonomy":"product_brand","embeddable":true,"href":"https:\/\/diamant-strass-dmc.com\/da\/wp-json\/wp\/v2\/product_brand?post=49218"},{"taxonomy":"product_cat","embeddable":true,"href":"https:\/\/diamant-strass-dmc.com\/da\/wp-json\/wp\/v2\/product_cat?post=49218"}],"curies":[{"name":"wp","href":"https:\/\/api.w.org\/{rel}","templated":true}]}}