{"id":49049,"date":"2022-09-05T18:43:28","date_gmt":"2023-01-18T01:33:16","guid":{"rendered":"https:\/\/diamant-strass-dmc.com\/perles-broderie\/jule-ring-broderi-diamant-maling\/"},"modified":"2023-01-18T02:33:16","modified_gmt":"2023-01-18T01:33:16","slug":"jule-ring-broderi-diamant-maling","status":"publish","type":"product","link":"https:\/\/diamant-strass-dmc.com\/da\/perles-broderie\/jule-ring-broderi-diamant-maling\/","title":{"rendered":"4 julen\u00f8gleringe i diamantbroderi"},"content":{"rendered":"<p><strong>Dimensioner p\u00e5 n\u00f8gleringe (uden k\u00e6de) i <\/strong><strong>Bredde x h\u00f8jde :<\/strong><br \/>\nGrantr\u00e6: 6 x 6,9 cm<br \/>\nSnemand: 7,8 x 5 cm<br \/>\nLydd\u00e6mper: 6,9 x 5,1 cm<br \/>\nStr\u00f8mpe: 4,7 x 7,3 cm<\/p>\n","protected":false},"excerpt":{"rendered":"<p><strong>Dette s\u00e6t indeholder :<\/strong><\/p>\n<ul>\n<li>4 elementer til at brodere<\/li>\n<li>1 kuglepen med spids<\/li>\n<li>Diamant tasker<\/li>\n<li>1 kvadrat med lim<\/li>\n<li>1 sorteringsbakke med diamanter<\/li>\n<li>4 k\u00e6der + clips<\/li>\n<li>Tomme poser til opbevaring af diamanter<\/li>\n<\/ul>\n","protected":false},"featured_media":44278,"template":"","meta":{"footnotes":""},"product_brand":[],"product_cat":[7209],"class_list":{"0":"post-49049","1":"product","2":"type-product","3":"status-publish","4":"has-post-thumbnail","6":"product_cat-diamant-broderi-noglering","8":"first","9":"outofstock","10":"sale","11":"taxable","12":"shipping-taxable","13":"purchasable","14":"product-type-simple"},"aioseo_notices":[],"_links":{"self":[{"href":"https:\/\/diamant-strass-dmc.com\/da\/wp-json\/wp\/v2\/product\/49049","targetHints":{"allow":["GET"]}}],"collection":[{"href":"https:\/\/diamant-strass-dmc.com\/da\/wp-json\/wp\/v2\/product"}],"about":[{"href":"https:\/\/diamant-strass-dmc.com\/da\/wp-json\/wp\/v2\/types\/product"}],"version-history":[{"count":0,"href":"https:\/\/diamant-strass-dmc.com\/da\/wp-json\/wp\/v2\/product\/49049\/revisions"}],"wp:featuredmedia":[{"embeddable":true,"href":"https:\/\/diamant-strass-dmc.com\/da\/wp-json\/wp\/v2\/media\/44278"}],"wp:attachment":[{"href":"https:\/\/diamant-strass-dmc.com\/da\/wp-json\/wp\/v2\/media?parent=49049"}],"wp:term":[{"taxonomy":"product_brand","embeddable":true,"href":"https:\/\/diamant-strass-dmc.com\/da\/wp-json\/wp\/v2\/product_brand?post=49049"},{"taxonomy":"product_cat","embeddable":true,"href":"https:\/\/diamant-strass-dmc.com\/da\/wp-json\/wp\/v2\/product_cat?post=49049"}],"curies":[{"name":"wp","href":"https:\/\/api.w.org\/{rel}","templated":true}]}}