{"id":47735,"date":"2022-11-17T19:12:57","date_gmt":"2022-11-17T18:12:57","guid":{"rendered":"https:\/\/diamant-strass-dmc.com\/perles-broderie\/bakke-geant-xxl-embroidery-diamant\/"},"modified":"2023-01-18T02:32:56","modified_gmt":"2023-01-18T01:32:56","slug":"bakke-geant-xxl-embroidery-diamant","status":"publish","type":"product","link":"https:\/\/diamant-strass-dmc.com\/da\/perles-broderie\/bakke-geant-xxl-embroidery-diamant\/","title":{"rendered":"K\u00e6mpe bakke til diamantbroderi"},"content":{"rendered":"","protected":false},"excerpt":{"rendered":"<p>Denne gigantiske rillede bakke m\u00e5ler <strong>16,5 x 8,5 cm<\/strong>. Den har s\u00e6rligt h\u00f8je sider (1 cm h\u00f8je) og en <strong>tud<\/strong> til nem t\u00f8mning af overskydende diamanter.<\/p>\n","protected":false},"featured_media":116107,"template":"","meta":{"footnotes":""},"product_brand":[],"product_cat":[7176],"class_list":{"0":"post-47735","1":"product","2":"type-product","3":"status-publish","4":"has-post-thumbnail","6":"product_cat-tilbehor","8":"first","9":"instock","10":"sale","11":"taxable","12":"shipping-taxable","13":"purchasable","14":"product-type-simple"},"aioseo_notices":[],"_links":{"self":[{"href":"https:\/\/diamant-strass-dmc.com\/da\/wp-json\/wp\/v2\/product\/47735","targetHints":{"allow":["GET"]}}],"collection":[{"href":"https:\/\/diamant-strass-dmc.com\/da\/wp-json\/wp\/v2\/product"}],"about":[{"href":"https:\/\/diamant-strass-dmc.com\/da\/wp-json\/wp\/v2\/types\/product"}],"version-history":[{"count":0,"href":"https:\/\/diamant-strass-dmc.com\/da\/wp-json\/wp\/v2\/product\/47735\/revisions"}],"wp:featuredmedia":[{"embeddable":true,"href":"https:\/\/diamant-strass-dmc.com\/da\/wp-json\/wp\/v2\/media\/116107"}],"wp:attachment":[{"href":"https:\/\/diamant-strass-dmc.com\/da\/wp-json\/wp\/v2\/media?parent=47735"}],"wp:term":[{"taxonomy":"product_brand","embeddable":true,"href":"https:\/\/diamant-strass-dmc.com\/da\/wp-json\/wp\/v2\/product_brand?post=47735"},{"taxonomy":"product_cat","embeddable":true,"href":"https:\/\/diamant-strass-dmc.com\/da\/wp-json\/wp\/v2\/product_cat?post=47735"}],"curies":[{"name":"wp","href":"https:\/\/api.w.org\/{rel}","templated":true}]}}