{"id":46689,"date":"2022-08-10T21:29:16","date_gmt":"2022-08-10T19:29:16","guid":{"rendered":"https:\/\/diamant-strass-dmc.com\/perles-broderie\/100-lynlaasposer-til-perler-i-overskud\/"},"modified":"2024-09-16T14:51:10","modified_gmt":"2024-09-16T12:51:10","slug":"lynlasposer-perler-diamanter-overskud","status":"publish","type":"product","link":"https:\/\/diamant-strass-dmc.com\/da\/perles-broderie\/lynlasposer-perler-diamanter-overskud\/","title":{"rendered":"Tykke lynl\u00e5sposer til overskydende perler"},"content":{"rendered":"<p>Denne pakke med <strong>lynl\u00e5sposer<\/strong> er praktisk til opbevaring af dine perler eller <strong>overskydende diamantmalerperler<\/strong>.<br \/>\nDisse sm\u00e5 poser har en praktisk st\u00f8rrelse p\u00e5 <strong>4 x 6 cm<\/strong> (brugbar st\u00f8rrelse, dvs. eksklusive fastg\u00f8relsesstrimlen). <\/p>\n<p>Lukningen er meget p\u00e5lidelig, og <strong>plasten er tyk<\/strong> (50 mikrometer).<\/p>\n<p>Lukkelisten har et centralt oph\u00e6ngningshul p\u00e5 6 mm i diameter.<\/p>\n","protected":false},"excerpt":{"rendered":"<p style=\"display:none;\">ok<\/p>\n","protected":false},"featured_media":35865,"template":"","meta":{"footnotes":""},"product_brand":[],"product_cat":[7284,7176],"class_list":{"0":"post-46689","1":"product","2":"type-product","3":"status-publish","4":"has-post-thumbnail","6":"product_cat-promo-da","7":"product_cat-tilbehor","9":"first","10":"instock","11":"sale","12":"taxable","13":"shipping-taxable","14":"purchasable","15":"product-type-variable","16":"has-default-attributes"},"aioseo_notices":[],"_links":{"self":[{"href":"https:\/\/diamant-strass-dmc.com\/da\/wp-json\/wp\/v2\/product\/46689","targetHints":{"allow":["GET"]}}],"collection":[{"href":"https:\/\/diamant-strass-dmc.com\/da\/wp-json\/wp\/v2\/product"}],"about":[{"href":"https:\/\/diamant-strass-dmc.com\/da\/wp-json\/wp\/v2\/types\/product"}],"version-history":[{"count":7,"href":"https:\/\/diamant-strass-dmc.com\/da\/wp-json\/wp\/v2\/product\/46689\/revisions"}],"predecessor-version":[{"id":76841,"href":"https:\/\/diamant-strass-dmc.com\/da\/wp-json\/wp\/v2\/product\/46689\/revisions\/76841"}],"wp:featuredmedia":[{"embeddable":true,"href":"https:\/\/diamant-strass-dmc.com\/da\/wp-json\/wp\/v2\/media\/35865"}],"wp:attachment":[{"href":"https:\/\/diamant-strass-dmc.com\/da\/wp-json\/wp\/v2\/media?parent=46689"}],"wp:term":[{"taxonomy":"product_brand","embeddable":true,"href":"https:\/\/diamant-strass-dmc.com\/da\/wp-json\/wp\/v2\/product_brand?post=46689"},{"taxonomy":"product_cat","embeddable":true,"href":"https:\/\/diamant-strass-dmc.com\/da\/wp-json\/wp\/v2\/product_cat?post=46689"}],"curies":[{"name":"wp","href":"https:\/\/api.w.org\/{rel}","templated":true}]}}