{"id":46594,"date":"2022-07-27T03:09:55","date_gmt":"2022-07-27T01:09:55","guid":{"rendered":"https:\/\/diamant-strass-dmc.com\/perles-broderie\/standard-pen-med-7-diamanthoved\/"},"modified":"2024-10-19T02:30:42","modified_gmt":"2024-10-19T00:30:42","slug":"standard-pen-embroidery-diamond","status":"publish","type":"product","link":"https:\/\/diamant-strass-dmc.com\/da\/perles-broderie\/standard-pen-embroidery-diamond\/","title":{"rendered":"S\u00e6t med 2 diamantmalingspenne med hoveder og greb"},"content":{"rendered":"<p><strong>Pennens l\u00e6ngde: 12,6 cm.<\/strong><\/p>\n<p>Standardpenne, der er kompatible med ethvert greb eller standardpennehoved.<\/p>\n<p>Multidiamanthoveder bruges til at fange og fatte flere perler p\u00e5 \u00e9n gang. I dette s\u00e6t finder du et hoved til indfatning af 3 diamanter p\u00e5 samme tid og et andet til indfatning af 9 p\u00e5 samme tid (ud over de 2 hoveder til indfatning af kun \u00e9n diamant). <\/p>\n<p>Hovederne er halvgennemsigtige, s\u00e5 de slipper lys igennem, men er heller ikke gennemsigtige. Plastikken er r\u00f8gfarvet hvid. <\/p>\n","protected":false},"excerpt":{"rendered":"<p style=\"margin-bottom:0;\"><strong>Dette s\u00e6t indeholder :<\/strong><\/p>\n<ul>\n<li>1 lyser\u00f8d pen + 1 r\u00f8dt greb ;<\/li>\n<li>1 bl\u00e5 pen + 1 bl\u00e5t greb ;<\/li>\n<li>2 hoveder for 1 diamant;<\/li>\n<li>1 hoved for 3 diamanter ;<\/li>\n<li>1 hoved for 9 diamanter.<\/li>\n<\/ul>\n","protected":false},"featured_media":79370,"template":"","meta":{"footnotes":""},"product_brand":[],"product_cat":[7284,7176],"class_list":{"0":"post-46594","1":"product","2":"type-product","3":"status-publish","4":"has-post-thumbnail","6":"product_cat-promo-da","7":"product_cat-tilbehor","9":"first","10":"instock","11":"sale","12":"taxable","13":"shipping-taxable","14":"purchasable","15":"product-type-simple"},"aioseo_notices":[],"_links":{"self":[{"href":"https:\/\/diamant-strass-dmc.com\/da\/wp-json\/wp\/v2\/product\/46594","targetHints":{"allow":["GET"]}}],"collection":[{"href":"https:\/\/diamant-strass-dmc.com\/da\/wp-json\/wp\/v2\/product"}],"about":[{"href":"https:\/\/diamant-strass-dmc.com\/da\/wp-json\/wp\/v2\/types\/product"}],"version-history":[{"count":1,"href":"https:\/\/diamant-strass-dmc.com\/da\/wp-json\/wp\/v2\/product\/46594\/revisions"}],"predecessor-version":[{"id":79454,"href":"https:\/\/diamant-strass-dmc.com\/da\/wp-json\/wp\/v2\/product\/46594\/revisions\/79454"}],"wp:featuredmedia":[{"embeddable":true,"href":"https:\/\/diamant-strass-dmc.com\/da\/wp-json\/wp\/v2\/media\/79370"}],"wp:attachment":[{"href":"https:\/\/diamant-strass-dmc.com\/da\/wp-json\/wp\/v2\/media?parent=46594"}],"wp:term":[{"taxonomy":"product_brand","embeddable":true,"href":"https:\/\/diamant-strass-dmc.com\/da\/wp-json\/wp\/v2\/product_brand?post=46594"},{"taxonomy":"product_cat","embeddable":true,"href":"https:\/\/diamant-strass-dmc.com\/da\/wp-json\/wp\/v2\/product_cat?post=46594"}],"curies":[{"name":"wp","href":"https:\/\/api.w.org\/{rel}","templated":true}]}}