{"id":46444,"date":"2022-07-28T01:36:54","date_gmt":"2022-10-05T00:02:24","guid":{"rendered":"https:\/\/diamant-strass-dmc.com\/perles-broderie\/diamant-broderi-pennehoved\/"},"modified":"2024-09-17T17:45:12","modified_gmt":"2024-09-17T15:45:12","slug":"head-stylo-brodery-diamond","status":"publish","type":"product","link":"https:\/\/diamant-strass-dmc.com\/da\/perles-broderie\/head-stylo-brodery-diamond\/","title":{"rendered":"Pennehoveder til diamantmaling"},"content":{"rendered":"<p>Billedet viser alle de tilg\u00e6ngelige hoveder, men <strong>prisen er for et enkelt hoved<\/strong> og ikke for <strong>et<\/strong> parti, medmindre du v\u00e6lger <strong><em>Alle hoveder, undtagen &#8220;A &#8211; Korrigerende hoved&#8221;.<\/em><\/strong>I s\u00e5 fald f\u00e5r du alle 13 multidiamanthoveder plus 1 vinklet diamanthoved (14 hoveder i alt).<\/p>\n<p><strong>3 til 15 diamanter<\/strong> kan indfattes p\u00e5 \u00e9n gang, afh\u00e6ngigt af hovedets st\u00f8rrelse (figur p\u00e5 foto). Denne st\u00f8rrelse v\u00e6lges i &#8220;hovedtype&#8221;.<\/p>\n<p>Vi tilbyder ogs\u00e5 et hoved, der kun tillader placering af \u00e9n diamant, og hvis s\u00e6rlige egenskab er, at det er <strong>vinklet<\/strong>, hvilket giver <strong>bedre ergonomi<\/strong> og positionering af pennen.<\/p>\n<p>Endelig tilbyder vi et <strong>&#8220;korrektionshoved<\/strong>&#8220;, som ikke g\u00f8r det muligt at fatte diamanter, men som inds\u00e6ttes mellem r\u00e6kkerne, s\u00e5 diamanterne er korrekt justeret.<\/p>\n<p>Disse hoveder passer til alle standard diamantmalingspenne, inklusive den grundl\u00e6ggende pink pen, der f\u00f8lger med de fleste s\u00e6t.<\/p>\n<style><!-- .woo-selected-variation-item-name, .woocommerce-product-details__short-description { display:none !important; } li.variable-item { line-height: 1em; } --><\/style>\n","protected":false},"excerpt":{"rendered":"<p>Diamantmaleri<\/p>\n","protected":false},"featured_media":69621,"template":"","meta":{"footnotes":""},"product_brand":[],"product_cat":[7176],"class_list":{"0":"post-46444","1":"product","2":"type-product","3":"status-publish","4":"has-post-thumbnail","6":"product_cat-tilbehor","8":"first","9":"instock","10":"sale","11":"taxable","12":"shipping-taxable","13":"purchasable","14":"product-type-variable","15":"has-default-attributes"},"aioseo_notices":[],"_links":{"self":[{"href":"https:\/\/diamant-strass-dmc.com\/da\/wp-json\/wp\/v2\/product\/46444","targetHints":{"allow":["GET"]}}],"collection":[{"href":"https:\/\/diamant-strass-dmc.com\/da\/wp-json\/wp\/v2\/product"}],"about":[{"href":"https:\/\/diamant-strass-dmc.com\/da\/wp-json\/wp\/v2\/types\/product"}],"version-history":[{"count":7,"href":"https:\/\/diamant-strass-dmc.com\/da\/wp-json\/wp\/v2\/product\/46444\/revisions"}],"predecessor-version":[{"id":77584,"href":"https:\/\/diamant-strass-dmc.com\/da\/wp-json\/wp\/v2\/product\/46444\/revisions\/77584"}],"wp:featuredmedia":[{"embeddable":true,"href":"https:\/\/diamant-strass-dmc.com\/da\/wp-json\/wp\/v2\/media\/69621"}],"wp:attachment":[{"href":"https:\/\/diamant-strass-dmc.com\/da\/wp-json\/wp\/v2\/media?parent=46444"}],"wp:term":[{"taxonomy":"product_brand","embeddable":true,"href":"https:\/\/diamant-strass-dmc.com\/da\/wp-json\/wp\/v2\/product_brand?post=46444"},{"taxonomy":"product_cat","embeddable":true,"href":"https:\/\/diamant-strass-dmc.com\/da\/wp-json\/wp\/v2\/product_cat?post=46444"}],"curies":[{"name":"wp","href":"https:\/\/api.w.org\/{rel}","templated":true}]}}