{"id":46437,"date":"2022-07-27T23:28:44","date_gmt":"2022-07-27T21:28:44","guid":{"rendered":"https:\/\/diamant-strass-dmc.com\/perles-broderie\/lysende-pen-med-forstoerrelsesglas-og-hoveder\/"},"modified":"2024-09-17T17:19:52","modified_gmt":"2024-09-17T15:19:52","slug":"illumineret-pen-skaerer-i-diamant-broderi","status":"publish","type":"product","link":"https:\/\/diamant-strass-dmc.com\/da\/perles-broderie\/illumineret-pen-skaerer-i-diamant-broderi\/","title":{"rendered":"Oplyst pen med forst\u00f8rrelsesglas og hoveder"},"content":{"rendered":"<p>Denne selvlysende pen udsender et <strong>m\u00e5lrettet<\/strong> lys, som g\u00f8r det lettere at samle diamanter op og placere dem.<\/p>\n<p>Den drives af <strong>2 AAA-batterier (medf\u00f8lger ikke)<\/strong> og har <strong>flere hoveder<\/strong> til at holde 1, 3 eller 6 diamanter samt et &#8220;korrektionshoved&#8221; til at justere diamanterne, n\u00e5r de s\u00e6ttes ind mellem r\u00e6kkerne.<\/p>\n<p>Denne pen leveres ogs\u00e5 med <strong>et<\/strong> drejeligt <strong>forst\u00f8rrelsesglas<\/strong>, der klikkes p\u00e5 <strong>for<\/strong> at <strong>forst\u00f8rre<\/strong> det omr\u00e5de, der skal broderes, og forbedre detaljerne.<\/p>\n<p>Lyset t\u00e6ndes og slukkes ved hj\u00e6lp af knappen for enden af pennen.<\/p>\n","protected":false},"excerpt":{"rendered":"<p><strong>Pakkens indhold :<\/strong><\/p>\n<ul>\n<li>1 oplyst pen ;<\/li>\n<li>1 forst\u00f8rrelsesglas med clips;<\/li>\n<li>1 standardhoved 1 diamant ;<\/li>\n<li>1 standard 3-diamant hoved ;<\/li>\n<li>1 hoved 6 diamanter ;<\/li>\n<li>1 korrektionshoved ;<\/li>\n<\/ul>\n","protected":false},"featured_media":70692,"template":"","meta":{"footnotes":""},"product_brand":[],"product_cat":[7284,7176],"class_list":{"0":"post-46437","1":"product","2":"type-product","3":"status-publish","4":"has-post-thumbnail","6":"product_cat-promo-da","7":"product_cat-tilbehor","9":"first","10":"instock","11":"sale","12":"taxable","13":"shipping-taxable","14":"purchasable","15":"product-type-variable","16":"has-default-attributes"},"aioseo_notices":[],"_links":{"self":[{"href":"https:\/\/diamant-strass-dmc.com\/da\/wp-json\/wp\/v2\/product\/46437","targetHints":{"allow":["GET"]}}],"collection":[{"href":"https:\/\/diamant-strass-dmc.com\/da\/wp-json\/wp\/v2\/product"}],"about":[{"href":"https:\/\/diamant-strass-dmc.com\/da\/wp-json\/wp\/v2\/types\/product"}],"version-history":[{"count":5,"href":"https:\/\/diamant-strass-dmc.com\/da\/wp-json\/wp\/v2\/product\/46437\/revisions"}],"predecessor-version":[{"id":77499,"href":"https:\/\/diamant-strass-dmc.com\/da\/wp-json\/wp\/v2\/product\/46437\/revisions\/77499"}],"wp:featuredmedia":[{"embeddable":true,"href":"https:\/\/diamant-strass-dmc.com\/da\/wp-json\/wp\/v2\/media\/70692"}],"wp:attachment":[{"href":"https:\/\/diamant-strass-dmc.com\/da\/wp-json\/wp\/v2\/media?parent=46437"}],"wp:term":[{"taxonomy":"product_brand","embeddable":true,"href":"https:\/\/diamant-strass-dmc.com\/da\/wp-json\/wp\/v2\/product_brand?post=46437"},{"taxonomy":"product_cat","embeddable":true,"href":"https:\/\/diamant-strass-dmc.com\/da\/wp-json\/wp\/v2\/product_cat?post=46437"}],"curies":[{"name":"wp","href":"https:\/\/api.w.org\/{rel}","templated":true}]}}