{"id":46341,"date":"2022-09-06T18:03:14","date_gmt":"2022-10-05T00:01:47","guid":{"rendered":"https:\/\/diamant-strass-dmc.com\/perles-broderie\/3-hjul-selvklaebende-rulle\/"},"modified":"2023-01-18T02:36:10","modified_gmt":"2023-01-18T01:36:10","slug":"roulette-brodery-diamond-painting","status":"publish","type":"product","link":"https:\/\/diamant-strass-dmc.com\/da\/perles-broderie\/roulette-brodery-diamond-painting\/","title":{"rendered":"3 hjul + kl\u00e6berulle"},"content":{"rendered":"<p>1\/ <strong>S\u00e6t et stykke tape fast<\/strong> omkring hjulet;<br \/>\n2\/ Rul hjulet i din bakke for at <strong>f\u00e5 fat i diamanterne<\/strong>;<br \/>\n3\/ Rul rullen over l\u00e6rredet for at <strong>s\u00e6tte diamanterne<\/strong> p\u00e5.<\/p>\n<p>Placer flere diamanter med de medf\u00f8lgende hjul med 3 forskellige diametre, alt efter behov (jo st\u00f8rre hjulet er, jo flere diamanter kan du placere).<\/p>\n<p>Hjulene er fastgjort til enden af deres spindel med et skrue gevind, og der medf\u00f8lger 3 spindler, s\u00e5 du kan nyde godt af de forskellige st\u00f8rrelser af hjul uden at skulle afmontere dem hver gang.<\/p>\n<p>Der medf\u00f8lger ogs\u00e5 en rulle kl\u00e6beb\u00e5nd i samme bredde som hjulene.<\/p>\n<p><strong>Roulettehjulet kr\u00e6ver \u00f8velse, men n\u00e5r du f\u00f8rst har l\u00e6rt det, vil du ikke kunne undv\u00e6re det!<\/strong><\/p>\n","protected":false},"excerpt":{"rendered":"<p><strong>Dette s\u00e6t indeholder :<\/strong><\/p>\n<ul>\n<li><strong>3 hjul<\/strong> (3 cm, 4 cm og 5 cm i diameter) ;<\/li>\n<li><strong>3 st\u00e6nger<\/strong> til at l\u00f8se dem;<\/li>\n<li><strong>1 rulle kl\u00e6beb\u00e5nd<\/strong>.<\/li>\n<\/ul>\n","protected":false},"featured_media":44335,"template":"","meta":{"footnotes":""},"product_brand":[],"product_cat":[7176],"class_list":{"0":"post-46341","1":"product","2":"type-product","3":"status-publish","4":"has-post-thumbnail","6":"product_cat-tilbehor","8":"first","9":"instock","10":"sale","11":"taxable","12":"shipping-taxable","13":"purchasable","14":"product-type-simple"},"aioseo_notices":[],"_links":{"self":[{"href":"https:\/\/diamant-strass-dmc.com\/da\/wp-json\/wp\/v2\/product\/46341","targetHints":{"allow":["GET"]}}],"collection":[{"href":"https:\/\/diamant-strass-dmc.com\/da\/wp-json\/wp\/v2\/product"}],"about":[{"href":"https:\/\/diamant-strass-dmc.com\/da\/wp-json\/wp\/v2\/types\/product"}],"version-history":[{"count":0,"href":"https:\/\/diamant-strass-dmc.com\/da\/wp-json\/wp\/v2\/product\/46341\/revisions"}],"wp:featuredmedia":[{"embeddable":true,"href":"https:\/\/diamant-strass-dmc.com\/da\/wp-json\/wp\/v2\/media\/44335"}],"wp:attachment":[{"href":"https:\/\/diamant-strass-dmc.com\/da\/wp-json\/wp\/v2\/media?parent=46341"}],"wp:term":[{"taxonomy":"product_brand","embeddable":true,"href":"https:\/\/diamant-strass-dmc.com\/da\/wp-json\/wp\/v2\/product_brand?post=46341"},{"taxonomy":"product_cat","embeddable":true,"href":"https:\/\/diamant-strass-dmc.com\/da\/wp-json\/wp\/v2\/product_cat?post=46341"}],"curies":[{"name":"wp","href":"https:\/\/api.w.org\/{rel}","templated":true}]}}