{"id":46310,"date":"2022-09-22T02:40:14","date_gmt":"2022-10-05T00:01:41","guid":{"rendered":"https:\/\/diamant-strass-dmc.com\/perles-broderie\/10-non-stick-ark-laerredsdaeksel\/"},"modified":"2024-09-16T15:33:50","modified_gmt":"2024-09-16T13:33:50","slug":"anti-haefteplader-cover-toilet","status":"publish","type":"product","link":"https:\/\/diamant-strass-dmc.com\/da\/perles-broderie\/anti-haefteplader-cover-toilet\/","title":{"rendered":"Non-stick ark til l\u00e6rredsbetr\u00e6k"},"content":{"rendered":"<p>Kan pilles af og klistres p\u00e5 igen og <strong>igen<\/strong>.<br \/>\nDet er meget mere effektivt og behageligt, fordi man kan arbejde i sm\u00e5 omr\u00e5der<strong> uden at v\u00e6re h\u00e6mmet<\/strong> af det oprindelige store ark, som ofte ender med ikke at sidde fast. <\/p>\n","protected":false},"excerpt":{"rendered":"<p style=\"display:none;\">ok<\/p>\n","protected":false},"featured_media":45357,"template":"","meta":{"footnotes":""},"product_brand":[],"product_cat":[7284,7176],"class_list":{"0":"post-46310","1":"product","2":"type-product","3":"status-publish","4":"has-post-thumbnail","6":"product_cat-promo-da","7":"product_cat-tilbehor","9":"first","10":"instock","11":"sale","12":"taxable","13":"shipping-taxable","14":"purchasable","15":"product-type-variable","16":"has-default-attributes"},"aioseo_notices":[],"_links":{"self":[{"href":"https:\/\/diamant-strass-dmc.com\/da\/wp-json\/wp\/v2\/product\/46310","targetHints":{"allow":["GET"]}}],"collection":[{"href":"https:\/\/diamant-strass-dmc.com\/da\/wp-json\/wp\/v2\/product"}],"about":[{"href":"https:\/\/diamant-strass-dmc.com\/da\/wp-json\/wp\/v2\/types\/product"}],"version-history":[{"count":1,"href":"https:\/\/diamant-strass-dmc.com\/da\/wp-json\/wp\/v2\/product\/46310\/revisions"}],"predecessor-version":[{"id":76930,"href":"https:\/\/diamant-strass-dmc.com\/da\/wp-json\/wp\/v2\/product\/46310\/revisions\/76930"}],"wp:featuredmedia":[{"embeddable":true,"href":"https:\/\/diamant-strass-dmc.com\/da\/wp-json\/wp\/v2\/media\/45357"}],"wp:attachment":[{"href":"https:\/\/diamant-strass-dmc.com\/da\/wp-json\/wp\/v2\/media?parent=46310"}],"wp:term":[{"taxonomy":"product_brand","embeddable":true,"href":"https:\/\/diamant-strass-dmc.com\/da\/wp-json\/wp\/v2\/product_brand?post=46310"},{"taxonomy":"product_cat","embeddable":true,"href":"https:\/\/diamant-strass-dmc.com\/da\/wp-json\/wp\/v2\/product_cat?post=46310"}],"curies":[{"name":"wp","href":"https:\/\/api.w.org\/{rel}","templated":true}]}}