{"id":46213,"date":"2022-08-30T22:19:36","date_gmt":"2022-08-30T20:19:36","guid":{"rendered":"https:\/\/diamant-strass-dmc.com\/perles-broderie\/justeringslineal-til-diamantbroderi\/"},"modified":"2024-09-17T17:41:19","modified_gmt":"2024-09-17T15:41:19","slug":"lineal-aligning-embroidery-diamond","status":"publish","type":"product","link":"https:\/\/diamant-strass-dmc.com\/da\/perles-broderie\/lineal-aligning-embroidery-diamond\/","title":{"rendered":"Justeringsregel for diamantmaling"},"content":{"rendered":"<p>Denne regel giver dig mulighed for at tilpasse dine diamanter perfekt.<\/p>\n<p>Hvis du v\u00e6lger &#8220;en lineal af hver&#8221;, vil du modtage to linealer: en til runde diamanter og en til firkantede diamanter.<\/p>\n<p>Linealen er st\u00e6rk, men <strong>bevidst meget tynd<\/strong>, s\u00e5 den ikke h\u00e6nger fast i diamanterne, n\u00e5r den l\u00f8ftes af l\u00e6rredet.<\/p>\n<p>1\/ Placer linealen over dit l\u00e6rred, og lim derefter hver diamant p\u00e5 det angivne sted.<\/p>\n<p>2\/ Tr\u00e6k derefter forsigtigt linealen af ved at b\u00f8je den lidt (det er muligt p\u00e5 grund af dens fleksibilitet).<\/p>\n<div style=\"order: 6; border: 1px solid grey; padding: 10px 10px 0 10px; display: block; font-size: 14px; margin-bottom: 20px;\">\n<p>Den runde diamantlineal har en plads til hver diamant i det omr\u00e5de, hvor den skal placeres, mens den firkantede diamantlineal ikke viser dem alle.<\/p>\n<p>Men <strong>resultatet af den perfekte tilpasning vil v\u00e6re det samme<\/strong>, for n\u00e5r de firkantede diamanter er placeret, og linealen er fjernet fra l\u00e6rredet, skal du kun lime diamanterne p\u00e5 de steder, som linealen ikke viste.<\/p>\n<p>Og disse vil n\u00f8dvendigvis v\u00e6re perfekt placeret, fordi de vil blive placeret mod de diamanter, der allerede er limet og godt justeret.<\/p>\n<p>&nbsp;&nbsp;<\/p>\n<\/div>\n","protected":false},"excerpt":{"rendered":"<ul>\n<li>Lineal til runde diamanter: 11,5 x 3 cm ;<\/li>\n<li>Lineal til kvadratiske diamanter: 15,5 x 4,5 cm.<\/p>\n<\/li>\n<\/ul>\n","protected":false},"featured_media":70893,"template":"","meta":{"footnotes":""},"product_brand":[],"product_cat":[7284,7176],"class_list":{"0":"post-46213","1":"product","2":"type-product","3":"status-publish","4":"has-post-thumbnail","6":"product_cat-promo-da","7":"product_cat-tilbehor","9":"first","10":"instock","11":"sale","12":"taxable","13":"shipping-taxable","14":"purchasable","15":"product-type-variable","16":"has-default-attributes"},"aioseo_notices":[],"_links":{"self":[{"href":"https:\/\/diamant-strass-dmc.com\/da\/wp-json\/wp\/v2\/product\/46213","targetHints":{"allow":["GET"]}}],"collection":[{"href":"https:\/\/diamant-strass-dmc.com\/da\/wp-json\/wp\/v2\/product"}],"about":[{"href":"https:\/\/diamant-strass-dmc.com\/da\/wp-json\/wp\/v2\/types\/product"}],"version-history":[{"count":8,"href":"https:\/\/diamant-strass-dmc.com\/da\/wp-json\/wp\/v2\/product\/46213\/revisions"}],"predecessor-version":[{"id":77568,"href":"https:\/\/diamant-strass-dmc.com\/da\/wp-json\/wp\/v2\/product\/46213\/revisions\/77568"}],"wp:featuredmedia":[{"embeddable":true,"href":"https:\/\/diamant-strass-dmc.com\/da\/wp-json\/wp\/v2\/media\/70893"}],"wp:attachment":[{"href":"https:\/\/diamant-strass-dmc.com\/da\/wp-json\/wp\/v2\/media?parent=46213"}],"wp:term":[{"taxonomy":"product_brand","embeddable":true,"href":"https:\/\/diamant-strass-dmc.com\/da\/wp-json\/wp\/v2\/product_brand?post=46213"},{"taxonomy":"product_cat","embeddable":true,"href":"https:\/\/diamant-strass-dmc.com\/da\/wp-json\/wp\/v2\/product_cat?post=46213"}],"curies":[{"name":"wp","href":"https:\/\/api.w.org\/{rel}","templated":true}]}}