{"id":46189,"date":"2022-07-27T01:22:29","date_gmt":"2022-07-26T23:22:29","guid":{"rendered":"https:\/\/diamant-strass-dmc.com\/perles-broderie\/10-firkanter-lim-til-diamantbroderi\/"},"modified":"2024-09-16T15:10:14","modified_gmt":"2024-09-16T13:10:14","slug":"carres-colle-broderie-diamant","status":"publish","type":"product","link":"https:\/\/diamant-strass-dmc.com\/da\/perles-broderie\/carres-colle-broderie-diamant\/","title":{"rendered":"Limfirkanter til diamantmaling"},"content":{"rendered":"<p>Materialer: ler og silikone.<\/p>\n<p>Uundv\u00e6rlig til at fange diamanter.<\/p>\n<p>Tryk spidsen af den specielle pen p\u00e5 limkvadratet og derefter p\u00e5 den diamant, der skal fanges. Tryk derefter diamanten mod den selvkl\u00e6bende klud, tryk ned, og fjern pennen.<\/p>\n","protected":false},"excerpt":{"rendered":"<p style=\"display:none;\">ok<\/p>\n","protected":false},"featured_media":76584,"template":"","meta":{"footnotes":""},"product_brand":[],"product_cat":[7284,7176],"class_list":{"0":"post-46189","1":"product","2":"type-product","3":"status-publish","4":"has-post-thumbnail","6":"product_cat-promo-da","7":"product_cat-tilbehor","9":"first","10":"instock","11":"sale","12":"taxable","13":"shipping-taxable","14":"purchasable","15":"product-type-variable","16":"has-default-attributes"},"aioseo_notices":[],"_links":{"self":[{"href":"https:\/\/diamant-strass-dmc.com\/da\/wp-json\/wp\/v2\/product\/46189","targetHints":{"allow":["GET"]}}],"collection":[{"href":"https:\/\/diamant-strass-dmc.com\/da\/wp-json\/wp\/v2\/product"}],"about":[{"href":"https:\/\/diamant-strass-dmc.com\/da\/wp-json\/wp\/v2\/types\/product"}],"version-history":[{"count":2,"href":"https:\/\/diamant-strass-dmc.com\/da\/wp-json\/wp\/v2\/product\/46189\/revisions"}],"predecessor-version":[{"id":76858,"href":"https:\/\/diamant-strass-dmc.com\/da\/wp-json\/wp\/v2\/product\/46189\/revisions\/76858"}],"wp:featuredmedia":[{"embeddable":true,"href":"https:\/\/diamant-strass-dmc.com\/da\/wp-json\/wp\/v2\/media\/76584"}],"wp:attachment":[{"href":"https:\/\/diamant-strass-dmc.com\/da\/wp-json\/wp\/v2\/media?parent=46189"}],"wp:term":[{"taxonomy":"product_brand","embeddable":true,"href":"https:\/\/diamant-strass-dmc.com\/da\/wp-json\/wp\/v2\/product_brand?post=46189"},{"taxonomy":"product_cat","embeddable":true,"href":"https:\/\/diamant-strass-dmc.com\/da\/wp-json\/wp\/v2\/product_cat?post=46189"}],"curies":[{"name":"wp","href":"https:\/\/api.w.org\/{rel}","templated":true}]}}