{"id":17970,"date":"2020-12-29T02:28:10","date_gmt":"2021-04-08T06:43:09","guid":{"rendered":"https:\/\/diamant-strass-dmc.com\/perles-broderie\/diamanter-dmc-no-924-pearl-of-tahiti\/"},"modified":"2021-04-08T08:43:09","modified_gmt":"2021-04-08T06:43:09","slug":"taske-diamanter-dmc-924","status":"publish","type":"product","link":"https:\/\/diamant-strass-dmc.com\/da\/perles-broderie\/taske-diamanter-dmc-924\/","title":{"rendered":"Diamanter DMC No.924 (Pearl of Tahiti)"},"content":{"rendered":"<p>Pose med 200 <strong>diamanter Nr. 924<\/strong> (DMC kode) <strong>runde eller firkantede.<\/strong><br \/>\nFarve: <strong>Tahiti-perle<\/strong><br \/>\nFarve familie: <strong>Bl\u00e5 Bl\u00e5 Gr\u00e5<\/strong><br \/>\nH\u00f8j kvalitet akryl strass.<br \/>\n<strong>Standardst\u00f8rrelse<\/strong> (firkanter: 2,5 mm, rund: 2,8 mm).<\/p>\n","protected":false},"excerpt":{"rendered":"[widget id=\"advanced_text-2\"]\n","protected":false},"featured_media":94331,"template":"","meta":{"footnotes":""},"product_brand":[],"product_cat":[1245],"class_list":{"0":"post-17970","1":"product","2":"type-product","3":"status-publish","4":"has-post-thumbnail","6":"product_cat-sort-og-gra","8":"first","9":"instock","10":"sale","11":"taxable","12":"shipping-taxable","13":"purchasable","14":"product-type-variable","15":"has-default-attributes"},"aioseo_notices":[],"_links":{"self":[{"href":"https:\/\/diamant-strass-dmc.com\/da\/wp-json\/wp\/v2\/product\/17970","targetHints":{"allow":["GET"]}}],"collection":[{"href":"https:\/\/diamant-strass-dmc.com\/da\/wp-json\/wp\/v2\/product"}],"about":[{"href":"https:\/\/diamant-strass-dmc.com\/da\/wp-json\/wp\/v2\/types\/product"}],"version-history":[{"count":0,"href":"https:\/\/diamant-strass-dmc.com\/da\/wp-json\/wp\/v2\/product\/17970\/revisions"}],"wp:featuredmedia":[{"embeddable":true,"href":"https:\/\/diamant-strass-dmc.com\/da\/wp-json\/wp\/v2\/media\/94331"}],"wp:attachment":[{"href":"https:\/\/diamant-strass-dmc.com\/da\/wp-json\/wp\/v2\/media?parent=17970"}],"wp:term":[{"taxonomy":"product_brand","embeddable":true,"href":"https:\/\/diamant-strass-dmc.com\/da\/wp-json\/wp\/v2\/product_brand?post=17970"},{"taxonomy":"product_cat","embeddable":true,"href":"https:\/\/diamant-strass-dmc.com\/da\/wp-json\/wp\/v2\/product_cat?post=17970"}],"curies":[{"name":"wp","href":"https:\/\/api.w.org\/{rel}","templated":true}]}}