{"id":14537,"date":"2020-12-29T02:27:58","date_gmt":"2021-04-08T06:30:24","guid":{"rendered":"https:\/\/diamant-strass-dmc.com\/perles-broderie\/dmc-diamonds-no-747-blaahavstaage\/"},"modified":"2021-04-08T08:30:24","modified_gmt":"2021-04-08T06:30:24","slug":"taske-diamanter-dmc-747","status":"publish","type":"product","link":"https:\/\/diamant-strass-dmc.com\/da\/perles-broderie\/taske-diamanter-dmc-747\/","title":{"rendered":"Drills DMC n\u00b0747 (Bl\u00e5havst\u00e5ge)"},"content":{"rendered":"<p>Pose med 200 <strong>diamanter No.747<\/strong> (DMC kode) <strong>runde eller firkantede.<\/strong><br \/>\nFarve: <strong>Bl\u00e5 havt\u00e5ge<\/strong><br \/>\nFarve familie: <strong>Bl\u00e5 Bl\u00e5 Gr\u00e5<\/strong><br \/>\nH\u00f8j kvalitet akryl strass.<br \/>\n<strong>Standardst\u00f8rrelse<\/strong> (firkanter: 2,5 mm, rund: 2,8 mm).<\/p>\n","protected":false},"excerpt":{"rendered":"[widget id=\"advanced_text-2\"]\n","protected":false},"featured_media":92321,"template":"","meta":{"footnotes":""},"product_brand":[],"product_cat":[573],"class_list":{"0":"post-14537","1":"product","2":"type-product","3":"status-publish","4":"has-post-thumbnail","6":"product_cat-bla","8":"first","9":"instock","10":"sale","11":"taxable","12":"shipping-taxable","13":"purchasable","14":"product-type-variable","15":"has-default-attributes"},"aioseo_notices":[],"_links":{"self":[{"href":"https:\/\/diamant-strass-dmc.com\/da\/wp-json\/wp\/v2\/product\/14537","targetHints":{"allow":["GET"]}}],"collection":[{"href":"https:\/\/diamant-strass-dmc.com\/da\/wp-json\/wp\/v2\/product"}],"about":[{"href":"https:\/\/diamant-strass-dmc.com\/da\/wp-json\/wp\/v2\/types\/product"}],"version-history":[{"count":0,"href":"https:\/\/diamant-strass-dmc.com\/da\/wp-json\/wp\/v2\/product\/14537\/revisions"}],"wp:featuredmedia":[{"embeddable":true,"href":"https:\/\/diamant-strass-dmc.com\/da\/wp-json\/wp\/v2\/media\/92321"}],"wp:attachment":[{"href":"https:\/\/diamant-strass-dmc.com\/da\/wp-json\/wp\/v2\/media?parent=14537"}],"wp:term":[{"taxonomy":"product_brand","embeddable":true,"href":"https:\/\/diamant-strass-dmc.com\/da\/wp-json\/wp\/v2\/product_brand?post=14537"},{"taxonomy":"product_cat","embeddable":true,"href":"https:\/\/diamant-strass-dmc.com\/da\/wp-json\/wp\/v2\/product_cat?post=14537"}],"curies":[{"name":"wp","href":"https:\/\/api.w.org\/{rel}","templated":true}]}}