{"id":13443,"date":"2020-12-29T02:27:55","date_gmt":"2021-04-08T06:24:00","guid":{"rendered":"https:\/\/diamant-strass-dmc.com\/perles-broderie\/diamanter-dmc-no-702-groenne-graesstraa\/"},"modified":"2021-04-08T08:24:00","modified_gmt":"2021-04-08T06:24:00","slug":"taske-diamanter-dmc-702","status":"publish","type":"product","link":"https:\/\/diamant-strass-dmc.com\/da\/perles-broderie\/taske-diamanter-dmc-702\/","title":{"rendered":"Diamanter DMC No.702 (gr\u00f8nne gr\u00e6sstr\u00e5)"},"content":{"rendered":"<p>Pose med 200 <strong>diamanter Nr. 702<\/strong> (DMC kode) <strong>runde eller firkantede.<\/strong><br \/>Farve: <strong>gr\u00f8nt gr\u00e6sstr\u00e5<\/strong><br \/>Farve familie: <strong>varieret gr\u00f8n<\/strong><br \/>H\u00f8j kvalitet akryl strass.<br \/><strong>Standardst\u00f8rrelse<\/strong> (firkanter: 2,5 mm, rund: 2,8 mm).<\/p>\n","protected":false},"excerpt":{"rendered":"[widget id=\"advanced_text-2\"]\n","protected":false},"featured_media":95247,"template":"","meta":{"footnotes":""},"product_brand":[],"product_cat":[737],"class_list":{"0":"post-13443","1":"product","2":"type-product","3":"status-publish","4":"has-post-thumbnail","6":"product_cat-gron","8":"first","9":"instock","10":"sale","11":"taxable","12":"shipping-taxable","13":"purchasable","14":"product-type-variable","15":"has-default-attributes"},"aioseo_notices":[],"_links":{"self":[{"href":"https:\/\/diamant-strass-dmc.com\/da\/wp-json\/wp\/v2\/product\/13443","targetHints":{"allow":["GET"]}}],"collection":[{"href":"https:\/\/diamant-strass-dmc.com\/da\/wp-json\/wp\/v2\/product"}],"about":[{"href":"https:\/\/diamant-strass-dmc.com\/da\/wp-json\/wp\/v2\/types\/product"}],"version-history":[{"count":0,"href":"https:\/\/diamant-strass-dmc.com\/da\/wp-json\/wp\/v2\/product\/13443\/revisions"}],"wp:featuredmedia":[{"embeddable":true,"href":"https:\/\/diamant-strass-dmc.com\/da\/wp-json\/wp\/v2\/media\/95247"}],"wp:attachment":[{"href":"https:\/\/diamant-strass-dmc.com\/da\/wp-json\/wp\/v2\/media?parent=13443"}],"wp:term":[{"taxonomy":"product_brand","embeddable":true,"href":"https:\/\/diamant-strass-dmc.com\/da\/wp-json\/wp\/v2\/product_brand?post=13443"},{"taxonomy":"product_cat","embeddable":true,"href":"https:\/\/diamant-strass-dmc.com\/da\/wp-json\/wp\/v2\/product_cat?post=13443"}],"curies":[{"name":"wp","href":"https:\/\/api.w.org\/{rel}","templated":true}]}}