{"id":63108,"date":"2023-10-27T23:25:44","date_gmt":"2023-10-27T21:25:44","guid":{"rendered":"https:\/\/diamant-strass-dmc.com\/levering-retur-udveksling\/"},"modified":"2026-01-04T02:42:27","modified_gmt":"2026-01-04T01:42:27","slug":"levering-retur-udveksling","status":"publish","type":"page","link":"https:\/\/diamant-strass-dmc.com\/da\/levering-retur-udveksling\/","title":{"rendered":"Levering, returnering og ombytning"},"content":{"rendered":"<p>De produkter, der tilbydes p\u00e5 Diamant-Strass-DMC.com&#8217;s hjemmeside, opbevares p\u00e5 lageret i Frankrig.<\/p>\n<h2 style=\"margin-top: 50px;\">Forsendelse og levering<\/h2>\n<p>Ordrer afsendes inden for 24 timer efter, at ordren er afgivet.<\/p>\n<p>De sendes som almindeligt brev, brev med sporing eller Colissimo (La Poste i Frankrig) eller med Mondial Relay, afh\u00e6ngigt af forsendelsernes antal og v\u00e6gt.<\/p>\n<p>Leveringstiden er 3 arbejdsdage for Frankrig og 4 til 10 arbejdsdage for andre lande, eksklusive eventuelle forsinkelser fra La Poste eller Mondial Relay uden for Diamant-Strass-DMC.com&#8217;s kontrol. Denne leveringstid beregnes p\u00e5 hvert produktark i henhold til kundens forbindelsesland og angives derefter p\u00e5 ordrebekr\u00e6ftelsessiden i henhold til det land, der er indtastet som leveringsadresse.<\/p>\n<p>Kun ordrer med en minimumsv\u00e6rdi sendes med sporing. Dette bel\u00f8b er 15\u20ac for en forsendelse til Frankrig og 20\u20ac for en forsendelse til et andet land. Sporingsnummeret gives til k\u00f8beren i e-mailen med bekr\u00e6ftelse af forsendelsen. Hvis ordren blev betalt i en anden valuta end euro, tages der hensyn til valutakursen for denne valuta p\u00e5 bestillingsdagen ved omregning til et bel\u00f8b p\u00e5 15 \u20ac eller 20 \u20ac.<\/p>\n<h2 style=\"margin-top: 50px;\">Forsinkelse og skader<\/h2>\n<p>Hvis postv\u00e6senets forsinkelse overstiger 3 arbejdsdage for Frankrig eller 5 arbejdsdage for de andre lande, forpligter Diamant-Strass-DMC.com sig til at sende ordren igen med et sporingsnummer, der meddeles k\u00f8beren.<\/p>\n<p>Hvis leveringstiden overstiger 20 dage fra bestillingsdatoen, kan salgskontrakten annulleres, og kunden f\u00e5r hele bel\u00f8bet refunderet. Det er ogs\u00e5 muligt at anmode Diamant-Strass-DMC.com om en \u00f8jeblikkelig genforsendelse af den forsinkede eller mistede ordre.<\/p>\n<p>I tilf\u00e6lde af skader under transporten skal en begrundet reklamation sendes til Diamant-Strass-DMC.com inden for 3 dage efter levering med et fotografi p\u00e5 adressen contact@diamant-strass-dmc.com.<\/p>\n<h2 style=\"margin-top: 50px;\">Leveringszone<\/h2>\n<p>Diamant-Strass-DMC.com leverer til hele verden (ingen landebegr\u00e6nsninger), men visse former for pladskr\u00e6vende tilbeh\u00f8r kan kun sendes til EU-lande. Hvis et omfangsrigt tilbeh\u00f8r l\u00e6gges i kurven til et land uden for EU, er ordren teknisk umulig (en fejlmeddelelse vil angive dette for k\u00f8beren).<\/p>\n<h2 style=\"margin-top: 50px;\">Leveringshastigheder<\/h2>\n<p>Leveringsomkostningerne er udtrykkeligt angivet p\u00e5 siden med indk\u00f8bskurven og p\u00e5 siden med ordrebekr\u00e6ftelsen. De afh\u00e6nger af en r\u00e6kke faktorer, f.eks. v\u00e6gten af alle varerne.<\/p>\n<h2 style=\"margin-top: 50px;\">Feedback og diskussion<\/h2>\n<p>Produkter k\u00f8bt p\u00e5 Diamant-Strass-DMC.com-webstedet kan returneres inden for 30 dage efter k\u00f8bsdatoen for fuld refusion eller ombytning til en vare af samme v\u00e6rdi. Forsendelsesomkostninger for varer, der returneres til Diamant-Strass-DMC.com, er p\u00e5 kundens regning.<\/p>\n<p>Foresp\u00f8rgsler skal sendes til contact@diamant-strass-dmc.com med angivelse af ordrenummer.<\/p>\n<p>Returadressen er som f\u00f8lger<\/p>\n<p>DIAMANT STRASS DMC<br \/>\n570 RUE DE SOLESMES<br \/>\n59213 VENDEGIES SUR ECAILLON<br \/>\nFRANCE<\/p>\n<p>Varer, der returneres efter denne 30-dages periode, vil ikke blive refunderet eller ombyttet.<\/p>\n<p>Produkterne skal returneres rene og ubeskadigede. N\u00e5r det g\u00e6lder forseglede poser med diamanter, m\u00e5 de for eksempel ikke have v\u00e6ret \u00e5bnet.<\/p>\n","protected":false},"excerpt":{"rendered":"<p>De produkter, der tilbydes p\u00e5 Diamant-Strass-DMC.com&#8217;s hjemmeside, opbevares p\u00e5 lageret i Frankrig. Forsendelse og levering Ordrer afsendes inden for 24 timer efter, at ordren er afgivet. De sendes som almindeligt brev, brev med sporing eller Colissimo (La Poste i Frankrig) eller med Mondial Relay, afh\u00e6ngigt af forsendelsernes antal og v\u00e6gt. Leveringstiden er 3 arbejdsdage for [&hellip;]<\/p>\n","protected":false},"author":1,"featured_media":0,"parent":0,"menu_order":0,"comment_status":"closed","ping_status":"closed","template":"","meta":{"footnotes":""},"class_list":["post-63108","page","type-page","status-publish","hentry"],"blocksy_meta":[],"aioseo_notices":[],"_links":{"self":[{"href":"https:\/\/diamant-strass-dmc.com\/da\/wp-json\/wp\/v2\/pages\/63108","targetHints":{"allow":["GET"]}}],"collection":[{"href":"https:\/\/diamant-strass-dmc.com\/da\/wp-json\/wp\/v2\/pages"}],"about":[{"href":"https:\/\/diamant-strass-dmc.com\/da\/wp-json\/wp\/v2\/types\/page"}],"author":[{"embeddable":true,"href":"https:\/\/diamant-strass-dmc.com\/da\/wp-json\/wp\/v2\/users\/1"}],"replies":[{"embeddable":true,"href":"https:\/\/diamant-strass-dmc.com\/da\/wp-json\/wp\/v2\/comments?post=63108"}],"version-history":[{"count":6,"href":"https:\/\/diamant-strass-dmc.com\/da\/wp-json\/wp\/v2\/pages\/63108\/revisions"}],"predecessor-version":[{"id":125167,"href":"https:\/\/diamant-strass-dmc.com\/da\/wp-json\/wp\/v2\/pages\/63108\/revisions\/125167"}],"wp:attachment":[{"href":"https:\/\/diamant-strass-dmc.com\/da\/wp-json\/wp\/v2\/media?parent=63108"}],"curies":[{"name":"wp","href":"https:\/\/api.w.org\/{rel}","templated":true}]}}