{"id":26482,"date":"2021-04-09T09:53:16","date_gmt":"2021-04-09T07:53:16","guid":{"rendered":"https:\/\/diamant-strass-dmc.com\/politik-til-beskyttelse-af-personlige-oplysninger-2\/"},"modified":"2024-09-08T03:40:17","modified_gmt":"2024-09-08T01:40:17","slug":"privatlivspolitik","status":"publish","type":"page","link":"https:\/\/diamant-strass-dmc.com\/da\/privatlivspolitik\/","title":{"rendered":"Politik om beskyttelse af personlige oplysninger"},"content":{"rendered":"<p>Diamant-Strass-DMC.com l\u00e6gger s\u00e6rlig v\u00e6gt p\u00e5 beskyttelse og sikkerhed af sine brugeres personlige data og bankoplysninger.  <\/p>\n<h2 style=\"margin-top:50px;\">Forvaltning af bankdata<\/h2>\n<p>  Diamant-Strass-DMC.com gemmer eller indsamler ikke noget kreditkortnummer, der er indtastet af brugeren, og har ikke adgang til disse oplysninger.<br \/>\nDisse oplysninger overf\u00f8res sikkert og krypteret af de betalingstjenesteudbydere, der er udpeget af Diamant-Strass-DMC.com: <em>Stripe<\/em>, hvis k\u00f8beren har valgt indstillingen &#8220;Betaling med kreditkort&#8221; og <em>PayPal <\/em>, hvis k\u00f8beren har valgt indstillingen &#8220;Betaling via PayPal&#8221;.<br \/>\nAndre betalingsplatforme er udtrykkeligt angivet p\u00e5 ordrebekr\u00e6ftelsessiden.   N\u00e5r transaktionen er gennemf\u00f8rt, informerer disse betalingsudbydere Diamant-Strass-DMC.com om, hvorvidt betalingen er lykkedes eller mislykkedes, og videregiver ikke andre oplysninger. Disse platforme er de mest anvendte af handelssteder og garanterer sikre transaktioner samt umuligheden for nogen at f\u00e5 adgang til bankoplysninger, hvis Diamant-Strass-DMC.com-webstedet skulle blive hacket, da det ikke gemmer nogen bankoplysninger.  <\/p>\n<h2 style=\"margin-top:50px;\">Forvaltning af andre personoplysninger<\/h2>\n<p>  Ingen personlige oplysninger om brugeren af webstedet Diamant-Strass-DMC.com offentligg\u00f8res uden brugerens viden, udveksles, overf\u00f8res, overdrages eller s\u00e6lges p\u00e5 noget som helst medium til tredjeparter. Kun overtagelsen af k\u00f8bet af webstedet Diamant-Strass-DMC.com og dets rettigheder giver DLP Web, udgiver af webstedet Diamant-Strass-DMC.com, tilladelse til at overf\u00f8re de n\u00e6vnte oplysninger til den eventuelle k\u00f8ber, som igen vil v\u00e6re bundet af den samme forpligtelse til at bevare og \u00e6ndre dataene over for brugeren af webstedet Diamant-Strass-DMC.com. I Frankrig er personoplysninger is\u00e6r beskyttet af den franske lov nr. 78-87 af 6. januar 1978, den franske lov nr. 2004-801 af 6. august 2004, artikel L. 226-13 i straffeloven og det europ\u00e6iske direktiv af 24. oktober 1995.<br \/>\nP\u00e5 webstedet Diamant-Strass-DMC.com indsamles data vedr\u00f8rende brugeren i overensstemmelse med artikel 4 i den franske lov nr. 78-17 af 6. januar 1978 kun med henblik p\u00e5 den service, der tilbydes af webstedet, dvs. behandling af ordrer.  Brugeren giver disse oplysninger med fuldt kendskab til de faktiske omst\u00e6ndigheder, navnlig n\u00e5r han\/hun selv indtaster dem. Brugeren af Diamant-Strass-DMC.com-webstedet informeres derefter om, hvorvidt han\/hun skal give disse oplysninger eller ej. I overensstemmelse med bestemmelserne i artikel 38 ff. i den franske databeskyttelseslov 78-17 af 6. januar 1978 har alle brugere ret til at f\u00e5 adgang til, rette, slette og g\u00f8re indsigelse mod alle personlige data vedr\u00f8rende dem.<br \/>\nFor at ud\u00f8ve denne ret skal du sende din anmodning til Diamant-Strass-DMC.com via e-mail til contact@diamant-strass-dmc.com.<br \/>\nDatabaser er beskyttet af bestemmelserne i loven af 1. juli 1998 om gennemf\u00f8relse af det franske direktiv 96\/9 af 11. marts 1996 om retlig beskyttelse af databaser.    <\/p>\n<style><!-- br { content: \" \";display: block;font-size: 100%;height: 2em; } --><\/style>\n","protected":false},"excerpt":{"rendered":"<p>Diamant-Strass-DMC.com l\u00e6gger s\u00e6rlig v\u00e6gt p\u00e5 beskyttelse og sikkerhed af sine brugeres personlige data og bankoplysninger. Forvaltning af bankdata Diamant-Strass-DMC.com gemmer eller indsamler ikke noget kreditkortnummer, der er indtastet af brugeren, og har ikke adgang til disse oplysninger. Disse oplysninger overf\u00f8res sikkert og krypteret af de betalingstjenesteudbydere, der er udpeget af Diamant-Strass-DMC.com: Stripe, hvis k\u00f8beren har [&hellip;]<\/p>\n","protected":false},"author":1,"featured_media":0,"parent":0,"menu_order":0,"comment_status":"closed","ping_status":"closed","template":"template-fullwidth.php","meta":{"footnotes":""},"class_list":["post-26482","page","type-page","status-publish","hentry"],"blocksy_meta":[],"aioseo_notices":[],"_links":{"self":[{"href":"https:\/\/diamant-strass-dmc.com\/da\/wp-json\/wp\/v2\/pages\/26482","targetHints":{"allow":["GET"]}}],"collection":[{"href":"https:\/\/diamant-strass-dmc.com\/da\/wp-json\/wp\/v2\/pages"}],"about":[{"href":"https:\/\/diamant-strass-dmc.com\/da\/wp-json\/wp\/v2\/types\/page"}],"author":[{"embeddable":true,"href":"https:\/\/diamant-strass-dmc.com\/da\/wp-json\/wp\/v2\/users\/1"}],"replies":[{"embeddable":true,"href":"https:\/\/diamant-strass-dmc.com\/da\/wp-json\/wp\/v2\/comments?post=26482"}],"version-history":[{"count":2,"href":"https:\/\/diamant-strass-dmc.com\/da\/wp-json\/wp\/v2\/pages\/26482\/revisions"}],"predecessor-version":[{"id":76179,"href":"https:\/\/diamant-strass-dmc.com\/da\/wp-json\/wp\/v2\/pages\/26482\/revisions\/76179"}],"wp:attachment":[{"href":"https:\/\/diamant-strass-dmc.com\/da\/wp-json\/wp\/v2\/media?parent=26482"}],"curies":[{"name":"wp","href":"https:\/\/api.w.org\/{rel}","templated":true}]}}