{"id":26400,"date":"2021-04-08T14:15:20","date_gmt":"2021-04-08T12:15:20","guid":{"rendered":"https:\/\/diamant-strass-dmc.com\/juridiske\/"},"modified":"2024-09-08T03:40:10","modified_gmt":"2024-09-08T01:40:10","slug":"juridiske-meddelelser","status":"publish","type":"page","link":"https:\/\/diamant-strass-dmc.com\/da\/juridiske-meddelelser\/","title":{"rendered":"Juridiske oplysninger"},"content":{"rendered":"<p style=\"text-align: left;\">I overensstemmelse med bestemmelserne i artikel 6-III og 19 i den franske lov nr. 2004-575 af 21. juni 2004 om tillid til den digitale \u00f8konomi, kendt som L.C.E.N., g\u00f8r vi brugere og bes\u00f8gende p\u00e5 webstedet diamant-strass-dmc.com opm\u00e6rksom p\u00e5 f\u00f8lgende oplysninger:<\/p>\n<h2 style=\"margin-top:50px;\">1. Juridiske oplysninger<\/h2>\n<p>  Ejeren, skaberen af webstedet og publikationsadministratoren er DPL Web, hvis registrerede kontor ligger p\u00e5 570 rue de Solesmes 59213 Vendegies-sur-\u00c9caillon (Frankrig), SIRET-nummer <strong>50778378500052<\/strong> og RCS-nummer <strong>Douai A 507 783 785<\/strong> <strong>.<\/strong><br \/>\nE-mailadressen til webstedet diamant-strass-dmc.com er contact@diamant-strass-dmc.com .<br \/>\nWebstedets v\u00e6rt er: OVH, hvis adresse er 2 Rue Kellermann 59100 Roubaix (Frankrig).    <\/p>\n<h2 style=\"margin-top:50px;\">2. Pr\u00e6sentation og princip<\/h2>\n<p>  Er betegnet i det f\u00f8lgende: Bruger, enhver internetbruger, der opretter forbindelse til og bruger ovenn\u00e6vnte websted: diamant-strass-dmc.com. Webstedet diamant-strass-dmc.com samler en hel r\u00e6kke tjenester, i staten, stillet til r\u00e5dighed for brugerne. Her er det pr\u00e6ciseret, at sidstn\u00e6vnte skal v\u00e6re h\u00f8flig og vise god tro b\u00e5de over for de andre brugere og over for webmasteren af webstedet diamant-strass-dmc.com. Webstedet diamant-strass-dmc.com opdateres regelm\u00e6ssigt af DPL Web, som bestr\u00e6ber sig p\u00e5 at give s\u00e5 n\u00f8jagtige oplysninger som muligt (med forbehold af \u00e6ndringer, der er foretaget siden oprettelsen), men kan ikke garantere n\u00f8jagtigheden, fuldst\u00e6ndigheden og aktualiteten af de oplysninger, der formidles p\u00e5 webstedet, uanset om det er DPL Web selv eller tredjepartspartnere, der leverer disse oplysninger. Derfor anerkender brugerne, at de bruger disse oplysninger (som er vejledende, ikke-udt\u00f8mmende og kan \u00e6ndres) p\u00e5 eget ansvar.  <\/p>\n<h2 style=\"margin-top:50px;\">3. Tilg\u00e6ngelighed<\/h2>\n<p>  Webstedet diamant-strass-dmc.com er i princippet tilg\u00e6ngeligt for brugerne 24 timer i d\u00f8gnet, 7 dage om ugen, undtagen i tilf\u00e6lde af afbrydelse, uanset om det er planlagt eller ej, til vedligeholdelsesform\u00e5l eller i tilf\u00e6lde af force majeure. I tilf\u00e6lde af manglende adgang til tjenesten forpligter diamant-strass-dmc.com sig til at g\u00f8re sit yderste for at genoprette adgangen til tjenesten og vil bestr\u00e6be sig p\u00e5 at meddele datoerne og tidspunkterne for indgrebet til brugerne p\u00e5 forh\u00e5nd. Da diamant-strass-dmc.com kun er underlagt en forpligtelse til midler, kan diamant-strass-dmc.com ikke holdes ansvarlig for nogen skade, uanset dens art, som f\u00f8lge af tjenestens utilg\u00e6ngelighed.  <\/p>\n<h2 style=\"margin-top:50px;\">4. Intellektuel ejendom<\/h2>\n<p>  DPL Web er den eksklusive ejer af alle intellektuelle ejendomsrettigheder eller har brugsrettighederne til alle de elementer, der er tilg\u00e6ngelige p\u00e5 webstedet, s\u00e5vel p\u00e5 strukturen som p\u00e5 tekster, billeder, grafik, logoer, ikoner, lyde, software. Enhver total eller delvis gengivelse af webstedet diamant-strass-dmc.com, repr\u00e6sentation, \u00e6ndring, offentligg\u00f8relse, total eller delvis tilpasning af nogen af disse elementer, uanset hvilke midler eller processer der anvendes, er forbudt, undtagen forudg\u00e5ende skriftlig tilladelse fra DPL Web, ejer, via e-mail (contact@diamant-strass-dmc.com).<br \/>\nManglende overholdelse af dette vil blive betragtet som en overtr\u00e6delse og kan retsforf\u00f8lges i overensstemmelse med bestemmelserne i artikel L.335-2 ff. i den franske lov om intellektuel ejendomsret.   <\/p>\n<h2 style=\"margin-top:50px;\">5. Hyperlinks<\/h2>\n<p>  Webstedet diamant-strass-dmc.com indeholder en r\u00e6kke hypertekstlinks til andre websteder (partnere, information osv.), der er oprettet med tilladelse fra DPL Web. Vi er dog ikke i stand til at kontrollere hele indholdet af de websteder, der bes\u00f8ges p\u00e5 denne m\u00e5de, og frasiger os derfor ethvert ansvar for eventuelle risici for ulovligt indhold.  <\/p>\n<h2 style=\"margin-top:50px;\">6. Beskyttelse af ejendom og personer &#8211; forvaltning af personoplysninger<\/h2>\n<p>  I Frankrig er personoplysninger beskyttet af den franske lov nr. 78-87 af 6. januar 1978, den franske lov nr. 2004-801 af 6. august 2004, artikel L. 226-13 i den franske straffelov og det europ\u00e6iske direktiv af 24. oktober 1995.<br \/>\nP\u00e5 webstedet diamant-strass-dmc.com indsamler DPL Web kun personlige oplysninger (i overensstemmelse med artikel 4 i den franske lov nr. 78-17 af 6. januar 1978) vedr\u00f8rende brugeren med henblik p\u00e5 visse tjenester, der tilbydes af webstedet diamant-strass-dmc.com.  Brugeren giver disse oplysninger med fuldt kendskab til de faktiske omst\u00e6ndigheder, navnlig n\u00e5r han\/hun selv indtaster dem. Det er derefter specificeret til brugeren af webstedet diamant-strass-dmc.com forpligtelsen eller ej til at give disse oplysninger. I overensstemmelse med bestemmelserne i artikel 38 ff. i den franske databeskyttelseslov 78-17 af 6. januar 1978 har alle brugere ret til at f\u00e5 adgang til, rette, slette og g\u00f8re indsigelse mod alle personlige data vedr\u00f8rende dem.<br \/>\nFor at ud\u00f8ve denne ret skal du sende din anmodning via e-mail til contact@diamant-strass-dmc.com.  Ingen personlige oplysninger om brugeren af webstedet diamant-strass-dmc.com offentligg\u00f8res uden brugerens viden, udveksles, overf\u00f8res, afgives eller s\u00e6lges p\u00e5 en uspecificeret st\u00f8tte med tredjemand. Kun hvis der er tale om et k\u00f8b af diamant-strass-dmc.com-webstedet og dets rettigheder, giver DPL Web tilladelse til at videregive de n\u00e6vnte oplysninger til den endelige k\u00f8ber, som til geng\u00e6ld er bundet af den samme forpligtelse til at bevare og \u00e6ndre oplysningerne i forhold til brugeren af diamant-strass-dmc.com-webstedet. Diamant-Strass-DMC.com gemmer eller indsamler ikke noget kreditkortnummer, der er indtastet af brugeren, og har ikke teknisk adgang til disse oplysninger.<br \/>\nDatabaser er beskyttet af bestemmelserne i loven af 1. juli 1998, der gennemf\u00f8rer det franske direktiv 96\/9 af 11. marts 1996 om retlig beskyttelse af databaser.   <\/p>\n<style><!-- br { content: \" \";display: block;font-size: 100%;height: 2em; } --><\/style>\n","protected":false},"excerpt":{"rendered":"<p>I overensstemmelse med bestemmelserne i artikel 6-III og 19 i den franske lov nr. 2004-575 af 21. juni 2004 om tillid til den digitale \u00f8konomi, kendt som L.C.E.N., g\u00f8r vi brugere og bes\u00f8gende p\u00e5 webstedet diamant-strass-dmc.com opm\u00e6rksom p\u00e5 f\u00f8lgende oplysninger: 1. Juridiske oplysninger Ejeren, skaberen af webstedet og publikationsadministratoren er DPL Web, hvis registrerede kontor [&hellip;]<\/p>\n","protected":false},"author":1,"featured_media":0,"parent":0,"menu_order":0,"comment_status":"closed","ping_status":"closed","template":"template-fullwidth.php","meta":{"footnotes":""},"class_list":["post-26400","page","type-page","status-publish","hentry"],"blocksy_meta":[],"aioseo_notices":[],"_links":{"self":[{"href":"https:\/\/diamant-strass-dmc.com\/da\/wp-json\/wp\/v2\/pages\/26400","targetHints":{"allow":["GET"]}}],"collection":[{"href":"https:\/\/diamant-strass-dmc.com\/da\/wp-json\/wp\/v2\/pages"}],"about":[{"href":"https:\/\/diamant-strass-dmc.com\/da\/wp-json\/wp\/v2\/types\/page"}],"author":[{"embeddable":true,"href":"https:\/\/diamant-strass-dmc.com\/da\/wp-json\/wp\/v2\/users\/1"}],"replies":[{"embeddable":true,"href":"https:\/\/diamant-strass-dmc.com\/da\/wp-json\/wp\/v2\/comments?post=26400"}],"version-history":[{"count":2,"href":"https:\/\/diamant-strass-dmc.com\/da\/wp-json\/wp\/v2\/pages\/26400\/revisions"}],"predecessor-version":[{"id":76161,"href":"https:\/\/diamant-strass-dmc.com\/da\/wp-json\/wp\/v2\/pages\/26400\/revisions\/76161"}],"wp:attachment":[{"href":"https:\/\/diamant-strass-dmc.com\/da\/wp-json\/wp\/v2\/media?parent=26400"}],"curies":[{"name":"wp","href":"https:\/\/api.w.org\/{rel}","templated":true}]}}