{"id":26336,"date":"2021-04-08T10:38:19","date_gmt":"2021-04-08T08:38:19","guid":{"rendered":"https:\/\/diamant-strass-dmc.com\/salgsbetingelser\/"},"modified":"2025-03-02T02:54:58","modified_gmt":"2025-03-02T01:54:58","slug":"cgv","status":"publish","type":"page","link":"https:\/\/diamant-strass-dmc.com\/da\/cgv\/","title":{"rendered":"Generelle salgsbetingelser og vilk\u00e5r"},"content":{"rendered":"<p>Disse brugsbetingelser indg\u00e5s af enhver fysisk eller juridisk person, der \u00f8nsker at foretage et k\u00f8b fra webstedet Diamant-Strass-DMC.com, i det f\u00f8lgende ben\u00e6vnt &#8220;k\u00f8beren&#8221;. Og p\u00e5 den anden side af Diamant-Strass-DMC.com, der udgives af DPL Web, hvis hjemsted er beliggende 570 rue de Solesmes 59213 Vendegies-sur-\u00c9caillon (Frankrig) og er registreret under SIRET-nummer <strong>50778378500000052<\/strong> og RCS <strong>Douai A 507 783 785<\/strong>, i det f\u00f8lgende ben\u00e6vnt Diamant-Strass-DMC.com.<\/p>\n<h2 style=\"margin-top: 50px;\">Form\u00e5l med disse betingelser<\/h2>\n<p>Form\u00e5let med disse salgsbetingelser er at definere de kontraktlige relationer mellem k\u00f8beren og Diamant-Strass-DMC.com og de betingelser, der g\u00e6lder for ethvert k\u00f8b, der foretages via Diamant-Strass-DMC.com&#8217;s e-handelswebsted, uanset om k\u00f8beren er en professionel eller privatperson. K\u00f8bet af en vare eller tjenesteydelse via webstedet Diamant-Strass-DMC.com er betinget af k\u00f8berens uforbeholdne accept af disse generelle salgsbetingelser.<\/p>\n<p>Disse generelle salgsbetingelser har forrang for alle andre generelle eller specifikke betingelser og vilk\u00e5r, som Diamant-Strass-DMC.com ikke udtrykkeligt har accepteret. Diamant-Strass-DMC.com forbeholder sig desuden ret til at \u00e6ndre sine salgsbetingelser til enhver tid. De g\u00e6ldende betingelser vil i s\u00e5 fald v\u00e6re dem, der er g\u00e6ldende p\u00e5 datoen for k\u00f8berens bestilling.<\/p>\n<h2 style=\"margin-top: 50px;\">Karakteristika for produkter, der tilbydes af Diamant-Strass-DMC.com<\/h2>\n<p>De tilbudte produkter er dem, der vises p\u00e5 hjemmesiden Diamant-Strass-DMC.com. Disse produkter er tilg\u00e6ngelige, s\u00e5 l\u00e6nge lager haves. <\/p>\n<h2 style=\"margin-top: 50px;\">Priser<\/h2>\n<p>De priser, der vises p\u00e5 webstedet Diamant-Strass-DMC.com, er inklusive alle afgifter: de tager h\u00f8jde for den g\u00e6ldende merv\u00e6rdiafgift (moms) p\u00e5 den dag, hvor ordren afgives. Enhver \u00e6ndring i momssatsen kan afspejles i priserne. Diamant-Strass-DMC.com forbeholder sig ret til at \u00e6ndre sine priser til enhver tid, idet det dog er underforst\u00e5et, at den pris, der er angivet p\u00e5 produktarkene p\u00e5 det tidspunkt, hvor ordren afgives, vil v\u00e6re den eneste pris, der g\u00e6lder for k\u00f8beren. De priser, der er angivet p\u00e5 produktarkene, omfatter ikke leveringsomkostninger. <\/p>\n<h2 style=\"margin-top: 50px;\">Bestilling p\u00e5 Diamant-Strass-DMC.com<\/h2>\n<p>K\u00f8bere, der \u00f8nsker at afgive en ordre, skal :<\/p>\n<ul>\n<li>Udfyld online-indk\u00f8bskurven med alle de produktreferencer, du har valgt;<\/li>\n<li>Udfyld identifikationsformularen med de \u00f8nskede kontaktoplysninger, eller log ind p\u00e5 din kundekonto, hvis du har en;<\/li>\n<li>Bekr\u00e6ft ordren ved at g\u00e5 videre til betaling, efter at du har kontrolleret den og accepteret disse generelle salgsbetingelser;<\/li>\n<\/ul>\n<p>Bekr\u00e6ftelse af ordren indeb\u00e6rer accept af disse generelle salgsbetingelser, anerkendelse af at have fuldt kendskab til dem og afkald p\u00e5 retten til at p\u00e5ber\u00e5be sig sine egne k\u00f8bsbetingelser eller andre betingelser. Alle de angivne data og den registrerede bekr\u00e6ftelse betragtes som bevis for transaktionen. Bekr\u00e6ftelsen betragtes som en underskrift og accept af de gennemf\u00f8rte operationer. S\u00e6lgeren sender en e-mail med bekr\u00e6ftelse p\u00e5, at ordren er registreret, efterfulgt af en bekr\u00e6ftelse p\u00e5, at ordren er afsendt, og eventuelt et sporingsnummer.<\/p>\n<h2 style=\"margin-top: 50px;\">Betalingsbetingelser<\/h2>\n<p>Prisen skal betales, n\u00e5r ordren afgives. K\u00f8bers konto debiteres med bel\u00f8bet for de bestilte produkter plus eventuelle leveringsomkostninger. <\/p>\n<p>De betalingsmetoder, der tilbydes p\u00e5 ordrebekr\u00e6ftelsessiden, bruger alle SSL-protokollen (Secure Socket Layer), hvilket betyder, at de overf\u00f8rte oplysninger er krypteret af software og ikke kan l\u00e6ses af nogen tredjepart under transport over netv\u00e6rket.<\/p>\n<p>Diamant-Strass-DMC.com gemmer eller indsamler ikke noget kreditkortnummer, der er indtastet af brugeren, og har ikke teknisk adgang til disse oplysninger.<\/p>\n<h2 style=\"margin-top: 50px;\">Levering og forsendelse<\/h2>\n<p>Alle produkter opbevares i Frankrig p\u00e5 Diamant-Strass-DMC.com&#8217;s lager.<\/p>\n<p>Ordrer afsendes inden for 24 timer efter, at ordren er afgivet.<\/p>\n<p>De sendes som almindeligt brev, brev med sporing eller Colissimo (La Poste i Frankrig) eller med Mondial Relay, afh\u00e6ngigt af forsendelsernes antal og v\u00e6gt.<\/p>\n<p>Leveringstiden er 3 arbejdsdage for Frankrig og 3 til 10 arbejdsdage for andre lande, eksklusive eventuelle forsinkelser fra La Poste eller Mondial Relay uden for Diamant-Strass-DMC.com&#8217;s kontrol. Denne leveringstid beregnes p\u00e5 hvert produktark i henhold til kundens forbindelsesland og angives derefter p\u00e5 ordrebekr\u00e6ftelsessiden i henhold til det land, der er indtastet som leveringsadresse. <\/p>\n<p>Kun ordrer med en minimumsv\u00e6rdi sendes med sporing. Dette bel\u00f8b er 15\u20ac for en forsendelse til Frankrig og 20\u20ac for en forsendelse til et andet land. Sporingsnummeret gives til k\u00f8beren i e-mailen med bekr\u00e6ftelse af forsendelsen. Hvis ordren blev betalt i en anden valuta end euro, tages der hensyn til valutakursen for denne valuta p\u00e5 bestillingsdagen ved omregning til et bel\u00f8b p\u00e5 15 \u20ac eller 20 \u20ac.   <\/p>\n<p>Hvis postv\u00e6senets forsinkelse overstiger 3 arbejdsdage for Frankrig eller 5 arbejdsdage for de andre lande, forpligter Diamant-Strass-DMC.com sig til at sende ordren igen med et sporingsnummer, der meddeles k\u00f8beren.<\/p>\n<p>Hvis leveringstiden overstiger 20 arbejdsdage fra ordredatoen, kan salgskontrakten oph\u00e6ves, og k\u00f8beren skal tilbagebetale bel\u00f8bet.<\/p>\n<h2 style=\"margin-top: 50px;\">Skader<\/h2>\n<p>I tilf\u00e6lde af skader under transporten skal en begrundet reklamation sendes til Diamant-Strass-DMC.com inden for 3 dage efter levering med et fotografi p\u00e5 adressen contact@diamant-strass-dmc.com.<\/p>\n<h2 style=\"margin-top: 50px;\">Feedback og diskussion<\/h2>\n<p>Produkter k\u00f8bt p\u00e5 Diamant-Strass-DMC.com-webstedet kan returneres inden for 30 dage efter k\u00f8bsdatoen for fuld refusion eller ombytning til en vare af samme v\u00e6rdi. Forsendelsesomkostninger for varer, der returneres til Diamant-Strass-DMC.com, er p\u00e5 kundens regning.<\/p>\n<p>Anmodninger skal sendes til diamant.strass@gmail.com med angivelse af ordrenummer.<\/p>\n<p>Returadressen er som f\u00f8lger<\/p>\n<p>DIAMANT STRASS DMC<br \/>\n570 RUE DE SOLESMES<br \/>\n59213 VENDEGIES SUR ECAILLON<br \/>\nFRANCE<\/p>\n<p>Varer, der returneres efter denne 30-dages periode, vil ikke blive refunderet eller ombyttet.<\/p>\n<p>Produkterne skal returneres rene og ubeskadigede. Forseglede diamantpakker m\u00e5 ikke have v\u00e6ret \u00e5bnet.<\/p>\n<h2 style=\"margin-top: 50px;\">Tilbagetr\u00e6kning<\/h2>\n<p>K\u00f8bere, der ikke er erhvervsdrivende, kan benytte sig af den fortrydelsesfrist, der er fastsat i deres lands lovgivning. For at ud\u00f8ve din fortrydelsesret bedes du underrette Diamant-Strass-DMC.com ved hj\u00e6lp af webstedets kontaktformular eller ved at sende en e-mail til contact@diamant-strass-dmc.com.<\/p>\n<p>Derefter skal produktet returneres til Diamant-Strass-DMC.com inden for 30 dage for at blive ombyttet eller refunderet uden straf, bortset fra forsendelsesomkostningerne for returforsendelsen, som kunden selv er ansvarlig for.<\/p>\n<p>Tilbagebetaling sker kun, hvis produktet og dets emballage er intakt (i tilf\u00e6lde af forseglede perleposer m\u00e5 de ikke have v\u00e6ret \u00e5bnet).<\/p>\n<h2 style=\"margin-top: 50px;\">S\u00e6lgers ansvar og intellektuel ejendomsret<\/h2>\n<p>S\u00e6lgeren er i forbindelse med onlinesalgsprocessen kun bundet af en forpligtelse til at anvende midler og kan ikke holdes ansvarlig for skader som f\u00f8lge af brugen af internetnettet, s\u00e5som tab af data, indtr\u00e6ngen, virus, nedbrud af tjenesten eller andre ufrivillige problemer.<\/p>\n<h2 style=\"margin-top: 50px;\">Intellektuel ejendomsret<\/h2>\n<p>Alle elementer p\u00e5 webstedet Diamant-Strass-DMC.com. er og forbliver Diamant-Strass-DMC.com&#8217;s eksklusive intellektuelle ejendomsret.<\/p>\n<p>Ingen har ret til at reproducere, udnytte, genudsende eller p\u00e5 nogen m\u00e5de, selv delvis, at anvende elementer fra webstedet, hvad enten det drejer sig om software, billeder eller lyd.<\/p>\n<h2 style=\"margin-top: 50px;\">Eftersalgsservice<\/h2>\n<p>Diamant-Strass-DMC.com&#8217;s eftersalgsservice kan f\u00e5s ved at sende en e-mail til contact@diamant-strass-dmc.com eller via kontaktformularen.<\/p>\n<h2 style=\"margin-top: 50px;\">Personlige oplysninger<\/h2>\n<p>I henhold til den franske lov om databeskyttelse af 6. januar 1978 kan personoplysninger vedr\u00f8rende k\u00f8bere behandles automatisk. Diamant-Strass-DMC.com forbeholder sig ret til at indsamle oplysninger om k\u00f8bere, herunder ved hj\u00e6lp af cookies, og, hvis det \u00f8nskes, at videregive de indsamlede oplysninger til kommercielle partnere. Ved at surfe p\u00e5 Diamant-Strass-DMC.com accepterer du indsamlingen og brugen af disse cookies.<\/p>\n<p>K\u00f8berne kan g\u00f8re indsigelse mod videregivelse af deres oplysninger ved at underrette Diamant-Strass-DMC.com. P\u00e5 samme m\u00e5de har brugerne ret til at f\u00e5 adgang til og rette oplysninger om dem i overensstemmelse med den franske lov af 6. januar 1978. Den automatiserede behandling af oplysninger, herunder forvaltningen af webstedets brugeres e-mailadresser, er blevet anmeldt (nr. 1787089) til den nationale kommission for informationsteknologi og frihed (CNIL).<\/p>\n<p>Som angivet ovenfor i afsnittet &#8220;betalingsmetoder&#8221; gemmer eller indsamler Diamant-Strass-DMC.com ikke noget kreditkortnummer, der er indtastet af brugeren, og har ikke teknisk adgang til disse oplysninger.<\/p>\n<h2 style=\"margin-top: 50px;\">Arkivering \/ bevismateriale<\/h2>\n<p>Diamant-Strass-DMC.com. arkiverer bestillingssedler og fakturaer p\u00e5 et p\u00e5lideligt og holdbart medium, der udg\u00f8r en tro kopi i overensstemmelse med bestemmelserne i artikel 1348 i den franske borgerlige lovbog. Diamant-Strass-DMC.com&#8217;s edb-registre betragtes af parterne som bevis for kommunikation, ordrer, betalinger og transaktioner mellem parterne.<\/p>\n<h2 style=\"margin-top: 50px;\">Bil\u00e6ggelse af tvister<\/h2>\n<p>Disse generelle salgsbetingelser er underlagt fransk lovgivning. I tilf\u00e6lde af en tvist tildeles jurisdiktion til de kompetente domstole i Paris i Frankrig, uanset flere sags\u00f8gte eller introduktion af tredjeparter.<\/p>\n","protected":false},"excerpt":{"rendered":"<p>Disse brugsbetingelser indg\u00e5s af enhver fysisk eller juridisk person, der \u00f8nsker at foretage et k\u00f8b fra webstedet Diamant-Strass-DMC.com, i det f\u00f8lgende ben\u00e6vnt &#8220;k\u00f8beren&#8221;. Og p\u00e5 den anden side af Diamant-Strass-DMC.com, der udgives af DPL Web, hvis hjemsted er beliggende 570 rue de Solesmes 59213 Vendegies-sur-\u00c9caillon (Frankrig) og er registreret under SIRET-nummer 50778378500000052 og RCS Douai [&hellip;]<\/p>\n","protected":false},"author":1,"featured_media":0,"parent":0,"menu_order":0,"comment_status":"closed","ping_status":"closed","template":"","meta":{"footnotes":""},"class_list":["post-26336","page","type-page","status-publish","hentry"],"blocksy_meta":[],"aioseo_notices":[],"_links":{"self":[{"href":"https:\/\/diamant-strass-dmc.com\/da\/wp-json\/wp\/v2\/pages\/26336","targetHints":{"allow":["GET"]}}],"collection":[{"href":"https:\/\/diamant-strass-dmc.com\/da\/wp-json\/wp\/v2\/pages"}],"about":[{"href":"https:\/\/diamant-strass-dmc.com\/da\/wp-json\/wp\/v2\/types\/page"}],"author":[{"embeddable":true,"href":"https:\/\/diamant-strass-dmc.com\/da\/wp-json\/wp\/v2\/users\/1"}],"replies":[{"embeddable":true,"href":"https:\/\/diamant-strass-dmc.com\/da\/wp-json\/wp\/v2\/comments?post=26336"}],"version-history":[{"count":3,"href":"https:\/\/diamant-strass-dmc.com\/da\/wp-json\/wp\/v2\/pages\/26336\/revisions"}],"predecessor-version":[{"id":84508,"href":"https:\/\/diamant-strass-dmc.com\/da\/wp-json\/wp\/v2\/pages\/26336\/revisions\/84508"}],"wp:attachment":[{"href":"https:\/\/diamant-strass-dmc.com\/da\/wp-json\/wp\/v2\/media?parent=26336"}],"curies":[{"name":"wp","href":"https:\/\/api.w.org\/{rel}","templated":true}]}}