{"id":26199,"date":"2021-04-08T09:21:46","date_gmt":"2021-04-08T07:21:46","guid":{"rendered":"https:\/\/diamant-strass-dmc.com\/kontakt-os\/"},"modified":"2025-02-14T20:27:56","modified_gmt":"2025-02-14T19:27:56","slug":"kontakt","status":"publish","type":"page","link":"https:\/\/diamant-strass-dmc.com\/da\/kontakt\/","title":{"rendered":"Kontakt os"},"content":{"rendered":"<p style=\"background: #FFC1C1; color: black; padding: 20px; border: 1px solid black;\">F\u00f8r du kontakter os, <span style=\"text-decoration: underline;\"><strong><a style=\"color: #01578b;\" href=\"\/da\/faq\/\">se denne side<\/a><\/strong><\/span> hvor vi besvarer de oftest stillede sp\u00f8rgsm\u00e5l.<\/p>\n<div class=\"wpforms-container wpforms-container-full\" id=\"wpforms-83506\"><form id=\"wpforms-form-83506\" class=\"wpforms-validate wpforms-form\" data-formid=\"83506\" method=\"post\" enctype=\"multipart\/form-data\" action=\"\/da\/wp-json\/wp\/v2\/pages\/26199\" data-token=\"d408e7b1c76ff6e4195df7e75a7d84bd\" data-token-time=\"1777435642\"><noscript class=\"wpforms-error-noscript\">Please enable JavaScript in your browser to complete this form.<\/noscript><div class=\"wpforms-field-container\"><div id=\"wpforms-83506-field_0-container\" class=\"wpforms-field wpforms-field-name\" data-field-id=\"0\"><label class=\"wpforms-field-label\" for=\"wpforms-83506-field_0\">Navn <span class=\"wpforms-required-label\">*<\/span><\/label><input type=\"text\" id=\"wpforms-83506-field_0\" class=\"wpforms-field-small wpforms-field-required\" name=\"wpforms[fields][0]\" required><\/div><div id=\"wpforms-83506-field_1-container\" class=\"wpforms-field wpforms-field-email\" data-field-id=\"1\"><label class=\"wpforms-field-label\" for=\"wpforms-83506-field_1\">E-mail <span class=\"wpforms-required-label\">*<\/span><\/label><input type=\"email\" id=\"wpforms-83506-field_1\" class=\"wpforms-field-small wpforms-field-required\" name=\"wpforms[fields][1]\" spellcheck=\"false\" required><\/div><div id=\"wpforms-83506-field_6-container\" class=\"wpforms-field wpforms-field-radio\" data-field-id=\"6\"><label class=\"wpforms-field-label\">Min anmodning vedr\u00f8rer : <span class=\"wpforms-required-label\">*<\/span><\/label><ul id=\"wpforms-83506-field_6\" class=\"wpforms-field-required\"><li class=\"choice-1 depth-1\"><input type=\"radio\" id=\"wpforms-83506-field_6_1\" name=\"wpforms[fields][6]\" value=\"Ordre ikke modtaget\" required ><label class=\"wpforms-field-label-inline\" for=\"wpforms-83506-field_6_1\">Ordre ikke modtaget<\/label><\/li><li class=\"choice-3 depth-1\"><input type=\"radio\" id=\"wpforms-83506-field_6_3\" name=\"wpforms[fields][6]\" value=\"Partnerskab\" required ><label class=\"wpforms-field-label-inline\" for=\"wpforms-83506-field_6_3\">Partnerskab<\/label><\/li><li class=\"choice-2 depth-1\"><input type=\"radio\" id=\"wpforms-83506-field_6_2\" name=\"wpforms[fields][6]\" value=\"Andet\" required ><label class=\"wpforms-field-label-inline\" for=\"wpforms-83506-field_6_2\">Andet<\/label><\/li><\/ul><\/div><div id=\"wpforms-83506-field_7-container\" class=\"wpforms-field wpforms-field-number\" data-field-id=\"7\"><label class=\"wpforms-field-label\" for=\"wpforms-83506-field_7\">Ordrenummer<\/label><input type=\"number\" id=\"wpforms-83506-field_7\" class=\"wpforms-field-small\" name=\"wpforms[fields][7]\" step=\"any\" ><\/div><div id=\"wpforms-83506-field_3-container\" class=\"wpforms-field wpforms-field-text\" data-field-id=\"3\"><label class=\"wpforms-field-label\" for=\"wpforms-83506-field_3\">Beskedens emne <span class=\"wpforms-required-label\">*<\/span><\/label><input type=\"text\" id=\"wpforms-83506-field_3\" class=\"wpforms-field-medium wpforms-field-required\" name=\"wpforms[fields][3]\" required><\/div><div id=\"wpforms-83506-field_2-container\" class=\"wpforms-field wpforms-field-textarea\" data-field-id=\"2\"><label class=\"wpforms-field-label\" for=\"wpforms-83506-field_2\">Meddelelse <span class=\"wpforms-required-label\">*<\/span><\/label><textarea id=\"wpforms-83506-field_2\" class=\"wpforms-field-medium wpforms-field-required\" name=\"wpforms[fields][2]\" required><\/textarea><\/div><\/div><!-- .wpforms-field-container --><div class=\"wpforms-recaptcha-container wpforms-is-recaptcha wpforms-is-recaptcha-type-invisible\" ><div class=\"g-recaptcha\" data-sitekey=\"6LfiZ_ckAAAAAE9VfN4q3CB4oUYnMzwDF9OFg1j0\" data-size=\"invisible\"><\/div><\/div><div class=\"wpforms-submit-container\" ><input type=\"hidden\" name=\"wpforms[id]\" value=\"83506\"><input type=\"hidden\" name=\"page_title\" value=\"\"><input type=\"hidden\" name=\"page_url\" value=\"https:\/\/diamant-strass-dmc.com\/da\/wp-json\/wp\/v2\/pages\/26199\"><input type=\"hidden\" name=\"url_referer\" value=\"\"><button type=\"submit\" name=\"wpforms[submit]\" id=\"wpforms-submit-83506\" class=\"wpforms-submit\" data-alt-text=\"Afsendelse i gang...\" data-submit-text=\"Send\" aria-live=\"assertive\" value=\"wpforms-submit\">Send<\/button><\/div><\/form><\/div>  <!-- .wpforms-container -->\n","protected":false},"excerpt":{"rendered":"<p>F\u00f8r du kontakter os, se denne side hvor vi besvarer de oftest stillede sp\u00f8rgsm\u00e5l.<\/p>\n","protected":false},"author":1,"featured_media":0,"parent":0,"menu_order":0,"comment_status":"closed","ping_status":"closed","template":"template-fullwidth.php","meta":{"footnotes":""},"class_list":["post-26199","page","type-page","status-publish","hentry"],"blocksy_meta":[],"aioseo_notices":[],"_links":{"self":[{"href":"https:\/\/diamant-strass-dmc.com\/da\/wp-json\/wp\/v2\/pages\/26199","targetHints":{"allow":["GET"]}}],"collection":[{"href":"https:\/\/diamant-strass-dmc.com\/da\/wp-json\/wp\/v2\/pages"}],"about":[{"href":"https:\/\/diamant-strass-dmc.com\/da\/wp-json\/wp\/v2\/types\/page"}],"author":[{"embeddable":true,"href":"https:\/\/diamant-strass-dmc.com\/da\/wp-json\/wp\/v2\/users\/1"}],"replies":[{"embeddable":true,"href":"https:\/\/diamant-strass-dmc.com\/da\/wp-json\/wp\/v2\/comments?post=26199"}],"version-history":[{"count":3,"href":"https:\/\/diamant-strass-dmc.com\/da\/wp-json\/wp\/v2\/pages\/26199\/revisions"}],"predecessor-version":[{"id":83511,"href":"https:\/\/diamant-strass-dmc.com\/da\/wp-json\/wp\/v2\/pages\/26199\/revisions\/83511"}],"wp:attachment":[{"href":"https:\/\/diamant-strass-dmc.com\/da\/wp-json\/wp\/v2\/media?parent=26199"}],"curies":[{"name":"wp","href":"https:\/\/api.w.org\/{rel}","templated":true}]}}